{"id":877,"date":"2020-08-04T10:09:26","date_gmt":"2020-08-04T08:09:26","guid":{"rendered":"http:\/\/www.lespucks.com\/?page_id=877"},"modified":"2024-02-28T14:29:05","modified_gmt":"2024-02-28T13:29:05","slug":"a-ecuelles","status":"publish","type":"page","link":"https:\/\/www.lespucks.com\/index.php\/a-ecuelles\/","title":{"rendered":"\u00e0 \u00c9cuelles"},"content":{"rendered":"<p>[et_pb_section fb_built=\u00a0\u00bb1&Prime; _builder_version=\u00a0\u00bb3.20.1&Prime;][et_pb_row _builder_version=\u00a0\u00bb3.20.1&Prime;][et_pb_column type=\u00a0\u00bb1_2&Prime; _builder_version=\u00a0\u00bb3.20.1&Prime;][et_pb_slider show_pagination=\u00a0\u00bboff\u00a0\u00bb _builder_version=\u00a0\u00bb3.20.1&Prime; animation_style=\u00a0\u00bbzoom\u00a0\u00bb animation_duration=\u00a0\u00bb2000ms\u00a0\u00bb auto=\u00a0\u00bbon\u00a0\u00bb auto_speed=\u00a0\u00bb10000&Prime; auto_ignore_hover=\u00a0\u00bbon\u00a0\u00bb][et_pb_slide _builder_version=\u00a0\u00bb3.20.1&Prime; background_color=\u00a0\u00bb#1f4f0f\u00a0\u00bb]<img loading=\"lazy\" decoding=\"async\" src=\"https:\/\/www.lespucks.com\/wp-content\/uploads\/2020\/08\/chapiteau-thomery-2.jpg\" alt=\"\" class=\"wp-image-1031 alignnone size-full\" width=\"591\" height=\"827\" srcset=\"https:\/\/www.lespucks.com\/wp-content\/uploads\/2020\/08\/chapiteau-thomery-2.jpg 591w, https:\/\/www.lespucks.com\/wp-content\/uploads\/2020\/08\/chapiteau-thomery-2-214x300.jpg 214w\" sizes=\"(max-width: 591px) 100vw, 591px\" \/>[\/et_pb_slide][et_pb_slide _builder_version=\u00a0\u00bb3.20.1&Prime; background_color=\u00a0\u00bb#1f4f0f\u00a0\u00bb]<img loading=\"lazy\" decoding=\"async\" src=\"https:\/\/www.lespucks.com\/wp-content\/uploads\/2020\/08\/chapiteau-thomery-4.jpg\" alt=\"\" class=\"wp-image-1033 alignnone size-full\" width=\"591\" height=\"827\" srcset=\"https:\/\/www.lespucks.com\/wp-content\/uploads\/2020\/08\/chapiteau-thomery-4.jpg 591w, https:\/\/www.lespucks.com\/wp-content\/uploads\/2020\/08\/chapiteau-thomery-4-214x300.jpg 214w\" sizes=\"(max-width: 591px) 100vw, 591px\" \/>[\/et_pb_slide][et_pb_slide _builder_version=\u00a0\u00bb3.20.1&Prime; background_color=\u00a0\u00bb#1f4f0f\u00a0\u00bb]<img loading=\"lazy\" decoding=\"async\" src=\"https:\/\/www.lespucks.com\/wp-content\/uploads\/2020\/08\/chapiteau-thomery-1.jpg\" alt=\"\" class=\"wp-image-883 alignnone size-full\" width=\"591\" height=\"709\" srcset=\"https:\/\/www.lespucks.com\/wp-content\/uploads\/2020\/08\/chapiteau-thomery-1.jpg 591w, https:\/\/www.lespucks.com\/wp-content\/uploads\/2020\/08\/chapiteau-thomery-1-250x300.jpg 250w\" sizes=\"(max-width: 591px) 100vw, 591px\" \/>[\/et_pb_slide][et_pb_slide _builder_version=\u00a0\u00bb3.20.1&Prime; background_color=\u00a0\u00bb#1f4f0f\u00a0\u00bb]<img loading=\"lazy\" decoding=\"async\" src=\"https:\/\/www.lespucks.com\/wp-content\/uploads\/2020\/08\/chapiteau-thomery-3.jpg\" alt=\"\" class=\"wp-image-1032 alignnone size-full\" width=\"591\" height=\"827\" srcset=\"https:\/\/www.lespucks.com\/wp-content\/uploads\/2020\/08\/chapiteau-thomery-3.jpg 591w, https:\/\/www.lespucks.com\/wp-content\/uploads\/2020\/08\/chapiteau-thomery-3-214x300.jpg 214w\" sizes=\"(max-width: 591px) 100vw, 591px\" \/>[\/et_pb_slide][et_pb_slide _builder_version=\u00a0\u00bb3.20.1&Prime; background_color=\u00a0\u00bb#1f4f0f\u00a0\u00bb]<img loading=\"lazy\" decoding=\"async\" src=\"https:\/\/www.lespucks.com\/wp-content\/uploads\/2020\/08\/chapiteau-thomery-5.jpg\" alt=\"\" class=\"wp-image-1039 alignnone size-full\" width=\"591\" height=\"827\" srcset=\"https:\/\/www.lespucks.com\/wp-content\/uploads\/2020\/08\/chapiteau-thomery-5.jpg 591w, https:\/\/www.lespucks.com\/wp-content\/uploads\/2020\/08\/chapiteau-thomery-5-214x300.jpg 214w\" sizes=\"(max-width: 591px) 100vw, 591px\" \/>[\/et_pb_slide][\/et_pb_slider][\/et_pb_column][et_pb_column type=\u00a0\u00bb1_2&Prime; _builder_version=\u00a0\u00bb3.20.1&Prime;][et_pb_text _builder_version=\u00a0\u00bb3.20.1&Prime; inline_fonts=\u00a0\u00bbGeorgia\u00a0\u00bb]<\/p>\n<p>&nbsp;<strong style=\"font-size: large;\"><span style=\"font-family: Georgia;\">Le chapiteau \u00e0 Ecuelles<\/span><\/strong><\/p>\n<p><span face=\"Georgia\" style=\"font-size: medium; font-family: Georgia;\"><span size=\"4\" style=\"font-size: large;\">Voil\u00e0 1 ans que le Chapiteau s&rsquo;est install\u00e9 \u00e0 Ecuelles <\/span>derri\u00e8re<span size=\"4\" style=\"font-size: large;\">&nbsp;la m\u00e9diath\u00e8que&nbsp;Marina Stvetaeva. La mairie&nbsp; nous a toujours soutenu dans nos d\u00e9marches et nous a permit de&nbsp; d\u00e9velopper les nouvelles id\u00e9es que nous avons apport\u00e9es au \u00ab\u00a0Chapiteau Imaginaire\u00a0\u00bb.<\/span><\/span><span style=\"font-size: medium;\">&nbsp;<\/span><\/p>\n<p><span style=\"font-family: Georgia; font-weight: normal; font-size: large;\">C&rsquo;est ainsi que nous avons mis en place les jams, les stages de baby cirque, les r\u00e9sidences d&rsquo;artistes, les spectacles vivants, et les concerts.<\/span><\/p>\n<p><span style=\"font-family: Georgia; font-weight: normal; font-size: large;\"><strong><\/strong><\/span><\/p>\n<p><span style=\"font-weight: normal; font-family: Georgia; font-size: large;\"><strong>La grande famille villageoise et associative<\/strong><\/span><\/p>\n<p><span style=\"font-weight: normal; font-family: Georgia; font-size: large;\">Le joli parc verdoyant et plein de p\u00e2querettes donne envie \u00e0 un large public de venir s&rsquo;y pr\u00e9lasser, de partager des moments de bonheur et de po\u00e9sie. Toute les g\u00e9n\u00e9rations sont repr\u00e9sent\u00e9es.<strong><\/strong><\/span><\/p>\n<p><span style=\"font-size: large; font-family: Georgia; font-weight: normal;\"><span face=\"Georgia\" size=\"4\" style=\"font-family: Georgia; font-size: large;\">C&rsquo;est dans ce cadre-l\u00e0 que se sont nou\u00e9es des amiti\u00e9s et aussi un v\u00e9ritable r\u00e9seau d&rsquo;entraide qui va au del\u00e0&nbsp;de la simple organisation de spectacle.<\/span><\/span><\/p>\n<p>&nbsp;<\/p>\n<p align=\"JUSTIFY\">\n<p>[\/et_pb_text][et_pb_button button_url=\u00a0\u00bbhttps:\/\/www.lespucks.com\/index.php\/programmation-culturelle-2024\/\u00a0\u00bb button_text=\u00a0\u00bbProgrammation Chapiteau Ecuelles 2024&Prime; button_alignment=\u00a0\u00bbcenter\u00a0\u00bb _builder_version=\u00a0\u00bb3.20.1&Prime; custom_button=\u00a0\u00bbon\u00a0\u00bb button_text_color=\u00a0\u00bb#e09900&Prime; button_border_radius=\u00a0\u00bb13px\u00a0\u00bb button_font=\u00a0\u00bb||||||||\u00a0\u00bb button_text_size_phone=\u00a0\u00bb15px\u00a0\u00bb button_text_size_last_edited=\u00a0\u00bbon|desktop\u00a0\u00bb custom_margin=\u00a0\u00bb-32px||7px|3px\u00a0\u00bb][\/et_pb_button][\/et_pb_column][\/et_pb_row][\/et_pb_section]<\/p>\n","protected":false},"excerpt":{"rendered":"<p>&nbsp;Le chapiteau \u00e0 Ecuelles Voil\u00e0 1 ans que le Chapiteau s&rsquo;est install\u00e9 \u00e0 Ecuelles derri\u00e8re&nbsp;la m\u00e9diath\u00e8que&nbsp;Marina Stvetaeva. La mairie&nbsp; nous a toujours soutenu dans nos d\u00e9marches et nous a permit de&nbsp; d\u00e9velopper les nouvelles id\u00e9es que nous avons apport\u00e9es au \u00ab\u00a0Chapiteau Imaginaire\u00a0\u00bb.&nbsp; C&rsquo;est ainsi que nous avons mis en place les jams, les stages de [&hellip;]<\/p>\n","protected":false},"author":1,"featured_media":0,"parent":0,"menu_order":0,"comment_status":"closed","ping_status":"closed","template":"","meta":{"_et_pb_use_builder":"on","_et_pb_old_content":"","_et_gb_content_width":"","footnotes":""},"class_list":["post-877","page","type-page","status-publish","hentry"],"aioseo_notices":[],"_links":{"self":[{"href":"https:\/\/www.lespucks.com\/index.php\/wp-json\/wp\/v2\/pages\/877","targetHints":{"allow":["GET"]}}],"collection":[{"href":"https:\/\/www.lespucks.com\/index.php\/wp-json\/wp\/v2\/pages"}],"about":[{"href":"https:\/\/www.lespucks.com\/index.php\/wp-json\/wp\/v2\/types\/page"}],"author":[{"embeddable":true,"href":"https:\/\/www.lespucks.com\/index.php\/wp-json\/wp\/v2\/users\/1"}],"replies":[{"embeddable":true,"href":"https:\/\/www.lespucks.com\/index.php\/wp-json\/wp\/v2\/comments?post=877"}],"version-history":[{"count":0,"href":"https:\/\/www.lespucks.com\/index.php\/wp-json\/wp\/v2\/pages\/877\/revisions"}],"wp:attachment":[{"href":"https:\/\/www.lespucks.com\/index.php\/wp-json\/wp\/v2\/media?parent=877"}],"curies":[{"name":"wp","href":"https:\/\/api.w.org\/{rel}","templated":true}]}}