{"id":845,"date":"2020-08-03T18:45:45","date_gmt":"2020-08-03T16:45:45","guid":{"rendered":"http:\/\/www.lespucks.com\/?page_id=845"},"modified":"2024-01-30T15:18:30","modified_gmt":"2024-01-30T14:18:30","slug":"projet-pedagogique-maternelle","status":"publish","type":"page","link":"https:\/\/www.lespucks.com\/index.php\/projet-pedagogique-maternelle\/","title":{"rendered":"projet p\u00e9dagogique maternelles"},"content":{"rendered":"<p>[et_pb_section fb_built=\u00a0\u00bb1&Prime; _builder_version=\u00a0\u00bb3.20.1&Prime; custom_margin=\u00a0\u00bb-30px||\u00a0\u00bb custom_padding=\u00a0\u00bb54px|0px|50px|1px|false|false\u00a0\u00bb][et_pb_row _builder_version=\u00a0\u00bb3.20.1&Prime;][et_pb_column type=\u00a0\u00bb4_4&Prime; _builder_version=\u00a0\u00bb3.20.1&Prime;][et_pb_divider color=\u00a0\u00bbrgba(229,81,22,0.76)\u00a0\u00bb divider_weight=\u00a0\u00bb2px\u00a0\u00bb height=\u00a0\u00bb6px\u00a0\u00bb _builder_version=\u00a0\u00bb3.20.1&Prime;][\/et_pb_divider][et_pb_text _builder_version=\u00a0\u00bb3.20.1&Prime; text_font=\u00a0\u00bb||||||||\u00a0\u00bb text_font_size=\u00a0\u00bb24px\u00a0\u00bb text_font_size_phone=\u00a0\u00bb20px\u00a0\u00bb text_font_size_last_edited=\u00a0\u00bbon|phone\u00a0\u00bb text_letter_spacing=\u00a0\u00bb2px\u00a0\u00bb header_font=\u00a0\u00bb||||||||\u00a0\u00bb header_font_size=\u00a0\u00bb29px\u00a0\u00bb header_font_size_phone=\u00a0\u00bb14px\u00a0\u00bb header_font_size_last_edited=\u00a0\u00bbon|phone\u00a0\u00bb]<\/p>\n<p style=\"text-align: center;\"><span style=\"color: #666666;\">\u00a0 \u00a0Projet p\u00e9dagogique<\/span><\/p>\n<p style=\"text-align: center;\"><em><span style=\"color: #666666;\">\u00e9cole maternelle<\/span><\/em><\/p>\n<p>[\/et_pb_text][et_pb_divider color=\u00a0\u00bbrgba(229,81,22,0.76)\u00a0\u00bb divider_weight=\u00a0\u00bb2px\u00a0\u00bb _builder_version=\u00a0\u00bb3.20.1&Prime;][\/et_pb_divider][\/et_pb_column][\/et_pb_row][et_pb_row custom_width_px=\u00a0\u00bb1227px\u00a0\u00bb custom_margin=\u00a0\u00bb-71px|||384px\u00a0\u00bb _builder_version=\u00a0\u00bb3.20.1&Prime; module_alignment=\u00a0\u00bbcenter\u00a0\u00bb custom_margin_tablet=\u00a0\u00bb-71px|||197px\u00a0\u00bb custom_margin_phone=\u00a0\u00bb-71px|||88px\u00a0\u00bb custom_margin_last_edited=\u00a0\u00bbon|phone\u00a0\u00bb hover_enabled=\u00a0\u00bb0&Prime;][et_pb_column type=\u00a0\u00bb4_4&Prime; _builder_version=\u00a0\u00bb3.20.1&Prime;][et_pb_text _builder_version=\u00a0\u00bb3.20.1&Prime; text_font=\u00a0\u00bb||||||||\u00a0\u00bb link_font=\u00a0\u00bb||||||||\u00a0\u00bb ul_font=\u00a0\u00bb||||||||\u00a0\u00bb header_font=\u00a0\u00bb||||||||\u00a0\u00bb header_font_size=\u00a0\u00bb33px\u00a0\u00bb header_2_font=\u00a0\u00bb||||||||\u00a0\u00bb header_3_font=\u00a0\u00bb||||||||\u00a0\u00bb custom_margin=\u00a0\u00bb0px|197px||-150px\u00a0\u00bb custom_padding=\u00a0\u00bb|||0px\u00a0\u00bb hover_enabled=\u00a0\u00bb0&Prime; inline_fonts=\u00a0\u00bbGeorgia\u00a0\u00bb custom_margin_last_edited=\u00a0\u00bbon|phone\u00a0\u00bb custom_margin_phone=\u00a0\u00bb|47px||-29px\u00a0\u00bb custom_margin_tablet=\u00a0\u00bb|133px||-108px\u00a0\u00bb]<span style=\"font-family: Arial; font-weight: normal; font-size: large;\"><strong><\/strong><\/span><\/p>\n<p style=\"text-align: justify;\"><span style=\"font-family: Arial; font-weight: normal; font-size: large;\"><strong>Projet:<\/strong><span face=\"Arial\"><span size=\"3\">&nbsp;Comment monter un spectacle autours des arts du cirque en 8 s\u00e9ances (5 s\u00e9ances en version simplifi\u00e9e). S\u00e9bastien Masson (Babass), Dipl\u00f4m\u00e9 BPJEPS cirque, saura vous accompagner&nbsp;dans votre projet. Pour plus de&nbsp;<\/span>renseignements,<span size=\"3\"> contactez nous.<\/span><\/span><strong><\/strong><\/span><\/p>\n<p style=\"text-align: justify;\"><span style=\"font-family: Arial; font-weight: normal; font-size: large;\"><strong><\/strong><\/span><\/p>\n<p style=\"text-align: justify;\"><span style=\"font-family: Arial; font-weight: normal; font-size: large;\"><strong>Apprentissage&nbsp;: <\/strong>Cette cat\u00e9gorie d&rsquo;\u00e2ge correspond \u00e0 une p\u00e9riode o\u00f9 l&rsquo;on a soif d&rsquo;apprendre.<\/span><\/p>\n<p style=\"text-align: justify;\"><span style=\"font-family: Arial; font-weight: normal; font-size: large;\">Les \u00e9l\u00e8ves d\u00e9couvrent les techniques de jonglerie, d&rsquo;adresse et d&rsquo;\u00e9quilibre classiques du cirque. Leurs capacit\u00e9s cognitives va les amener \u00e0 monter de v\u00e9ritables num\u00e9ros qu&rsquo;il pr\u00e9senteront au cours d&rsquo;un spectacle de fin d&rsquo;ann\u00e9e devant les parents.&nbsp;<\/span><\/p>\n<h3 style=\"text-align: justify;\"><span style=\"font-weight: normal; font-size: large; font-family: Arial;\"><span style=\"color: #565656;\"><b>les objets:&nbsp;<\/b><\/span><span style=\"color: #565656;\"><b>&nbsp; &nbsp;<\/b> &#8211;<b>&nbsp;<\/b>adresse: balles, bolas, diabolos, boite \u00e0 cigare, b\u00e2ton&nbsp;du diable, cerceau, boule contact, assiette chinoise.&nbsp; &nbsp; &nbsp; &nbsp; &nbsp; &nbsp; &nbsp; &nbsp; &nbsp; &nbsp; &nbsp; &nbsp; &nbsp; &nbsp; &nbsp; &nbsp; &nbsp; &nbsp; &nbsp; &nbsp; &nbsp; &nbsp;&nbsp; &#8211; \u00e9quilibre:&nbsp; fil de funambule, rola bola, grosse boule, p\u00e9dale go.<\/span><\/span><\/h3>\n<p style=\"text-align: justify;\"><span style=\"font-family: Arial; font-weight: normal; font-size: large;\"><strong>Les s\u00e9ances :<\/strong><span face=\"Arial\" style=\"font-family: Arial;\"><span size=\"4\" style=\"font-size: large;\"> Id\u00e9alement, 8 s\u00e9ances de 1 h avec l&rsquo;intervenant&nbsp;<\/span><span><span size=\"4\" style=\"font-size: large;\">suffisent pour monter un spectacle, a condition que le travail soit repris en activit\u00e9 sportive avec les \u00e9quipes \u00e9ducatives. Elles se d\u00e9composent en trois phases. Une phase <\/span>d\u2019apprentissage<span size=\"4\" style=\"font-size: large;\">, une phase de travail Chor\u00e9graphie et Mime (jeu de sc\u00e8ne), et une phase Mise en sc\u00e8ne. Ces phases sont r\u00e9parties de fa\u00e7on \u00e9quilibr\u00e9e en g\u00e9n\u00e9rale du mois de janvier au mois de&nbsp; juin.<\/span><\/span><\/span><\/span><\/p>\n<p style=\"text-align: center;\"><strong style=\"font-family: Arial; font-size: large;\">Tarif:<\/strong><span style=\"font-family: Arial; font-size: large;\">&nbsp;85 \u20ac ttc\/h + d\u00e9placement<\/span><\/p>\n<p style=\"text-align: justify;\"><span><\/span><\/p>\n<p>[\/et_pb_text][\/et_pb_column][\/et_pb_row][\/et_pb_section][et_pb_section fb_built=\u00a0\u00bb1&Prime; _builder_version=\u00a0\u00bb3.20.1&Prime; custom_margin_last_edited=\u00a0\u00bbon|desktop\u00a0\u00bb][et_pb_row custom_margin=\u00a0\u00bb-71px||85px|\u00a0\u00bb _builder_version=\u00a0\u00bb3.20.1&Prime; custom_margin_phone=\u00a0\u00bb|||35px\u00a0\u00bb custom_margin_last_edited=\u00a0\u00bbon|desktop\u00a0\u00bb][et_pb_column type=\u00a0\u00bb1_2&Prime; _builder_version=\u00a0\u00bb3.20.1&Prime;][et_pb_button button_url=\u00a0\u00bbhttps:\/\/www.lespucks.com\/index.php\/nous-contacter\/\u00a0\u00bb button_text=\u00a0\u00bbNous contacter \u00a0\u00bb button_alignment=\u00a0\u00bbcenter\u00a0\u00bb _builder_version=\u00a0\u00bb3.20.1&Prime; custom_button=\u00a0\u00bbon\u00a0\u00bb button_text_color=\u00a0\u00bbrgba(229,65,0,0.76)\u00a0\u00bb button_border_width=\u00a0\u00bb2px\u00a0\u00bb button_border_color=\u00a0\u00bbrgba(229,124,82,0.76)\u00a0\u00bb button_border_radius=\u00a0\u00bb9px\u00a0\u00bb button_letter_spacing=\u00a0\u00bb0px\u00a0\u00bb button_font=\u00a0\u00bbMontserrat||||||||\u00a0\u00bb button_icon=\u00a0\u00bb%%20%%\u00a0\u00bb button_icon_placement=\u00a0\u00bbleft\u00a0\u00bb custom_margin=\u00a0\u00bb53px||\u00a0\u00bb button_border_color__hover_enabled=\u00a0\u00bbon\u00a0\u00bb][\/et_pb_button][\/et_pb_column][et_pb_column type=\u00a0\u00bb1_2&Prime; _builder_version=\u00a0\u00bb3.20.1&Prime;][et_pb_button button_url=\u00a0\u00bbhttps:\/\/www.lespucks.com\/index.php\/diplome-bpjeps\/\u00a0\u00bb button_text=\u00a0\u00bbDipl\u00f4me BPJEPS cirque\u00a0\u00bb button_alignment=\u00a0\u00bbcenter\u00a0\u00bb _builder_version=\u00a0\u00bb3.20.1&Prime; custom_button=\u00a0\u00bbon\u00a0\u00bb button_text_color=\u00a0\u00bbrgba(229,65,0,0.76)\u00a0\u00bb button_border_width=\u00a0\u00bb2px\u00a0\u00bb button_border_color=\u00a0\u00bbrgba(229,124,82,0.76)\u00a0\u00bb button_border_radius=\u00a0\u00bb9px\u00a0\u00bb button_letter_spacing=\u00a0\u00bb0px\u00a0\u00bb button_font=\u00a0\u00bbMontserrat||||||||\u00a0\u00bb button_icon=\u00a0\u00bb%%20%%\u00a0\u00bb button_icon_placement=\u00a0\u00bbleft\u00a0\u00bb custom_margin=\u00a0\u00bb53px||\u00a0\u00bb button_border_color__hover_enabled=\u00a0\u00bbon\u00a0\u00bb][\/et_pb_button][\/et_pb_column][\/et_pb_row][et_pb_row custom_margin=\u00a0\u00bb-71px|||\u00a0\u00bb _builder_version=\u00a0\u00bb3.20.1&Prime; custom_margin_phone=\u00a0\u00bb|||41px\u00a0\u00bb custom_margin_last_edited=\u00a0\u00bbon|desktop\u00a0\u00bb][et_pb_column type=\u00a0\u00bb4_4&Prime; _builder_version=\u00a0\u00bb3.20.1&Prime;][et_pb_pricing_tables featured_table_background_color=\u00a0\u00bbrgba(0,0,0,0)\u00a0\u00bb featured_table_header_background_color=\u00a0\u00bb#e09900&Prime; featured_table_header_text_color=\u00a0\u00bb#e09900&Prime; header_background_color=\u00a0\u00bb#e06100&Prime; bullet_color=\u00a0\u00bb#ffaa00&Prime; featured_table_bullet_color=\u00a0\u00bbrgba(0,0,0,0)\u00a0\u00bb center_list_items=\u00a0\u00bbon\u00a0\u00bb _builder_version=\u00a0\u00bb3.20.1&Prime; header_font=\u00a0\u00bb||||||||\u00a0\u00bb header_font_size=\u00a0\u00bb22px\u00a0\u00bb body_font=\u00a0\u00bb||||||||\u00a0\u00bb body_text_align=\u00a0\u00bbleft\u00a0\u00bb subheader_font=\u00a0\u00bb||||||||\u00a0\u00bb currency_frequency_font=\u00a0\u00bb||||||||\u00a0\u00bb price_font=\u00a0\u00bb||||||||\u00a0\u00bb custom_margin=\u00a0\u00bb0px||\u00a0\u00bb][et_pb_pricing_table title=\u00a0\u00bbType d&rsquo;exercices\u00a0\u00bb _builder_version=\u00a0\u00bb3.20.1&Prime; currency_frequency_font=\u00a0\u00bb||||||||\u00a0\u00bb]<\/p>\n<p>\u00c9chauffement libre sur les objets<\/p>\n<p>Apprentissage d&rsquo;un objet d&rsquo;adresse ou d&rsquo;\u00e9quilibre<\/p>\n<p>Rotation courte sur plusieurs ateliers (4 ou 5).<\/p>\n<p>Perfectionnement autour d&rsquo;un objet<\/p>\n<p>Travail de mise en sc\u00e8ne<\/p>\n<p>Travail de jeux de sc\u00e8ne<\/p>\n<p>[\/et_pb_pricing_table][et_pb_pricing_table title=\u00a0\u00bbCe que cela leurs apporte\u00a0\u00bb pricing_item_excluded_color=\u00a0\u00bb#000000&Prime; _builder_version=\u00a0\u00bb3.20.1&Prime; header_font=\u00a0\u00bb||||||||\u00a0\u00bb price_font=\u00a0\u00bb||||||||\u00a0\u00bb]<\/p>\n<p>Plaisir de d\u00e9couvrir l&rsquo;objet que l&rsquo;on aime, sp\u00e9cialisation de fa\u00e7on naturelle<\/p>\n<p>Travail en groupe sur le m\u00eame objet, d\u00e9couverte d&rsquo;un nouvel objet<\/p>\n<p>Concentration longue sur le m\u00eame objet, apprendre le plaisir de la r\u00e9p\u00e9tition par la r\u00e9ussite<\/p>\n<p>Savoir se positionner sur une sc\u00e8ne, se rendre compte que l&rsquo;on parle \u00e0 un public<\/p>\n<p>Savoir se positionner face \u00e0 un partenaire<\/p>\n<p>Int\u00e9grer les \u00e9l\u00e9ments de cirque dans l&rsquo;histoire<\/p>\n<p>Apprendre \u00e0 parler \u00e0 un public<\/p>\n<p>[\/et_pb_pricing_table][\/et_pb_pricing_tables][\/et_pb_column][\/et_pb_row][\/et_pb_section]<\/p>\n","protected":false},"excerpt":{"rendered":"<p>\u00a0 \u00a0Projet p\u00e9dagogique \u00e9cole maternelle Projet:&nbsp;Comment monter un spectacle autours des arts du cirque en 8 s\u00e9ances (5 s\u00e9ances en version simplifi\u00e9e). S\u00e9bastien Masson (Babass), Dipl\u00f4m\u00e9 BPJEPS cirque, saura vous accompagner&nbsp;dans votre projet. Pour plus de&nbsp;renseignements, contactez nous. Apprentissage&nbsp;: Cette cat\u00e9gorie d&rsquo;\u00e2ge correspond \u00e0 une p\u00e9riode o\u00f9 l&rsquo;on a soif d&rsquo;apprendre. Les \u00e9l\u00e8ves d\u00e9couvrent les [&hellip;]<\/p>\n","protected":false},"author":1,"featured_media":0,"parent":0,"menu_order":0,"comment_status":"closed","ping_status":"closed","template":"","meta":{"_et_pb_use_builder":"on","_et_pb_old_content":"","_et_gb_content_width":"","footnotes":""},"class_list":["post-845","page","type-page","status-publish","hentry"],"aioseo_notices":[],"_links":{"self":[{"href":"https:\/\/www.lespucks.com\/index.php\/wp-json\/wp\/v2\/pages\/845","targetHints":{"allow":["GET"]}}],"collection":[{"href":"https:\/\/www.lespucks.com\/index.php\/wp-json\/wp\/v2\/pages"}],"about":[{"href":"https:\/\/www.lespucks.com\/index.php\/wp-json\/wp\/v2\/types\/page"}],"author":[{"embeddable":true,"href":"https:\/\/www.lespucks.com\/index.php\/wp-json\/wp\/v2\/users\/1"}],"replies":[{"embeddable":true,"href":"https:\/\/www.lespucks.com\/index.php\/wp-json\/wp\/v2\/comments?post=845"}],"version-history":[{"count":0,"href":"https:\/\/www.lespucks.com\/index.php\/wp-json\/wp\/v2\/pages\/845\/revisions"}],"wp:attachment":[{"href":"https:\/\/www.lespucks.com\/index.php\/wp-json\/wp\/v2\/media?parent=845"}],"curies":[{"name":"wp","href":"https:\/\/api.w.org\/{rel}","templated":true}]}}