{"id":765,"date":"2020-08-03T14:29:46","date_gmt":"2020-08-03T12:29:46","guid":{"rendered":"http:\/\/www.lespucks.com\/?page_id=765"},"modified":"2026-01-14T14:43:13","modified_gmt":"2026-01-14T13:43:13","slug":"une-journee-au-chapiteau","status":"publish","type":"page","link":"https:\/\/www.lespucks.com\/index.php\/une-journee-au-chapiteau\/","title":{"rendered":"une journ\u00e9e au chapiteau"},"content":{"rendered":"<p>[et_pb_section fb_built=\u00a0\u00bb1&Prime; _builder_version=\u00a0\u00bb4.16&Prime; background_color=\u00a0\u00bb#007c99&Prime; custom_padding=\u00a0\u00bb16px|||||\u00a0\u00bb global_colors_info=\u00a0\u00bb{}\u00a0\u00bb][et_pb_row column_structure=\u00a0\u00bb1_3,2_3&Prime; _builder_version=\u00a0\u00bb4.27.5&Prime; width=\u00a0\u00bb94.6%\u00a0\u00bb custom_margin=\u00a0\u00bb|175px||auto||\u00a0\u00bb custom_padding=\u00a0\u00bb16px|||||\u00a0\u00bb global_colors_info=\u00a0\u00bb{}\u00a0\u00bb][et_pb_column type=\u00a0\u00bb1_3&Prime; _builder_version=\u00a0\u00bb4.27.5&Prime; custom_padding=\u00a0\u00bb|||\u00a0\u00bb global_colors_info=\u00a0\u00bb{}\u00a0\u00bb custom_padding__hover=\u00a0\u00bb|||\u00a0\u00bb][et_pb_button button_url=\u00a0\u00bbhttps:\/\/www.lespucks.com\/wp-content\/uploads\/2026\/01\/PresentationJourneeChapiteau2026.pdf\u00a0\u00bb button_text=\u00a0\u00bbT\u00e9l\u00e9charger le flyer complet\u00a0\u00bb button_alignment=\u00a0\u00bbcenter\u00a0\u00bb _builder_version=\u00a0\u00bb4.27.5&Prime; custom_button=\u00a0\u00bbon\u00a0\u00bb button_text_color=\u00a0\u00bbrgba(0,0,0,0.69)\u00a0\u00bb button_bg_color=\u00a0\u00bbrgba(224,122,116,0.88)\u00a0\u00bb button_border_width=\u00a0\u00bb5px\u00a0\u00bb button_border_color=\u00a0\u00bbrgba(0,0,0,0.48)\u00a0\u00bb button_border_radius=\u00a0\u00bb0px\u00a0\u00bb button_letter_spacing=\u00a0\u00bb0px\u00a0\u00bb button_font=\u00a0\u00bb||||||||\u00a0\u00bb custom_margin=\u00a0\u00bb-14px|6px||||\u00a0\u00bb custom_padding=\u00a0\u00bb|26px||||\u00a0\u00bb saved_tabs=\u00a0\u00bball\u00a0\u00bb global_colors_info=\u00a0\u00bb{}\u00a0\u00bb][\/et_pb_button][et_pb_image src=\u00a0\u00bbhttps:\/\/www.lespucks.com\/wp-content\/uploads\/2024\/02\/tracte-1JAC-p1-petit.jpg\u00a0\u00bb align=\u00a0\u00bbcenter\u00a0\u00bb align_tablet=\u00a0\u00bbcenter\u00a0\u00bb align_phone=\u00a0\u00bbcenter\u00a0\u00bb align_last_edited=\u00a0\u00bbon|desktop\u00a0\u00bb _builder_version=\u00a0\u00bb4.16&Prime; width=\u00a0\u00bb97.2%\u00a0\u00bb min_height=\u00a0\u00bb435.8px\u00a0\u00bb custom_margin=\u00a0\u00bb|||0px\u00a0\u00bb custom_padding=\u00a0\u00bb3px||\u00a0\u00bb global_colors_info=\u00a0\u00bb{}\u00a0\u00bb][\/et_pb_image][\/et_pb_column][et_pb_column type=\u00a0\u00bb2_3&Prime; _builder_version=\u00a0\u00bb4.16&Prime; custom_padding=\u00a0\u00bb|||\u00a0\u00bb global_colors_info=\u00a0\u00bb{}\u00a0\u00bb custom_padding__hover=\u00a0\u00bb|||\u00a0\u00bb][et_pb_button button_url=\u00a0\u00bbhttps:\/\/www.lespucks.com\/index.php\/nous-contacter\/\u00a0\u00bb button_text=\u00a0\u00bbContactez nous pour un devis\u00a0\u00bb button_alignment=\u00a0\u00bbcenter\u00a0\u00bb _builder_version=\u00a0\u00bb4.16&Prime; custom_button=\u00a0\u00bbon\u00a0\u00bb button_text_size=\u00a0\u00bb15px\u00a0\u00bb button_text_color=\u00a0\u00bb#000000&Prime; button_letter_spacing=\u00a0\u00bb4px\u00a0\u00bb button_font=\u00a0\u00bb||||||||\u00a0\u00bb custom_margin=\u00a0\u00bb-13px|||||\u00a0\u00bb global_colors_info=\u00a0\u00bb{}\u00a0\u00bb][\/et_pb_button][et_pb_toggle title=\u00a0\u00bbUne sortie scolaire magique pour d\u00e9couvrir les arts du cirque ! \u00a0\u00bb open=\u00a0\u00bbon\u00a0\u00bb _builder_version=\u00a0\u00bb4.27.5&Prime; _module_preset=\u00a0\u00bbdefault\u00a0\u00bb title_text_align=\u00a0\u00bbcenter\u00a0\u00bb title_font_size=\u00a0\u00bb18px\u00a0\u00bb title_letter_spacing=\u00a0\u00bb6px\u00a0\u00bb title_line_height=\u00a0\u00bb1.1em\u00a0\u00bb body_text_color=\u00a0\u00bb#000000&Prime; body_font_size=\u00a0\u00bb13px\u00a0\u00bb text_orientation=\u00a0\u00bbcenter\u00a0\u00bb width=\u00a0\u00bb100%\u00a0\u00bb min_height=\u00a0\u00bb245.6px\u00a0\u00bb custom_margin=\u00a0\u00bb|-258px|16px|-1px||\u00a0\u00bb custom_padding=\u00a0\u00bb3px|0px|2px|||\u00a0\u00bb global_colors_info=\u00a0\u00bb{}\u00a0\u00bb]<\/p>\n<p><span style=\"font-family: arial,sans-serif; color: #000000; font-size: small;\"> <\/span><span lang=\"fr\">\u00c0<\/span> partir d&rsquo;avril, deux artistes accueillent en immersion deux classes sur une journ\u00e9e (maternelle et primaire).<\/p>\n<p>Notre objectif : que les enfants prennent plaisir \u00e0 d\u00e9couvrir les arts du cirque dans un cadre in\u00e9dit : un chapiteau en bord de Loing.<\/p>\n<p>La journ\u00e9e commence par un spectacle qui pr\u00e9sente les agr\u00e8s du cirque. Puis, c&rsquo;est la pratique : en petits groupes, les enfants exp\u00e9rimentent : les agr\u00e8s a\u00e9riens, les jeux d\u2019adresse et les jeux d\u2019\u00e9quilibre. Parmi ces ateliers tournants, il y a aussi une \u00ab histoire dont vous \u00eates le h\u00e9ros \u00bb : un conte dont les enfants interpr\u00e8tent les personnages.<\/p>\n<p>Pour finir la journ\u00e9e nous proposons un temps d&rsquo;\u00e9change sur le cirque, nos m\u00e9tiers, le chapiteau&#8230;<\/p>\n<p>[\/et_pb_toggle][et_pb_slider _builder_version=\u00a0\u00bb4.27.5&Prime; _module_preset=\u00a0\u00bbdefault\u00a0\u00bb width=\u00a0\u00bb100%\u00a0\u00bb min_height=\u00a0\u00bb220.5px\u00a0\u00bb custom_margin=\u00a0\u00bb-12px|585px||34px||\u00a0\u00bb custom_padding=\u00a0\u00bb|3px|0px|76px||\u00a0\u00bb animation_style=\u00a0\u00bbslide\u00a0\u00bb auto=\u00a0\u00bbon\u00a0\u00bb auto_speed=\u00a0\u00bb5000&Prime; hover_transition_duration=\u00a0\u00bb200ms\u00a0\u00bb hover_enabled=\u00a0\u00bb0&Prime; border_radii_image=\u00a0\u00bboff||||\u00a0\u00bb global_colors_info=\u00a0\u00bb{}\u00a0\u00bb sticky_enabled=\u00a0\u00bb0&Prime;][et_pb_slide image=\u00a0\u00bbhttps:\/\/www.lespucks.com\/wp-content\/uploads\/2026\/01\/PXL_20250505_085540372.MP_-scaled.jpg\u00a0\u00bb _builder_version=\u00a0\u00bb4.27.5&Prime; _module_preset=\u00a0\u00bbdefault\u00a0\u00bb background_color=\u00a0\u00bbRGBA(255,255,255,0)\u00a0\u00bb background_enable_color=\u00a0\u00bbon\u00a0\u00bb global_colors_info=\u00a0\u00bb{}\u00a0\u00bb sticky_transition=\u00a0\u00bbon\u00a0\u00bb][\/et_pb_slide][et_pb_slide image=\u00a0\u00bbhttps:\/\/www.lespucks.com\/wp-content\/uploads\/2026\/01\/PXL_20250505_085935979-scaled.jpg\u00a0\u00bb _builder_version=\u00a0\u00bb4.27.5&Prime; _module_preset=\u00a0\u00bbdefault\u00a0\u00bb background_color=\u00a0\u00bbRGBA(255,255,255,0)\u00a0\u00bb background_enable_color=\u00a0\u00bbon\u00a0\u00bb global_colors_info=\u00a0\u00bb{}\u00a0\u00bb sticky_transition=\u00a0\u00bbon\u00a0\u00bb][\/et_pb_slide][et_pb_slide image=\u00a0\u00bbhttps:\/\/www.lespucks.com\/wp-content\/uploads\/2026\/01\/PXL_20250505_085230546-scaled.jpg\u00a0\u00bb _builder_version=\u00a0\u00bb4.27.5&Prime; _module_preset=\u00a0\u00bbdefault\u00a0\u00bb background_color=\u00a0\u00bbRGBA(255,255,255,0)\u00a0\u00bb background_enable_color=\u00a0\u00bbon\u00a0\u00bb global_colors_info=\u00a0\u00bb{}\u00a0\u00bb sticky_transition=\u00a0\u00bbon\u00a0\u00bb][\/et_pb_slide][et_pb_slide image=\u00a0\u00bbhttps:\/\/www.lespucks.com\/wp-content\/uploads\/2026\/01\/chapiteau-graph1.jpg\u00a0\u00bb _builder_version=\u00a0\u00bb4.27.5&Prime; _module_preset=\u00a0\u00bbdefault\u00a0\u00bb background_color=\u00a0\u00bbRGBA(255,255,255,0)\u00a0\u00bb background_enable_color=\u00a0\u00bbon\u00a0\u00bb global_colors_info=\u00a0\u00bb{}\u00a0\u00bb sticky_transition=\u00a0\u00bbon\u00a0\u00bb][\/et_pb_slide][\/et_pb_slider][\/et_pb_column][\/et_pb_row][\/et_pb_section]<\/p>\n","protected":false},"excerpt":{"rendered":"<p>\u00c0 partir d&rsquo;avril, deux artistes accueillent en immersion deux classes sur une journ\u00e9e (maternelle et primaire). Notre objectif : que les enfants prennent plaisir \u00e0 d\u00e9couvrir les arts du cirque dans un cadre in\u00e9dit : un chapiteau en bord de Loing. La journ\u00e9e commence par un spectacle qui pr\u00e9sente les agr\u00e8s du cirque. Puis, c&rsquo;est [&hellip;]<\/p>\n","protected":false},"author":1,"featured_media":2479,"parent":0,"menu_order":0,"comment_status":"closed","ping_status":"closed","template":"","meta":{"_et_pb_use_builder":"on","_et_pb_old_content":"","_et_gb_content_width":"","footnotes":""},"class_list":["post-765","page","type-page","status-publish","has-post-thumbnail","hentry"],"aioseo_notices":[],"_links":{"self":[{"href":"https:\/\/www.lespucks.com\/index.php\/wp-json\/wp\/v2\/pages\/765","targetHints":{"allow":["GET"]}}],"collection":[{"href":"https:\/\/www.lespucks.com\/index.php\/wp-json\/wp\/v2\/pages"}],"about":[{"href":"https:\/\/www.lespucks.com\/index.php\/wp-json\/wp\/v2\/types\/page"}],"author":[{"embeddable":true,"href":"https:\/\/www.lespucks.com\/index.php\/wp-json\/wp\/v2\/users\/1"}],"replies":[{"embeddable":true,"href":"https:\/\/www.lespucks.com\/index.php\/wp-json\/wp\/v2\/comments?post=765"}],"version-history":[{"count":8,"href":"https:\/\/www.lespucks.com\/index.php\/wp-json\/wp\/v2\/pages\/765\/revisions"}],"predecessor-version":[{"id":3949,"href":"https:\/\/www.lespucks.com\/index.php\/wp-json\/wp\/v2\/pages\/765\/revisions\/3949"}],"wp:featuredmedia":[{"embeddable":true,"href":"https:\/\/www.lespucks.com\/index.php\/wp-json\/wp\/v2\/media\/2479"}],"wp:attachment":[{"href":"https:\/\/www.lespucks.com\/index.php\/wp-json\/wp\/v2\/media?parent=765"}],"curies":[{"name":"wp","href":"https:\/\/api.w.org\/{rel}","templated":true}]}}