{"id":4086,"date":"2026-04-22T12:50:24","date_gmt":"2026-04-22T10:50:24","guid":{"rendered":"https:\/\/www.lespucks.com\/?page_id=4086"},"modified":"2026-05-07T22:51:00","modified_gmt":"2026-05-07T20:51:00","slug":"la-fete-o-chapiteau","status":"publish","type":"page","link":"https:\/\/www.lespucks.com\/index.php\/la-fete-o-chapiteau\/","title":{"rendered":"La f\u00eate \u00f4 Chapiteau"},"content":{"rendered":"<p>[et_pb_section fb_built=\u00a0\u00bb1&Prime; disabled_on=\u00a0\u00bboff|off|off\u00a0\u00bb _builder_version=\u00a0\u00bb4.27.5&Prime; min_height=\u00a0\u00bb1059.4px\u00a0\u00bb custom_padding=\u00a0\u00bb||||false|false\u00a0\u00bb collapsed=\u00a0\u00bboff\u00a0\u00bb global_colors_info=\u00a0\u00bb{}\u00a0\u00bb][et_pb_row column_structure=\u00a0\u00bb1_2,1_2&Prime; admin_label=\u00a0\u00bbLigne\u00a0\u00bb _builder_version=\u00a0\u00bb4.16&Prime; width=\u00a0\u00bb81.3%\u00a0\u00bb min_height=\u00a0\u00bb941.4px\u00a0\u00bb global_colors_info=\u00a0\u00bb{}\u00a0\u00bb][et_pb_column type=\u00a0\u00bb1_2&Prime; _builder_version=\u00a0\u00bb4.16&Prime; custom_padding=\u00a0\u00bb|||\u00a0\u00bb global_colors_info=\u00a0\u00bb{}\u00a0\u00bb custom_padding__hover=\u00a0\u00bb|||\u00a0\u00bb][et_pb_image src=\u00a0\u00bbhttps:\/\/www.lespucks.com\/wp-content\/uploads\/2026\/04\/affiche_feteochap-scaled.jpg\u00a0\u00bb title_text=\u00a0\u00bbaffiche_feteochap\u00a0\u00bb _builder_version=\u00a0\u00bb4.27.5&Prime; _module_preset=\u00a0\u00bbdefault\u00a0\u00bb global_colors_info=\u00a0\u00bb{}\u00a0\u00bb][\/et_pb_image][\/et_pb_column][et_pb_column type=\u00a0\u00bb1_2&Prime; _builder_version=\u00a0\u00bb4.16&Prime; custom_padding=\u00a0\u00bb|||\u00a0\u00bb global_colors_info=\u00a0\u00bb{}\u00a0\u00bb custom_padding__hover=\u00a0\u00bb|||\u00a0\u00bb][et_pb_text _builder_version=\u00a0\u00bb4.27.5&Prime; width=\u00a0\u00bb100%\u00a0\u00bb inline_fonts=\u00a0\u00bbGeorgia,Arial\u00a0\u00bb global_colors_info=\u00a0\u00bb{}\u00a0\u00bb]<\/p>\n<p><span style=\"font-family: Georgia; font-weight: normal; font-size: large;\"><b>F\u00eate \u00f4 Chapiteau ! <\/b><\/span><span style=\"font-family: Georgia; font-weight: normal; font-size: medium;\">(Dur\u00e9e : 14h\/19H )<\/span><\/p>\n<p><span style=\"font-size: medium;\">Le 7 juin, nous vous accueillons au Chapiteau des Pucks pour une superbe apr\u00e8s-midi autour du <strong>Cirque<\/strong>, de la <strong>Jonglerie<\/strong> et des <strong>cr\u00eapes<\/strong> pour le go\u00fbter.<\/span><\/p>\n<p><span style=\"font-size: medium;\">Ce sera l&rsquo;occasion de jongler librement, s\u2019entra\u00eener seul ou \u00e0 plusieurs ( passing !! ) ainsi que d\u00e9couvrir :<\/span><\/p>\n<ul>\n<li><span style=\"font-size: medium;\">Le spectacle de fin d&rsquo;ann\u00e9e de la troupe de jeunes que nous accompagnons tout au long de l&rsquo;ann\u00e9e.<\/span><\/li>\n<li><span style=\"font-size: medium;\">Du Clown avec Garance et Albane<\/span><\/li>\n<li><span style=\"font-size: medium;\">Un Spectacle de Jonglerie avec Nicolas<\/span><\/li>\n<li><span style=\"font-size: medium;\">De la Musique avec la fanfare Mammouth<\/span><\/li>\n<\/ul>\n<p><img loading=\"lazy\" decoding=\"async\" src=\"https:\/\/scontent-cdg4-2.xx.fbcdn.net\/v\/t39.30808-6\/691246108_1292444449760676_1546735457792835213_n.jpg?stp=c124.0.603.315a_dst-jpg_s526x296_tt6&amp;_nc_cat=101&amp;ccb=1-7&amp;_nc_sid=7e0d18&amp;_nc_ohc=73JW9r-4VIwQ7kNvwGNI5fF&amp;_nc_oc=AdrOz34mHNO3W5QAOCWoivD08gR6bqOQqpQxVE_GZyZeu736k2Z-SmvsFS3c1EigRU8jbDI63f6Bto0goLYu-Uxq&amp;_nc_zt=23&amp;_nc_ht=scontent-cdg4-2.xx&amp;_nc_gid=Xi2F_43XFLpzPU5M8Js4kA&amp;_nc_ss=7b289&amp;oh=00_Af6NlknGBt11uri-uEhNhUpI2EjphnBtxmePjpwJ6End7Q&amp;oe=6A02BB30\" alt=\"https:\/\/scontent-cdg4-2.xx.fbcdn.net\/v\/t39.30808-6\/691246108_1292444449760676_1546735457792835213_n.jpg?stp=c124.0.603.315a_dst-jpg_s526x296_tt6&amp;_nc_cat=101&amp;ccb=1-7&amp;_nc_sid=7e0d18&amp;_nc_ohc=73JW9r-4VIwQ7kNvwGNI5fF&amp;_nc_oc=AdrOz34mHNO3W5QAOCWoivD08gR6bqOQqpQxVE_GZyZeu736k2Z-SmvsFS3c1EigRU8jbDI63f6Bto0goLYu-Uxq&amp;_nc_zt=23&amp;_nc_ht=scontent-cdg4-2.xx&amp;_nc_gid=Xi2F_43XFLpzPU5M8Js4kA&amp;_nc_ss=7b289&amp;oh=00_Af6NlknGBt11uri-uEhNhUpI2EjphnBtxmePjpwJ6End7Q&amp;oe=6A02BB30\" width=\"380\" height=\"199\" style=\"display: block; margin-left: auto; margin-right: auto;\" \/><\/p>\n<p align=\"JUSTIFY\"><span style=\"font-family: inherit; font-weight: normal; font-size: medium;\"><strong>Programme<\/strong> :\u00a0<\/span><\/p>\n<p align=\"JUSTIFY\" style=\"text-align: left;\"><span style=\"font-family: inherit; font-weight: normal; font-size: medium;\">&#8211; 14h : Ouverture sur le rythme de la Fanfare Mammouth<br \/>&#8211; 14h30 : Spectacle de fin d&rsquo;ann\u00e9e ( Enfants des cours \u00e0 l&rsquo;ann\u00e9e )<br \/>&#8211; 16h00 : Fanfare Mammouth<br \/>&#8211; 16h45 : Clown Albane\/Garance<br \/>&#8211; 17h45 : Fanfare Mammouth<br \/>&#8211; 18h30 : Spectacle Nicolas\u00a0\u00a0<\/span><\/p>\n<p>[\/et_pb_text][\/et_pb_column][\/et_pb_row][\/et_pb_section]<\/p>\n","protected":false},"excerpt":{"rendered":"<p>F\u00eate \u00f4 Chapiteau ! (Dur\u00e9e : 14h\/19H ) Le 7 juin, nous vous accueillons au Chapiteau des Pucks pour une superbe apr\u00e8s-midi autour du Cirque, de la Jonglerie et des cr\u00eapes pour le go\u00fbter. Ce sera l&rsquo;occasion de jongler librement, s\u2019entra\u00eener seul ou \u00e0 plusieurs ( passing !! ) ainsi que d\u00e9couvrir : Le spectacle [&hellip;]<\/p>\n","protected":false},"author":1,"featured_media":0,"parent":0,"menu_order":0,"comment_status":"closed","ping_status":"closed","template":"","meta":{"_et_pb_use_builder":"on","_et_pb_old_content":"","_et_gb_content_width":"","footnotes":""},"class_list":["post-4086","page","type-page","status-publish","hentry"],"aioseo_notices":[],"_links":{"self":[{"href":"https:\/\/www.lespucks.com\/index.php\/wp-json\/wp\/v2\/pages\/4086","targetHints":{"allow":["GET"]}}],"collection":[{"href":"https:\/\/www.lespucks.com\/index.php\/wp-json\/wp\/v2\/pages"}],"about":[{"href":"https:\/\/www.lespucks.com\/index.php\/wp-json\/wp\/v2\/types\/page"}],"author":[{"embeddable":true,"href":"https:\/\/www.lespucks.com\/index.php\/wp-json\/wp\/v2\/users\/1"}],"replies":[{"embeddable":true,"href":"https:\/\/www.lespucks.com\/index.php\/wp-json\/wp\/v2\/comments?post=4086"}],"version-history":[{"count":10,"href":"https:\/\/www.lespucks.com\/index.php\/wp-json\/wp\/v2\/pages\/4086\/revisions"}],"predecessor-version":[{"id":4126,"href":"https:\/\/www.lespucks.com\/index.php\/wp-json\/wp\/v2\/pages\/4086\/revisions\/4126"}],"wp:attachment":[{"href":"https:\/\/www.lespucks.com\/index.php\/wp-json\/wp\/v2\/media?parent=4086"}],"curies":[{"name":"wp","href":"https:\/\/api.w.org\/{rel}","templated":true}]}}