{"id":3990,"date":"2026-02-18T15:01:21","date_gmt":"2026-02-18T14:01:21","guid":{"rendered":"https:\/\/www.lespucks.com\/?page_id=3990"},"modified":"2026-02-20T13:20:13","modified_gmt":"2026-02-20T12:20:13","slug":"niebe-et-la-femme-bison","status":"publish","type":"page","link":"https:\/\/www.lespucks.com\/index.php\/niebe-et-la-femme-bison\/","title":{"rendered":"Ni\u00e9b\u00e9 et la femme bison"},"content":{"rendered":"\n[et_pb_section fb_built=\u00a0\u00bb1&Prime; _builder_version=\u00a0\u00bb4.16&Prime; global_colors_info=\u00a0\u00bb{}\u00a0\u00bb][et_pb_row column_structure=\u00a0\u00bb1_2,1_2&Prime; _builder_version=\u00a0\u00bb4.27.5&Prime; hover_enabled=\u00a0\u00bb0&Prime; global_colors_info=\u00a0\u00bb{}\u00a0\u00bb sticky_enabled=\u00a0\u00bb0&Prime;][et_pb_column type=\u00a0\u00bb1_2&Prime; _builder_version=\u00a0\u00bb4.16&Prime; custom_padding=\u00a0\u00bb|||\u00a0\u00bb global_colors_info=\u00a0\u00bb{}\u00a0\u00bb custom_padding__hover=\u00a0\u00bb|||\u00a0\u00bb][et_pb_slider _builder_version=\u00a0\u00bb4.27.5&Prime; background_color=\u00a0\u00bb#000000&Prime; global_colors_info=\u00a0\u00bb{}\u00a0\u00bb][et_pb_slide image=\u00a0\u00bbhttps:\/\/www.lespucks.com\/wp-content\/uploads\/2026\/02\/Niebe-4-rotated-e1771422826710-213&#215;300.jpg\u00a0\u00bb _builder_version=\u00a0\u00bb4.27.5&Prime; _module_preset=\u00a0\u00bbdefault\u00a0\u00bb global_colors_info=\u00a0\u00bb{}\u00a0\u00bb sticky_transition=\u00a0\u00bbon\u00a0\u00bb][\/et_pb_slide][et_pb_slide image=\u00a0\u00bbhttps:\/\/www.lespucks.com\/wp-content\/uploads\/2026\/02\/lES-FEMMES-BISONS.jpg\u00a0\u00bb _builder_version=\u00a0\u00bb4.27.5&Prime; _module_preset=\u00a0\u00bbdefault\u00a0\u00bb global_colors_info=\u00a0\u00bb{}\u00a0\u00bb sticky_transition=\u00a0\u00bbon\u00a0\u00bb][\/et_pb_slide][et_pb_slide image=\u00a0\u00bbhttps:\/\/www.lespucks.com\/wp-content\/uploads\/2026\/02\/DSC03339-200&#215;300.jpg\u00a0\u00bb _builder_version=\u00a0\u00bb4.27.5&Prime; _module_preset=\u00a0\u00bbdefault\u00a0\u00bb global_colors_info=\u00a0\u00bb{}\u00a0\u00bb sticky_transition=\u00a0\u00bbon\u00a0\u00bb][\/et_pb_slide][\/et_pb_slider][et_pb_button button_url=\u00a0\u00bbhttps:\/\/www.lespucks.com\/wp-content\/uploads\/2026\/02\/Dossier-Pedagogique-Niebe.pdf\u00a0\u00bb button_text=\u00a0\u00bbDossier \u00e0 destination des enseignants\u00a0\u00bb _builder_version=\u00a0\u00bb4.27.5&Prime; custom_button=\u00a0\u00bbon\u00a0\u00bb button_text_size=\u00a0\u00bb15px\u00a0\u00bb button_text_color=\u00a0\u00bb#E09900&Prime; button_letter_spacing=\u00a0\u00bb4px\u00a0\u00bb button_font=\u00a0\u00bb||||||||\u00a0\u00bb global_colors_info=\u00a0\u00bb{}\u00a0\u00bb][\/et_pb_button][\/et_pb_column][et_pb_column type=\u00a0\u00bb1_2&Prime; _builder_version=\u00a0\u00bb4.16&Prime; custom_padding=\u00a0\u00bb|||\u00a0\u00bb global_colors_info=\u00a0\u00bb{}\u00a0\u00bb custom_padding__hover=\u00a0\u00bb|||\u00a0\u00bb][et_pb_text _builder_version=\u00a0\u00bb4.27.5&Prime; link_option_url_new_window=\u00a0\u00bbon\u00a0\u00bb hover_enabled=\u00a0\u00bb0&Prime; inline_fonts=\u00a0\u00bbGeorgia\u00a0\u00bb global_colors_info=\u00a0\u00bb{}\u00a0\u00bb sticky_enabled=\u00a0\u00bb0&Prime;]<h5><span style=\"font-family: Georgia; font-weight: normal; font-size: large;\"><b>Ni\u00e9b\u00e9 et la femme bison<\/b><\/span><\/h5>\n<p><span style=\"font-family: Georgia; font-weight: normal; font-size: large;\"><b>Marionnettes et Ombres<\/b><\/span><\/p>\n<p><span style=\"font-family: Georgia; font-weight: normal; font-size: large;\">(Dur\u00e9e : 35 min \/ tout public \u00e0 partir de 4 ans)<\/span><\/p>\n<p>Ni\u00e9b\u00e9 et la femme bison raconte une petite aventure dans une grande Histoire.<br \/>Ni\u00e9b\u00e9 est une petite fille qui vit dans un village, il y a 15 000 ans.<br \/>Quand les animaux disparaissent de la plaine, elle se rend dans le Ventre du rocher pour les faire revenir. En rentrant dans la grotte, elle va rencontrer la femme bison et d\u00e9couvrir le secret des poudres et des pigments. Entre ombres et marionnettes, Ni\u00e9b\u00e9 et ses compagnons racontent la pr\u00e9histoire en mots et en image.<\/p>\n<p>Conte, marionnette et th\u00e9\u00e2tre d\u2019ombres de et par Armelle Corbier.<\/p>\n<p><a href=\"http:\/\/www.virges-armes.fr\/\" target=\"_blank\" rel=\"noopener\">Coproduction Cie Virges Armes, <em>histoire vivante.<\/em><\/a><\/p>\n<p><strong>Spectacle en salle obscure<\/strong><\/p>\n<p style=\"text-align: center;\"><strong>\u00a0<\/strong><\/p>\n<p>Renseignements et tarifs sur demande : associationlespucks@gmail.com<\/p>[\/et_pb_text][et_pb_button button_url=\u00a0\u00bbhttps:\/\/www.lespucks.com\/index.php\/nous-contacter\/\u00a0\u00bb button_text=\u00a0\u00bbContactez nous pour un devis\u00a0\u00bb _builder_version=\u00a0\u00bb4.16&Prime; custom_button=\u00a0\u00bbon\u00a0\u00bb button_text_size=\u00a0\u00bb15px\u00a0\u00bb button_text_color=\u00a0\u00bb#0c71c3&Prime; button_letter_spacing=\u00a0\u00bb4px\u00a0\u00bb button_font=\u00a0\u00bb||||||||\u00a0\u00bb global_colors_info=\u00a0\u00bb{}\u00a0\u00bb][\/et_pb_button][\/et_pb_column][\/et_pb_row][\/et_pb_section]\n","protected":false},"excerpt":{"rendered":"<p>Ni\u00e9b\u00e9 et la femme bison Marionnettes et Ombres (Dur\u00e9e : 35 min \/ tout public \u00e0 partir de 4 ans) Ni\u00e9b\u00e9 et la femme bison raconte une petite aventure dans une grande Histoire.Ni\u00e9b\u00e9 est une petite fille qui vit dans un village, il y a 15 000 ans.Quand les animaux disparaissent de la plaine, elle [&hellip;]<\/p>\n","protected":false},"author":1,"featured_media":0,"parent":0,"menu_order":0,"comment_status":"closed","ping_status":"closed","template":"","meta":{"_et_pb_use_builder":"on","_et_pb_old_content":"","_et_gb_content_width":"","footnotes":""},"class_list":["post-3990","page","type-page","status-publish","hentry"],"aioseo_notices":[],"_links":{"self":[{"href":"https:\/\/www.lespucks.com\/index.php\/wp-json\/wp\/v2\/pages\/3990","targetHints":{"allow":["GET"]}}],"collection":[{"href":"https:\/\/www.lespucks.com\/index.php\/wp-json\/wp\/v2\/pages"}],"about":[{"href":"https:\/\/www.lespucks.com\/index.php\/wp-json\/wp\/v2\/types\/page"}],"author":[{"embeddable":true,"href":"https:\/\/www.lespucks.com\/index.php\/wp-json\/wp\/v2\/users\/1"}],"replies":[{"embeddable":true,"href":"https:\/\/www.lespucks.com\/index.php\/wp-json\/wp\/v2\/comments?post=3990"}],"version-history":[{"count":16,"href":"https:\/\/www.lespucks.com\/index.php\/wp-json\/wp\/v2\/pages\/3990\/revisions"}],"predecessor-version":[{"id":4031,"href":"https:\/\/www.lespucks.com\/index.php\/wp-json\/wp\/v2\/pages\/3990\/revisions\/4031"}],"wp:attachment":[{"href":"https:\/\/www.lespucks.com\/index.php\/wp-json\/wp\/v2\/media?parent=3990"}],"curies":[{"name":"wp","href":"https:\/\/api.w.org\/{rel}","templated":true}]}}