{"id":3669,"date":"2024-09-26T14:33:26","date_gmt":"2024-09-26T12:33:26","guid":{"rendered":"http:\/\/www.lespucks.com\/?page_id=3669"},"modified":"2026-02-20T13:23:50","modified_gmt":"2026-02-20T12:23:50","slug":"guignol-et-lours","status":"publish","type":"page","link":"https:\/\/www.lespucks.com\/index.php\/guignol-et-lours\/","title":{"rendered":"Guignol et l&rsquo;Ours"},"content":{"rendered":"\n[et_pb_section fb_built=\u00a0\u00bb1&Prime; _builder_version=\u00a0\u00bb4.16&Prime; global_colors_info=\u00a0\u00bb{}\u00a0\u00bb][et_pb_row column_structure=\u00a0\u00bb1_2,1_2&Prime; _builder_version=\u00a0\u00bb4.16&Prime; global_colors_info=\u00a0\u00bb{}\u00a0\u00bb][et_pb_column type=\u00a0\u00bb1_2&Prime; _builder_version=\u00a0\u00bb4.16&Prime; custom_padding=\u00a0\u00bb|||\u00a0\u00bb global_colors_info=\u00a0\u00bb{}\u00a0\u00bb custom_padding__hover=\u00a0\u00bb|||\u00a0\u00bb][et_pb_slider _builder_version=\u00a0\u00bb4.16&Prime; background_color=\u00a0\u00bb#000000&Prime; global_colors_info=\u00a0\u00bb{}\u00a0\u00bb][et_pb_slide image=\u00a0\u00bbhttps:\/\/www.lespucks.com\/wp-content\/uploads\/2024\/09\/20240418_172701-rotated-e1727441900643.jpg\u00a0\u00bb _builder_version=\u00a0\u00bb4.16&Prime; global_colors_info=\u00a0\u00bb{}\u00a0\u00bb sticky_transition=\u00a0\u00bbon\u00a0\u00bb][\/et_pb_slide][\/et_pb_slider][\/et_pb_column][et_pb_column type=\u00a0\u00bb1_2&Prime; _builder_version=\u00a0\u00bb4.16&Prime; custom_padding=\u00a0\u00bb|||\u00a0\u00bb global_colors_info=\u00a0\u00bb{}\u00a0\u00bb custom_padding__hover=\u00a0\u00bb|||\u00a0\u00bb][et_pb_text _builder_version=\u00a0\u00bb4.27.5&Prime; hover_enabled=\u00a0\u00bb0&Prime; inline_fonts=\u00a0\u00bbGeorgia\u00a0\u00bb global_colors_info=\u00a0\u00bb{}\u00a0\u00bb sticky_enabled=\u00a0\u00bb0&Prime;]<h5><span style=\"font-family: Georgia; font-weight: normal; font-size: large;\"><b>Guignol et l&rsquo;Ours<br \/><\/b><\/span><\/h5>\n<p><span style=\"font-family: Georgia; font-weight: normal; font-size: large;\"><b>Marionnettes<br \/><\/b><\/span><\/p>\n<p><span style=\"font-family: Georgia; font-weight: normal; font-size: large;\">(Dur\u00e9e : 30 min \/ tout public \u00e0 partir de 4 ans)<\/span><\/p>\n<p>Issus de la tradition lyonnaise, les spectacles de Guignol vont et viennent dans les villes, les parcs ou les \u00e9coles. Le castelet est mobile et peut s&rsquo;installer facilement dans toutes les situations.<\/p>\n<p>Farceur et d\u00e9brouillard inv\u00e9t\u00e9r\u00e9, Guignol ne perd pas le nord quand un ours d\u00e9barque dans la for\u00eat. Qui , de Guignol ou du gendarme, arrivera au bout de cette aventure ?!<\/p>\n<p style=\"text-align: center;\"><strong>\u00a0<\/strong><\/p>\n<p>Renseignements et tarifs sur demande : <a href=\"mailto:associationlespucks@gmail.com\">associationlespucks@gmail.com<\/a><\/p>\n<p><a href=\"http:\/\/www.virges-armes.fr\/les-marionnettes\/\" target=\"_blank\" rel=\"noopener\">Coproduction Cie Virges Armes, <em>histoire vivante.<\/em><\/a><a href=\"http:\/\/www.virges-armes.fr\/les-marionnettes\/\"><\/a><\/p>[\/et_pb_text][et_pb_button button_url=\u00a0\u00bbhttps:\/\/www.lespucks.com\/index.php\/nous-contacter\/\u00a0\u00bb button_text=\u00a0\u00bbContactez nous pour un devis\u00a0\u00bb _builder_version=\u00a0\u00bb4.16&Prime; custom_button=\u00a0\u00bbon\u00a0\u00bb button_text_size=\u00a0\u00bb15px\u00a0\u00bb button_text_color=\u00a0\u00bb#0c71c3&Prime; button_letter_spacing=\u00a0\u00bb4px\u00a0\u00bb button_font=\u00a0\u00bb||||||||\u00a0\u00bb global_colors_info=\u00a0\u00bb{}\u00a0\u00bb][\/et_pb_button][\/et_pb_column][\/et_pb_row][\/et_pb_section]\n","protected":false},"excerpt":{"rendered":"<p>Guignol et l&rsquo;Ours Marionnettes (Dur\u00e9e : 30 min \/ tout public \u00e0 partir de 4 ans) Issus de la tradition lyonnaise, les spectacles de Guignol vont et viennent dans les villes, les parcs ou les \u00e9coles. Le castelet est mobile et peut s&rsquo;installer facilement dans toutes les situations. Farceur et d\u00e9brouillard inv\u00e9t\u00e9r\u00e9, Guignol ne perd [&hellip;]<\/p>\n","protected":false},"author":1,"featured_media":0,"parent":0,"menu_order":0,"comment_status":"closed","ping_status":"closed","template":"","meta":{"_et_pb_use_builder":"on","_et_pb_old_content":"","_et_gb_content_width":"","footnotes":""},"class_list":["post-3669","page","type-page","status-publish","hentry"],"aioseo_notices":[],"_links":{"self":[{"href":"https:\/\/www.lespucks.com\/index.php\/wp-json\/wp\/v2\/pages\/3669","targetHints":{"allow":["GET"]}}],"collection":[{"href":"https:\/\/www.lespucks.com\/index.php\/wp-json\/wp\/v2\/pages"}],"about":[{"href":"https:\/\/www.lespucks.com\/index.php\/wp-json\/wp\/v2\/types\/page"}],"author":[{"embeddable":true,"href":"https:\/\/www.lespucks.com\/index.php\/wp-json\/wp\/v2\/users\/1"}],"replies":[{"embeddable":true,"href":"https:\/\/www.lespucks.com\/index.php\/wp-json\/wp\/v2\/comments?post=3669"}],"version-history":[{"count":14,"href":"https:\/\/www.lespucks.com\/index.php\/wp-json\/wp\/v2\/pages\/3669\/revisions"}],"predecessor-version":[{"id":4033,"href":"https:\/\/www.lespucks.com\/index.php\/wp-json\/wp\/v2\/pages\/3669\/revisions\/4033"}],"wp:attachment":[{"href":"https:\/\/www.lespucks.com\/index.php\/wp-json\/wp\/v2\/media?parent=3669"}],"curies":[{"name":"wp","href":"https:\/\/api.w.org\/{rel}","templated":true}]}}