{"id":3289,"date":"2024-02-26T13:39:13","date_gmt":"2024-02-26T12:39:13","guid":{"rendered":"http:\/\/www.lespucks.com\/?page_id=3289"},"modified":"2024-09-27T16:48:53","modified_gmt":"2024-09-27T14:48:53","slug":"atelier-conteur","status":"publish","type":"page","link":"https:\/\/www.lespucks.com\/index.php\/atelier-conteur\/","title":{"rendered":"Atelier Conteur"},"content":{"rendered":"[et_pb_section fb_built=\u00a0\u00bb1&Prime; admin_label=\u00a0\u00bbsection\u00a0\u00bb _builder_version=\u00a0\u00bb3.0.47&Prime;][et_pb_row admin_label=\u00a0\u00bbrow\u00a0\u00bb _builder_version=\u00a0\u00bb3.0.48&Prime; background_size=\u00a0\u00bbinitial\u00a0\u00bb background_position=\u00a0\u00bbtop_left\u00a0\u00bb background_repeat=\u00a0\u00bbrepeat\u00a0\u00bb][et_pb_column type=\u00a0\u00bb1_2&Prime; _builder_version=\u00a0\u00bb3.0.47&Prime;][et_pb_image src=\u00a0\u00bbhttps:\/\/www.lespucks.com\/wp-content\/uploads\/2024\/01\/DSCF6959.1.jpg\u00a0\u00bb _builder_version=\u00a0\u00bb3.20.1&Prime;][\/et_pb_image][et_pb_button button_url=\u00a0\u00bbhttps:\/\/www.lespucks.com\/wp-content\/uploads\/2024\/07\/Projet-Conteureuse.pdf\u00a0\u00bb button_text=\u00a0\u00bbLe Projet Conteureuses dans les coll\u00e8ges et les lyc\u00e9es\u00a0\u00bb button_alignment=\u00a0\u00bbcenter\u00a0\u00bb _builder_version=\u00a0\u00bb3.20.1&Prime; custom_button=\u00a0\u00bbon\u00a0\u00bb button_text_size=\u00a0\u00bb15px\u00a0\u00bb button_text_color=\u00a0\u00bb#0c71c3&Prime; button_letter_spacing=\u00a0\u00bb4px\u00a0\u00bb button_font=\u00a0\u00bb||||||||\u00a0\u00bb][\/et_pb_button][\/et_pb_column][et_pb_column type=\u00a0\u00bb1_2&Prime; _builder_version=\u00a0\u00bb3.0.47&Prime;][et_pb_text admin_label=\u00a0\u00bbText\u00a0\u00bb _builder_version=\u00a0\u00bb3.20.1&Prime; background_size=\u00a0\u00bbinitial\u00a0\u00bb background_position=\u00a0\u00bbtop_left\u00a0\u00bb background_repeat=\u00a0\u00bbrepeat\u00a0\u00bb]<p>&nbsp;<\/p>\n<p>&nbsp;<\/p>\n<p><\/p>\n<h1 class=\"has-large-font-size\" style=\"text-align: center;\"><strong>Atelier Conteurs<\/strong><\/h1>\n<p><\/p>\n<p>&nbsp;<\/p>\n<h3 style=\"line-height: 100%; margin-bottom: 0cm; text-decoration: none;\" align=\"justify\"><span style=\"font-size: medium; font-family: Georgia; font-weight: normal;\"><em><span size=\"3\"><span face=\"Georgia, serif\">Le conte est une histoire, une histoire orale et une histoire d\u2019oralit\u00e9.<\/span><\/span><\/em><\/span><\/h3>\n<h3 style=\"font-weight: normal; line-height: 100%; margin-bottom: 0cm; text-decoration: none;\" align=\"justify\"><span style=\"font-size: medium; font-family: Georgia; font-weight: normal;\"><span face=\"Georgia, serif\"><span size=\"3\"><strong>Atelier Conteur<\/strong> : <\/span><\/span><\/span><\/h3>\n<h3 style=\"font-weight: normal; line-height: 100%; margin-bottom: 0cm; text-decoration: none;\" align=\"justify\"><span style=\"font-size: medium; font-family: Georgia; font-weight: normal;\"><span face=\"Georgia, serif\"><span size=\"3\">Amener les enfants au conte c\u2019est inscrire leur parole et leur imaginaire dans un groupe. <\/span><\/span><\/span><\/h3>\n<h3 style=\"font-weight: normal; line-height: 100%; margin-bottom: 0cm; text-decoration: none;\" align=\"justify\"><span style=\"font-size: medium; font-family: Georgia; font-weight: normal;\"><span face=\"Georgia, serif\"><span size=\"3\">C\u2019est une pratique artistique d\u00e9clin\u00e9e au quotidien, avec l\u2019expression de leurs sentiments, dans la relation avec les autres. <\/span><\/span><\/span><\/h3>\n<h3 style=\"font-weight: normal; line-height: 100%; margin-bottom: 0cm; text-decoration: none;\" align=\"justify\"><span style=\"font-size: medium; font-family: Georgia; font-weight: normal;\"><span face=\"Georgia, serif\"><span size=\"3\">Dans le conte, la parole est d\u00e9clin\u00e9e selon les personnages, mais elle est aussi pr\u00e9sente dans le corps, dans la respiration et dans les moments de silence.<\/span><\/span><\/span><\/h3>\n<h3><span style=\"font-size: medium; font-family: Georgia; font-weight: normal;\"><strong><span face=\"Georgia, serif\"><span size=\"3\">Atelier Tapis de Conte :<\/span><\/span><\/strong><\/span><\/h3>\n<h3><span style=\"font-size: medium; font-family: Georgia; font-weight: normal;\"><span face=\"Georgia, serif\"><span size=\"3\">Apr\u00e8s l&rsquo;\u00e9coute d&rsquo;un conte, les enfants dessinent les personnages et les d\u00e9cors de l&rsquo;histoire. Plac\u00e9s sur un support, les dessins servent de support visuel \u00e0 l&rsquo;histoire qui peut \u00eatre \u00e0 nouveau racont\u00e9e par le groupe.<\/span><\/span><\/span><\/h3>\n<h3><span style=\"font-family: Georgia; font-weight: normal;\">\u00a0<\/span><\/h3>\n<p><\/p>\n<h3><span style=\"font-size: medium;\"><strong><span style=\"font-family: Georgia;\">Public : de 6 \u00e0 600 ans<\/span><\/strong><\/span><strong><br \/> <\/strong><\/h3>\n<p><\/p>\n<p>&nbsp;<\/p>[\/et_pb_text][et_pb_button button_url=\u00a0\u00bbhttps:\/\/www.lespucks.com\/index.php\/nous-contacter\/\u00a0\u00bb button_text=\u00a0\u00bbContactez nous pour un devis\u00a0\u00bb _builder_version=\u00a0\u00bb3.20.1&Prime; custom_button=\u00a0\u00bbon\u00a0\u00bb button_text_size=\u00a0\u00bb15px\u00a0\u00bb button_text_color=\u00a0\u00bb#0c71c3&Prime; button_letter_spacing=\u00a0\u00bb4px\u00a0\u00bb button_font=\u00a0\u00bb||||||||\u00a0\u00bb][\/et_pb_button][\/et_pb_column][\/et_pb_row][\/et_pb_section]","protected":false},"excerpt":{"rendered":"<p>&nbsp; &nbsp; Atelier Conteurs &nbsp; Le conte est une histoire, une histoire orale et une histoire d\u2019oralit\u00e9. Atelier Conteur : Amener les enfants au conte c\u2019est inscrire leur parole et leur imaginaire dans un groupe. C\u2019est une pratique artistique d\u00e9clin\u00e9e au quotidien, avec l\u2019expression de leurs sentiments, dans la relation avec les autres. Dans le [&hellip;]<\/p>\n","protected":false},"author":1,"featured_media":0,"parent":0,"menu_order":0,"comment_status":"closed","ping_status":"closed","template":"","meta":{"_et_pb_use_builder":"on","_et_pb_old_content":"","_et_gb_content_width":"","footnotes":""},"class_list":["post-3289","page","type-page","status-publish","hentry"],"aioseo_notices":[],"_links":{"self":[{"href":"https:\/\/www.lespucks.com\/index.php\/wp-json\/wp\/v2\/pages\/3289","targetHints":{"allow":["GET"]}}],"collection":[{"href":"https:\/\/www.lespucks.com\/index.php\/wp-json\/wp\/v2\/pages"}],"about":[{"href":"https:\/\/www.lespucks.com\/index.php\/wp-json\/wp\/v2\/types\/page"}],"author":[{"embeddable":true,"href":"https:\/\/www.lespucks.com\/index.php\/wp-json\/wp\/v2\/users\/1"}],"replies":[{"embeddable":true,"href":"https:\/\/www.lespucks.com\/index.php\/wp-json\/wp\/v2\/comments?post=3289"}],"version-history":[{"count":7,"href":"https:\/\/www.lespucks.com\/index.php\/wp-json\/wp\/v2\/pages\/3289\/revisions"}],"predecessor-version":[{"id":3758,"href":"https:\/\/www.lespucks.com\/index.php\/wp-json\/wp\/v2\/pages\/3289\/revisions\/3758"}],"wp:attachment":[{"href":"https:\/\/www.lespucks.com\/index.php\/wp-json\/wp\/v2\/media?parent=3289"}],"curies":[{"name":"wp","href":"https:\/\/api.w.org\/{rel}","templated":true}]}}