{"id":2487,"date":"2024-10-01T19:51:49","date_gmt":"2024-10-01T17:51:49","guid":{"rendered":"http:\/\/www.lespucks.com\/?page_id=2487"},"modified":"2024-10-01T20:13:49","modified_gmt":"2024-10-01T18:13:49","slug":"la-grande-veillee","status":"publish","type":"page","link":"https:\/\/www.lespucks.com\/index.php\/la-grande-veillee\/","title":{"rendered":"La grande veill\u00e9e"},"content":{"rendered":"<p>[et_pb_section fb_built=\u00a0\u00bb1&Prime; _builder_version=\u00a0\u00bb3.20.1&Prime;][et_pb_row _builder_version=\u00a0\u00bb3.20.1&Prime;][et_pb_column type=\u00a0\u00bb1_2&Prime; _builder_version=\u00a0\u00bb3.20.1&Prime;][et_pb_slider show_pagination=\u00a0\u00bboff\u00a0\u00bb _builder_version=\u00a0\u00bb3.20.1&Prime; body_font=\u00a0\u00bb||||||||\u00a0\u00bb animation_style=\u00a0\u00bbzoom\u00a0\u00bb animation_duration=\u00a0\u00bb2000ms\u00a0\u00bb animation_intensity_zoom=\u00a0\u00bb100%\u00a0\u00bb auto=\u00a0\u00bbon\u00a0\u00bb auto_speed=\u00a0\u00bb10000&Prime; auto_ignore_hover=\u00a0\u00bbon\u00a0\u00bb background__hover_enabled=\u00a0\u00bbon\u00a0\u00bb][et_pb_slide _builder_version=\u00a0\u00bb3.20.1&Prime; background_color=\u00a0\u00bb#005963&Prime;]<\/p>\n<p><img loading=\"lazy\" decoding=\"async\" src=\"https:\/\/www.lespucks.com\/wp-content\/uploads\/2024\/10\/La-grande-veill\u00e9e-2-212x300.png\" width=\"363\" height=\"514\" alt=\"\" class=\"wp-image-3793 alignnone size-medium\" srcset=\"https:\/\/www.lespucks.com\/wp-content\/uploads\/2024\/10\/La-grande-veill\u00e9e-2-212x300.png 212w, https:\/\/www.lespucks.com\/wp-content\/uploads\/2024\/10\/La-grande-veill\u00e9e-2-724x1024.png 724w, https:\/\/www.lespucks.com\/wp-content\/uploads\/2024\/10\/La-grande-veill\u00e9e-2-768x1086.png 768w, https:\/\/www.lespucks.com\/wp-content\/uploads\/2024\/10\/La-grande-veill\u00e9e-2-1086x1536.png 1086w, https:\/\/www.lespucks.com\/wp-content\/uploads\/2024\/10\/La-grande-veill\u00e9e-2-1080x1528.png 1080w, https:\/\/www.lespucks.com\/wp-content\/uploads\/2024\/10\/La-grande-veill\u00e9e-2.png 1414w\" sizes=\"(max-width: 363px) 100vw, 363px\" \/><\/p>\n<p>[\/et_pb_slide][et_pb_slide _builder_version=\u00a0\u00bb3.20.1&Prime; background_color=\u00a0\u00bb#005963&Prime;]<\/p>\n<p><img loading=\"lazy\" decoding=\"async\" src=\"https:\/\/www.lespucks.com\/wp-content\/uploads\/2024\/10\/L\u00e9one-274x300.jpg\" width=\"362\" height=\"396\" alt=\"\" class=\"wp-image-3779 alignnone size-medium\" srcset=\"https:\/\/www.lespucks.com\/wp-content\/uploads\/2024\/10\/L\u00e9one-274x300.jpg 274w, https:\/\/www.lespucks.com\/wp-content\/uploads\/2024\/10\/L\u00e9one-768x840.jpg 768w, https:\/\/www.lespucks.com\/wp-content\/uploads\/2024\/10\/L\u00e9one.jpg 912w\" sizes=\"(max-width: 362px) 100vw, 362px\" \/><\/p>\n<p>[\/et_pb_slide][\/et_pb_slider][\/et_pb_column][et_pb_column type=\u00a0\u00bb1_2&Prime; _builder_version=\u00a0\u00bb3.20.1&Prime;][et_pb_text _builder_version=\u00a0\u00bb3.20.1&Prime; inline_fonts=\u00a0\u00bbGeorgia\u00a0\u00bb]<\/p>\n<p>&nbsp;<\/p>\n<p><span style=\"font-family: Georgia; font-weight: normal; font-size: large;\"><b>La grande veill\u00e9e<\/b><\/span><\/p>\n<p><span style=\"font-family: Georgia; font-weight: normal; font-size: large;\">(Dur\u00e9e : 45 min \/ Maternelle, primaire, famille)<\/span><\/p>\n<p><span style=\"font-size: 14px;\">L\u2019hiver, \u00e0 la lueur des bougies, les anciens et les anciennes se racontaient des histoires et chantaient ensemble les soirs de veill\u00e9es. Ce spectacle invite petits et grands \u00e0 se rassembler pour \u00e9couter des contes merveilleux et faire r\u00e9sonner quelques airs traditionnels. <\/span><\/p>\n<p><span style=\"font-size: 14px;\">Un moment de partage et de transmission tout en humour et po\u00e9sie pour c\u00e9l\u00e9brer les f\u00eates de fin d\u2019ann\u00e9e.<\/span><\/p>\n<p class=\"cvGsUA direction-ltr align-center para-style-body\"><span class=\"OYPEnA font-feature-liga-off font-feature-clig-off font-feature-calt-off text-decoration-none text-strikethrough-none\">Le public est invit\u00e9 \u00e0 r\u00e9p\u00e9ter, chanter et m\u00eame danser\u00a0<\/span><span style=\"font-size: 14px;\">(si l\u2019espace s\u2019y pr\u00eate).<\/span><\/p>\n<p class=\"cvGsUA direction-ltr align-center para-style-body\">\n<p class=\"cvGsUA direction-ltr align-center para-style-body\"><span class=\"OYPEnA font-feature-liga-off font-feature-clig-off font-feature-calt-off text-decoration-none text-strikethrough-none\">Public : d\u00e8s 3 ans \/ Public familial \/ Adultes<\/span><\/p>\n<p class=\"cvGsUA direction-ltr align-center para-style-body\"><span class=\"OYPEnA font-feature-liga-off font-feature-clig-off font-feature-calt-off text-decoration-none text-strikethrough-none\">Dur\u00e9e : 45mn<\/span><span style=\"font-family: Georgia; font-size: large;\">\u00a0<\/span><\/p>\n<p>[\/et_pb_text][et_pb_button button_url=\u00a0\u00bbhttps:\/\/www.lespucks.com\/index.php\/nous-contacter\/\u00a0\u00bb button_text=\u00a0\u00bbContactez nous pour un devis\u00a0\u00bb _builder_version=\u00a0\u00bb3.20.1&Prime; custom_button=\u00a0\u00bbon\u00a0\u00bb button_text_size=\u00a0\u00bb15px\u00a0\u00bb button_text_color=\u00a0\u00bb#0c71c3&Prime; button_letter_spacing=\u00a0\u00bb4px\u00a0\u00bb button_font=\u00a0\u00bb||||||||\u00a0\u00bb][\/et_pb_button][et_pb_button button_url=\u00a0\u00bbhttps:\/\/www.lespucks.com\/wp-content\/uploads\/2024\/10\/La-grande-veill\u00e9e-dossier-artistique.pdf\u00a0\u00bb button_text=\u00a0\u00bbDossier artistique\u00a0\u00bb button_alignment=\u00a0\u00bbcenter\u00a0\u00bb _builder_version=\u00a0\u00bb3.20.1&Prime; custom_button=\u00a0\u00bbon\u00a0\u00bb button_text_color=\u00a0\u00bbrgba(224,68,60,0.78)\u00a0\u00bb button_bg_color=\u00a0\u00bbrgba(224,153,0,0.6)\u00a0\u00bb button_border_width=\u00a0\u00bb5px\u00a0\u00bb button_border_radius=\u00a0\u00bb0px\u00a0\u00bb button_letter_spacing=\u00a0\u00bb0px\u00a0\u00bb button_font=\u00a0\u00bb||||||||\u00a0\u00bb custom_margin=\u00a0\u00bb0px||\u00a0\u00bb custom_padding=\u00a0\u00bb||\u00a0\u00bb saved_tabs=\u00a0\u00bball\u00a0\u00bb][\/et_pb_button][\/et_pb_column][\/et_pb_row][\/et_pb_section]<\/p>\n","protected":false},"excerpt":{"rendered":"<p>&nbsp; La grande veill\u00e9e (Dur\u00e9e : 45 min \/ Maternelle, primaire, famille) L\u2019hiver, \u00e0 la lueur des bougies, les anciens et les anciennes se racontaient des histoires et chantaient ensemble les soirs de veill\u00e9es. Ce spectacle invite petits et grands \u00e0 se rassembler pour \u00e9couter des contes merveilleux et faire r\u00e9sonner quelques airs traditionnels. Un [&hellip;]<\/p>\n","protected":false},"author":1,"featured_media":0,"parent":0,"menu_order":0,"comment_status":"closed","ping_status":"closed","template":"","meta":{"_et_pb_use_builder":"on","_et_pb_old_content":"","_et_gb_content_width":"","footnotes":""},"class_list":["post-2487","page","type-page","status-publish","hentry"],"aioseo_notices":[],"_links":{"self":[{"href":"https:\/\/www.lespucks.com\/index.php\/wp-json\/wp\/v2\/pages\/2487","targetHints":{"allow":["GET"]}}],"collection":[{"href":"https:\/\/www.lespucks.com\/index.php\/wp-json\/wp\/v2\/pages"}],"about":[{"href":"https:\/\/www.lespucks.com\/index.php\/wp-json\/wp\/v2\/types\/page"}],"author":[{"embeddable":true,"href":"https:\/\/www.lespucks.com\/index.php\/wp-json\/wp\/v2\/users\/1"}],"replies":[{"embeddable":true,"href":"https:\/\/www.lespucks.com\/index.php\/wp-json\/wp\/v2\/comments?post=2487"}],"version-history":[{"count":5,"href":"https:\/\/www.lespucks.com\/index.php\/wp-json\/wp\/v2\/pages\/2487\/revisions"}],"predecessor-version":[{"id":3796,"href":"https:\/\/www.lespucks.com\/index.php\/wp-json\/wp\/v2\/pages\/2487\/revisions\/3796"}],"wp:attachment":[{"href":"https:\/\/www.lespucks.com\/index.php\/wp-json\/wp\/v2\/media?parent=2487"}],"curies":[{"name":"wp","href":"https:\/\/api.w.org\/{rel}","templated":true}]}}