{"id":237,"date":"2020-01-14T09:39:32","date_gmt":"2020-01-14T08:39:32","guid":{"rendered":"http:\/\/www.lespucks.com\/?page_id=237"},"modified":"2023-12-21T19:24:09","modified_gmt":"2023-12-21T18:24:09","slug":"babass-vous-apprend-a-jongler","status":"publish","type":"page","link":"https:\/\/www.lespucks.com\/index.php\/babass-vous-apprend-a-jongler\/","title":{"rendered":"Babass vous apprend \u00e0 jongler"},"content":{"rendered":"<p>[et_pb_section fb_built=\u00a0\u00bb1&Prime; _builder_version=\u00a0\u00bb3.20.1&Prime;][et_pb_row _builder_version=\u00a0\u00bb3.20.1&Prime;][et_pb_column type=\u00a0\u00bb1_2&Prime; _builder_version=\u00a0\u00bb3.20.1&Prime;][et_pb_slider show_pagination=\u00a0\u00bboff\u00a0\u00bb _builder_version=\u00a0\u00bb3.20.1&Prime; animation_style=\u00a0\u00bbzoom\u00a0\u00bb animation_duration=\u00a0\u00bb2000ms\u00a0\u00bb animation_intensity_zoom=\u00a0\u00bb100%\u00a0\u00bb auto=\u00a0\u00bbon\u00a0\u00bb auto_speed=\u00a0\u00bb10000&Prime; auto_ignore_hover=\u00a0\u00bbon\u00a0\u00bb][et_pb_slide _builder_version=\u00a0\u00bb3.20.1&Prime; background_color=\u00a0\u00bb#136972&Prime;]<\/p>\n<p><img loading=\"lazy\" decoding=\"async\" src=\"https:\/\/www.lespucks.com\/wp-content\/uploads\/2020\/07\/DSC_1454.jpg\" width=\"782\" height=\"1200\" alt=\"\" class=\"wp-image-551 alignnone size-full\" srcset=\"https:\/\/www.lespucks.com\/wp-content\/uploads\/2020\/07\/DSC_1454.jpg 782w, https:\/\/www.lespucks.com\/wp-content\/uploads\/2020\/07\/DSC_1454-196x300.jpg 196w, https:\/\/www.lespucks.com\/wp-content\/uploads\/2020\/07\/DSC_1454-667x1024.jpg 667w, https:\/\/www.lespucks.com\/wp-content\/uploads\/2020\/07\/DSC_1454-768x1179.jpg 768w\" sizes=\"(max-width: 782px) 100vw, 782px\" \/><\/p>\n<p>[\/et_pb_slide][et_pb_slide _builder_version=\u00a0\u00bb3.20.1&Prime; background_color=\u00a0\u00bb#136972&Prime;]<\/p>\n<p><img loading=\"lazy\" decoding=\"async\" src=\"https:\/\/www.lespucks.com\/wp-content\/uploads\/2020\/07\/journ\u00e9e-de-la-roue-2.jpg\" width=\"1182\" height=\"1654\" alt=\"\" class=\"wp-image-596 alignnone size-full\" srcset=\"https:\/\/www.lespucks.com\/wp-content\/uploads\/2020\/07\/journ\u00e9e-de-la-roue-2.jpg 1182w, https:\/\/www.lespucks.com\/wp-content\/uploads\/2020\/07\/journ\u00e9e-de-la-roue-2-214x300.jpg 214w, https:\/\/www.lespucks.com\/wp-content\/uploads\/2020\/07\/journ\u00e9e-de-la-roue-2-732x1024.jpg 732w, https:\/\/www.lespucks.com\/wp-content\/uploads\/2020\/07\/journ\u00e9e-de-la-roue-2-768x1075.jpg 768w, https:\/\/www.lespucks.com\/wp-content\/uploads\/2020\/07\/journ\u00e9e-de-la-roue-2-1098x1536.jpg 1098w, https:\/\/www.lespucks.com\/wp-content\/uploads\/2020\/07\/journ\u00e9e-de-la-roue-2-1080x1511.jpg 1080w\" sizes=\"(max-width: 1182px) 100vw, 1182px\" \/><\/p>\n<p>[\/et_pb_slide][et_pb_slide _builder_version=\u00a0\u00bb3.20.1&Prime; background_color=\u00a0\u00bb#136972&Prime;]<\/p>\n<p><img loading=\"lazy\" decoding=\"async\" src=\"https:\/\/www.lespucks.com\/wp-content\/uploads\/2020\/07\/DSC_1460.jpg\" width=\"930\" height=\"1200\" alt=\"\" class=\"wp-image-552 alignnone size-full\" srcset=\"https:\/\/www.lespucks.com\/wp-content\/uploads\/2020\/07\/DSC_1460.jpg 930w, https:\/\/www.lespucks.com\/wp-content\/uploads\/2020\/07\/DSC_1460-233x300.jpg 233w, https:\/\/www.lespucks.com\/wp-content\/uploads\/2020\/07\/DSC_1460-794x1024.jpg 794w, https:\/\/www.lespucks.com\/wp-content\/uploads\/2020\/07\/DSC_1460-768x991.jpg 768w, https:\/\/www.lespucks.com\/wp-content\/uploads\/2020\/07\/DSC_1460-400x516.jpg 400w\" sizes=\"(max-width: 930px) 100vw, 930px\" \/><\/p>\n<p>[\/et_pb_slide][et_pb_slide _builder_version=\u00a0\u00bb3.20.1&Prime; background_color=\u00a0\u00bb#136972&Prime;]<img loading=\"lazy\" decoding=\"async\" src=\"https:\/\/www.lespucks.com\/wp-content\/uploads\/2020\/07\/Sans-titre-1.jpg\" width=\"1182\" height=\"1654\" alt=\"\" class=\"wp-image-597 alignnone size-full\" srcset=\"https:\/\/www.lespucks.com\/wp-content\/uploads\/2020\/07\/Sans-titre-1.jpg 1182w, https:\/\/www.lespucks.com\/wp-content\/uploads\/2020\/07\/Sans-titre-1-214x300.jpg 214w, https:\/\/www.lespucks.com\/wp-content\/uploads\/2020\/07\/Sans-titre-1-732x1024.jpg 732w, https:\/\/www.lespucks.com\/wp-content\/uploads\/2020\/07\/Sans-titre-1-768x1075.jpg 768w, https:\/\/www.lespucks.com\/wp-content\/uploads\/2020\/07\/Sans-titre-1-1098x1536.jpg 1098w, https:\/\/www.lespucks.com\/wp-content\/uploads\/2020\/07\/Sans-titre-1-1080x1511.jpg 1080w\" sizes=\"(max-width: 1182px) 100vw, 1182px\" \/>[\/et_pb_slide][\/et_pb_slider][\/et_pb_column][et_pb_column type=\u00a0\u00bb1_2&Prime; _builder_version=\u00a0\u00bb3.20.1&Prime;][et_pb_text _builder_version=\u00a0\u00bb3.20.1&Prime;]<\/p>\n<p>&nbsp;<\/p>\n<p><span face=\"Georgia\"><b style=\"font-family: Georgia; font-size: 18px;\">Babass vous apprend \u00e0 jongler\u00a0<\/b><span style=\"font-size: medium;\"><span face=\"Georgia\" size=\"3\" style=\"font-family: Georgia; font-size: medium;\">\u00a0(en ext\u00e9rieur ou en\u00a0<\/span><\/span><\/span><span face=\"Georgia\" style=\"font-family: Georgia;\">int\u00e9rieur)<\/span><\/p>\n<p><strong>mairie, comit\u00e9 d&rsquo;entreprise, association, particulier.<\/strong><\/p>\n<p><span style=\"font-family: Georgia; font-weight: normal; font-size: large;\">(Dur\u00e9e : minimum 2h \/ Maternelle, primaire, famille)<\/span><\/p>\n<p><span style=\"font-family: Georgia; font-weight: normal; font-size: large;\"><\/span><\/p>\n<p><span style=\"font-family: Georgia; font-weight: normal; font-size: large;\"><\/span><\/p>\n<p><span style=\"font-family: Georgia; font-weight: normal; font-size: large;\"><\/span><\/p>\n<p><span style=\"font-weight: normal; font-family: Georgia; font-size: medium;\">Balles, diabolos, massues, monocycle, p\u00e9dal-go, mais aussi balai, b\u00e9quille ou ventouse&#8230;.\u00a0 le professeur Babass vous explique \u00e0 sa fa\u00e7on comment tout cela fonctionne. C\u2019est impressionnant et dr\u00f4le \u00e0 la fois.<\/span><\/p>\n<p align=\"JUSTIFY\"><span style=\"font-weight: normal; font-family: Georgia; font-size: medium;\">C\u2019est une mise en bouche qui permet de pr\u00e9senter les diff\u00e9rents objets avec lesquels les \u00e9l\u00e8ves vont travailler, mais aussi d\u2019avoir un contact direct avec leur nouveau professeur qui va leur proposer une ambiance d\u2019apprentissage respectueuse et joyeuse.<\/span><\/p>\n<p align=\"JUSTIFY\"><span style=\"font-weight: normal; font-family: Georgia; font-size: medium;\"><\/span><\/p>\n<p align=\"JUSTIFY\"><span style=\"font-weight: normal; font-family: Georgia; font-size: medium;\"><\/span><\/p>\n<p align=\"JUSTIFY\"><span style=\"font-weight: normal; font-family: Georgia; font-size: medium;\"><\/span><\/p>\n<p align=\"JUSTIFY\"><span style=\"font-weight: normal; font-family: Georgia; font-size: medium;\"><\/span><\/p>\n<p align=\"JUSTIFY\"><strong>Jeux d\u2019adresse\u00a0:<\/strong> balles, foulards, diabolos, b\u00e2tons du diable, massues, kiwido, assiette chinoise, boite \u00e0 cigare.<\/p>\n<p align=\"JUSTIFY\"><strong>Jeux d\u2019\u00e9quilibre\u00a0:<\/strong> rolla-bolla, p\u00e9dal-go, fil de funambule, monocycle.<\/p>\n<p align=\"JUSTIFY\"><strong>Acrobaties:<\/strong> roulade avant ou arri\u00e8re, saut droit, carp\u00e9 ou p\u00e9rieux.<\/p>\n<p align=\"JUSTIFY\">\n<p align=\"JUSTIFY\"><span style=\"font-family: Georgia; font-weight: normal; font-size: large;\"><\/span><\/p>\n<p align=\"JUSTIFY\">\n<p align=\"JUSTIFY\"><em>Tarif d\u00e9gressif suivant le nombre d&rsquo;heures souhait\u00e9es<\/em><span style=\"font-family: Georgia; font-weight: normal; font-size: large;\"><\/span><\/p>\n<p align=\"JUSTIFY\">\n<p>[\/et_pb_text][\/et_pb_column][\/et_pb_row][\/et_pb_section]<\/p>\n","protected":false},"excerpt":{"rendered":"<p>&nbsp; Babass vous apprend \u00e0 jongler\u00a0\u00a0(en ext\u00e9rieur ou en\u00a0int\u00e9rieur) mairie, comit\u00e9 d&rsquo;entreprise, association, particulier. (Dur\u00e9e : minimum 2h \/ Maternelle, primaire, famille) Balles, diabolos, massues, monocycle, p\u00e9dal-go, mais aussi balai, b\u00e9quille ou ventouse&#8230;.\u00a0 le professeur Babass vous explique \u00e0 sa fa\u00e7on comment tout cela fonctionne. C\u2019est impressionnant et dr\u00f4le \u00e0 la fois. C\u2019est une mise [&hellip;]<\/p>\n","protected":false},"author":1,"featured_media":0,"parent":0,"menu_order":0,"comment_status":"closed","ping_status":"closed","template":"","meta":{"_et_pb_use_builder":"on","_et_pb_old_content":"","_et_gb_content_width":"","footnotes":""},"class_list":["post-237","page","type-page","status-publish","hentry"],"aioseo_notices":[],"_links":{"self":[{"href":"https:\/\/www.lespucks.com\/index.php\/wp-json\/wp\/v2\/pages\/237","targetHints":{"allow":["GET"]}}],"collection":[{"href":"https:\/\/www.lespucks.com\/index.php\/wp-json\/wp\/v2\/pages"}],"about":[{"href":"https:\/\/www.lespucks.com\/index.php\/wp-json\/wp\/v2\/types\/page"}],"author":[{"embeddable":true,"href":"https:\/\/www.lespucks.com\/index.php\/wp-json\/wp\/v2\/users\/1"}],"replies":[{"embeddable":true,"href":"https:\/\/www.lespucks.com\/index.php\/wp-json\/wp\/v2\/comments?post=237"}],"version-history":[{"count":0,"href":"https:\/\/www.lespucks.com\/index.php\/wp-json\/wp\/v2\/pages\/237\/revisions"}],"wp:attachment":[{"href":"https:\/\/www.lespucks.com\/index.php\/wp-json\/wp\/v2\/media?parent=237"}],"curies":[{"name":"wp","href":"https:\/\/api.w.org\/{rel}","templated":true}]}}