{"id":222,"date":"2020-01-14T09:30:14","date_gmt":"2020-01-14T08:30:14","guid":{"rendered":"http:\/\/www.lespucks.com\/?page_id=222"},"modified":"2026-03-11T19:13:59","modified_gmt":"2026-03-11T18:13:59","slug":"les-stages-2024","status":"publish","type":"page","link":"https:\/\/www.lespucks.com\/index.php\/les-stages-2024\/","title":{"rendered":"les Stages 2024 au chapiteau\u00a0"},"content":{"rendered":"<p>[et_pb_section fb_built=\u00a0\u00bb1&Prime; _builder_version=\u00a0\u00bb4.16&Prime; custom_padding=\u00a0\u00bb54px|0|54px|1px|false|false\u00a0\u00bb global_colors_info=\u00a0\u00bb{}\u00a0\u00bb][et_pb_row _builder_version=\u00a0\u00bb4.16&Prime; global_colors_info=\u00a0\u00bb{}\u00a0\u00bb][et_pb_column type=\u00a0\u00bb4_4&Prime; _builder_version=\u00a0\u00bb4.16&Prime; custom_padding=\u00a0\u00bb|||\u00a0\u00bb global_colors_info=\u00a0\u00bb{}\u00a0\u00bb custom_padding__hover=\u00a0\u00bb|||\u00a0\u00bb][et_pb_divider color=\u00a0\u00bbrgba(229,81,22,0.76)\u00a0\u00bb divider_weight=\u00a0\u00bb2px\u00a0\u00bb _builder_version=\u00a0\u00bb4.16&Prime; height=\u00a0\u00bb6px\u00a0\u00bb global_colors_info=\u00a0\u00bb{}\u00a0\u00bb][\/et_pb_divider][et_pb_text _builder_version=\u00a0\u00bb4.16&Prime; text_font=\u00a0\u00bb||||||||\u00a0\u00bb text_font_size=\u00a0\u00bb46px\u00a0\u00bb text_font_size_tablet=\u00a0\u00bb\u00a0\u00bb text_font_size_phone=\u00a0\u00bb25px\u00a0\u00bb text_font_size_last_edited=\u00a0\u00bbon|desktop\u00a0\u00bb text_letter_spacing_tablet=\u00a0\u00bb\u00a0\u00bb text_letter_spacing_phone=\u00a0\u00bb0px\u00a0\u00bb text_letter_spacing_last_edited=\u00a0\u00bbon|desktop\u00a0\u00bb text_line_height_tablet=\u00a0\u00bb\u00a0\u00bb text_line_height_phone=\u00a0\u00bb\u00a0\u00bb text_line_height_last_edited=\u00a0\u00bbon|phone\u00a0\u00bb global_colors_info=\u00a0\u00bb{}\u00a0\u00bb]<\/p>\n<p style=\"text-align: center;\"><span style=\"color: #666666;\">Tous les Stages 2025 au chapiteau<\/span><\/p>\n<p>[\/et_pb_text][et_pb_divider color=\u00a0\u00bbrgba(229,81,22,0.76)\u00a0\u00bb divider_weight=\u00a0\u00bb2px\u00a0\u00bb _builder_version=\u00a0\u00bb4.16&Prime; global_colors_info=\u00a0\u00bb{}\u00a0\u00bb][\/et_pb_divider][et_pb_button button_url=\u00a0\u00bbhttps:\/\/www.lespucks.com\/wp-content\/uploads\/2026\/03\/stage-printemps-pour-web-p-12.jpg\u00a0\u00bb button_text=\u00a0\u00bbt\u00e9l\u00e9charger le programme des stages\u00a0\u00bb button_alignment=\u00a0\u00bbcenter\u00a0\u00bb _builder_version=\u00a0\u00bb4.27.5&Prime; custom_button=\u00a0\u00bbon\u00a0\u00bb button_text_size=\u00a0\u00bb19px\u00a0\u00bb button_text_color=\u00a0\u00bbrgba(0,0,0,0.69)\u00a0\u00bb button_bg_color=\u00a0\u00bbrgba(224,122,116,0.88)\u00a0\u00bb button_border_width=\u00a0\u00bb5px\u00a0\u00bb button_border_color=\u00a0\u00bbrgba(0,0,0,0.48)\u00a0\u00bb button_border_radius=\u00a0\u00bb0px\u00a0\u00bb button_letter_spacing=\u00a0\u00bb0px\u00a0\u00bb button_font=\u00a0\u00bb||||||||\u00a0\u00bb custom_margin=\u00a0\u00bb0px||\u00a0\u00bb custom_padding=\u00a0\u00bb||\u00a0\u00bb hover_enabled=\u00a0\u00bb0&Prime; saved_tabs=\u00a0\u00bball\u00a0\u00bb global_colors_info=\u00a0\u00bb{}\u00a0\u00bb sticky_enabled=\u00a0\u00bb0&Prime;][\/et_pb_button][\/et_pb_column][\/et_pb_row][et_pb_row column_structure=\u00a0\u00bb1_3,1_3,1_3&Prime; make_equal=\u00a0\u00bbon\u00a0\u00bb _builder_version=\u00a0\u00bb4.16&Prime; background_color=\u00a0\u00bb#ffffff\u00a0\u00bb global_colors_info=\u00a0\u00bb{}\u00a0\u00bb][et_pb_column type=\u00a0\u00bb1_3&Prime; _builder_version=\u00a0\u00bb4.16&Prime; custom_padding=\u00a0\u00bb|||\u00a0\u00bb global_colors_info=\u00a0\u00bb{}\u00a0\u00bb custom_padding__hover=\u00a0\u00bb|||\u00a0\u00bb][et_pb_text _builder_version=\u00a0\u00bb4.27.5&Prime; background_color=\u00a0\u00bbrgba(224,111,105,0.39)\u00a0\u00bb custom_padding=\u00a0\u00bb10px|15px||15px\u00a0\u00bb inline_fonts=\u00a0\u00bbGeorgia\u00a0\u00bb global_colors_info=\u00a0\u00bb{}\u00a0\u00bb]<\/p>\n<h2 style=\"text-align: center;\" align=\"JUSTIFY\"><\/h2>\n<h2 style=\"text-align: center;\" align=\"JUSTIFY\"><\/h2>\n<h2 style=\"text-align: center;\" align=\"JUSTIFY\"><span style=\"color: #333333;\">Stage titi Cirque 2 \u00e0 5 ans<\/span><\/h2>\n<p style=\"text-align: center;\" align=\"LEFT\"><span style=\"font-family: Georgia;\"><strong style=\"color: #333333; font-size: 18px;\">\u00a0 \u00a0 du 20 au 24 avril et du 27 au 1 mai<\/strong><\/span><\/p>\n<p style=\"text-align: center;\" align=\"LEFT\"><span style=\"font-family: Georgia;\"><strong style=\"color: #333333; font-size: 18px;\">de 10h \u00e0 11h<\/strong><\/span><\/p>\n<p align=\"JUSTIFY\">D\u00e9couverte des arts du cirque par des jeux d&rsquo;adresse, d&rsquo;\u00e9quilibre, mais aussi d&rsquo;acrobatie et jeux a\u00e9riens.<\/p>\n<p align=\"JUSTIFY\">Vous \u00eates invit\u00e9s en tant que parents grands-parents, assistantes maternelles \u00e0 venir voir votre entant \u00e9voluer autour de l&rsquo;activit\u00e9 \u00ab\u00a0arts du cirque\u00a0\u00bb.<\/p>\n<p align=\"JUSTIFY\">Les parents accompagnent leurs enfants dans les diff\u00e9rentes pratiques, soit en jouant avec eux, soit en d\u00e9couvrant l&rsquo;activit\u00e9 eux m\u00eame. Les enfants n&rsquo;en seront que plus heureux.<\/p>\n<p style=\"text-align: center;\" align=\"LEFT\"><span style=\"font-family: Georgia;\"><span style=\"font-size: medium;\"><strong>Du 14 au 18 et du 21 au 25 avril de 10h \u00e0 11 h \/ 45 \u20ac la semaine \/ 11 \u20ac la s\u00e9ance (adh\u00e9sion comprise)<br \/>INSCRIPTION : Babass 09 75 61 84 28 &#8211; babass.lespucks@gmail.com<\/strong><\/span><\/span><\/p>\n<p style=\"text-align: center;\" align=\"LEFT\">[\/et_pb_text][et_pb_text _builder_version=\u00a0\u00bb4.16&Prime; background_color=\u00a0\u00bbrgba(164,216,114,0.64)\u00a0\u00bb custom_margin=\u00a0\u00bb0px||\u00a0\u00bb custom_padding=\u00a0\u00bb10px|15px|41px|15px\u00a0\u00bb inline_fonts=\u00a0\u00bbGeorgia\u00a0\u00bb global_colors_info=\u00a0\u00bb{}\u00a0\u00bb]<\/p>\n<h2 style=\"text-align: center;\" align=\"JUSTIFY\"><\/h2>\n<h2 style=\"text-align: center;\" align=\"JUSTIFY\"><\/h2>\n<h2 style=\"text-align: center;\" align=\"JUSTIFY\"><span style=\"color: #333333;\">Stage Cirque 6 \u00e0 11 ans<\/span><\/h2>\n<h4 style=\"text-align: center;\"><span style=\"font-family: Georgia; font-weight: normal;\">\u00a0<\/span><span style=\"font-family: Georgia; font-weight: normal;\"><em><strong>\u00a0 \u00a0 <\/strong><\/em><strong>\u00a0 du 20 au 24 et du 27 au 1 mai<\/strong><\/span><\/h4>\n<p><span style=\"font-family: Georgia; font-weight: normal;\"><strong>\u00a0 \u00a0 \u00a0 \u00a0 \u00a0 \u00a0 \u00a0 \u00a0 \u00a0 \u00a0 \u00a0 \u00a0 \u00a0 \u00a0 de 13h30 \u00e0 16h30<\/strong><\/span><\/p>\n<p align=\"JUSTIFY\">D\u00e9couverte des arts du cirque et mise en place d&rsquo;un spectacle chor\u00e9graphi\u00e9.<\/p>\n<p align=\"JUSTIFY\">Apprentissage des techniques d&rsquo;adresse, d&rsquo;\u00e9quilibre, d&rsquo;acrobaties et jeux a\u00e9riens. Les \u00e9l\u00e8ves sont amen\u00e9s \u00e0 se sp\u00e9cialiser tout seuls. Au fur et \u00e0 mesure de l&rsquo;apprentissage, de fa\u00e7on naturelle, ils vont choisir leur objet de pr\u00e9dilection et ainsi progresser avec le plaisir du travail ludique.<\/p>\n<p style=\"text-align: justify;\" align=\"JUSTIFY\">D\u00e9couverte de la sc\u00e8ne \u00e0 travers des exercices adapt\u00e9s. Travail de positionement, prise de la parole, expression corporelle et mime.<\/p>\n<p style=\"text-align: center;\" align=\"LEFT\"><span style=\"font-family: Georgia; font-weight: normal; color: #33333;\"><strong> Du 14 au 18 et du 21 au 25 avril de 13h30 \u00e0 16h30 \/ 90 \u20ac la semaine \/ 22 \u20ac la s\u00e9ance (Adh\u00e9sion comprise)<br \/>INSCRIPTION : Babass 09 75 61 84 28 &#8211; babass.lespucks@gmail.com<\/strong><\/span><\/p>\n<p align=\"LEFT\"><span style=\"font-family: Georgia; font-weight: normal; color: #33333;\"><em>Spectacle de fin de stage + on vous propose la sc\u00e8ne ouverte de la f\u00eate \u00d4 chap du 19 avril.<\/em><\/span><\/p>\n<p style=\"text-align: center;\" align=\"LEFT\">\n<p>[\/et_pb_text][\/et_pb_column][et_pb_column type=\u00a0\u00bb1_3&Prime; _builder_version=\u00a0\u00bb4.16&Prime; custom_padding=\u00a0\u00bb|||\u00a0\u00bb global_colors_info=\u00a0\u00bb{}\u00a0\u00bb custom_padding__hover=\u00a0\u00bb|||\u00a0\u00bb][et_pb_text _builder_version=\u00a0\u00bb4.16&Prime; text_font=\u00a0\u00bb||||||||\u00a0\u00bb header_font=\u00a0\u00bb||||||||\u00a0\u00bb background_color=\u00a0\u00bbrgba(224,187,107,0.61)\u00a0\u00bb custom_margin=\u00a0\u00bb0px||25px\u00a0\u00bb custom_padding=\u00a0\u00bb10px|15px|76px|15px\u00a0\u00bb inline_fonts=\u00a0\u00bbGeorgia\u00a0\u00bb global_colors_info=\u00a0\u00bb{}\u00a0\u00bb]<\/p>\n<h2 style=\"text-align: center;\" align=\"JUSTIFY\"><\/h2>\n<h2 style=\"text-align: center;\" align=\"JUSTIFY\"><\/h2>\n<h2 style=\"text-align: center;\" align=\"JUSTIFY\"><span style=\"color: #333333;\">Stage Trap\u00e8ze <\/span><\/h2>\n<h2 style=\"text-align: center;\" align=\"JUSTIFY\">&amp;<\/h2>\n<h2 style=\"text-align: center;\" align=\"JUSTIFY\"><span style=\"color: #333333;\">Tissu A\u00e9rien<\/span><\/h2>\n<h3 style=\"text-align: center;\"><strong>pas de stage cette ann\u00e9e<\/strong><\/h3>\n<p align=\"JUSTIFY\">vous avez toujours r\u00eav\u00e9 de monter sur un trap\u00e8ze ou un tissus a\u00e9rien, ou bien vous voulez vous perfectionner, alors vous \u00eates au bon endroit. Camille vous accompagnera dans cette aventure.<\/p>\n<p style=\"text-align: center;\" align=\"JUSTIFY\">de 10h30 \u00e0 12h30 \/ de 8 \u00e0 13 ans &#8211; 25\u20ac \/ de 14h \u00e0 16h30 de 14 \u00e0 74 ans &#8211; 30 \u20ac<br \/>(adh\u00e9sion comprise) INSCRIPTION : Camille 06 01 45 23 03<\/p>\n<p align=\"JUSTIFY\"><strong><em>inscription Camille 06 01 45 23 03<\/em><\/strong><\/p>\n<p style=\"text-align: justify;\" align=\"LEFT\">\n<p>[\/et_pb_text][et_pb_text _builder_version=\u00a0\u00bb4.16&Prime; text_font=\u00a0\u00bb||||||||\u00a0\u00bb header_font=\u00a0\u00bb||||||||\u00a0\u00bb background_color=\u00a0\u00bbrgba(110,156,193,0.55)\u00a0\u00bb custom_margin=\u00a0\u00bb0px||\u00a0\u00bb custom_padding=\u00a0\u00bb10px|15px|166px|15px\u00a0\u00bb inline_fonts=\u00a0\u00bbGeorgia\u00a0\u00bb global_colors_info=\u00a0\u00bb{}\u00a0\u00bb]<\/p>\n<h2 style=\"text-align: center;\" align=\"JUSTIFY\"><\/h2>\n<h2 style=\"text-align: center;\" align=\"JUSTIFY\"><\/h2>\n<h2 style=\"text-align: center;\" align=\"JUSTIFY\"><span style=\"color: #333333;\">Stage Lutherie Sauvag<\/span><span style=\"color: #333333;\">e<\/span><\/h2>\n<h1 style=\"text-align: center;\" align=\"LEFT\"><span style=\"color: #000000;\"><span style=\"font-family: Georgia;\">pas de stage cette ann\u00e9e<\/span><\/span><\/h1>\n<p><span style=\"color: #ff0000;\"><span style=\"font-family: Georgia;\">\u00a0 \u00a0 \u00a0 \u00a0 \u00a0 \u00a0 \u00a0 \u00a0\u00a0<\/span><\/span><\/p>\n<p style=\"text-align: center;\"><span style=\"font-family: Georgia; font-weight: normal; color: #333333;\"><strong>\u00c0 partir de 7 ans<\/strong><\/span><\/p>\n<p align=\"LEFT\">Mais qu&rsquo;est-ce donc que la lutherie sauvage\u00a0? Ce n&rsquo;est pas dangereux. Avec H\u00e9l\u00e8ne et Pierre Jean, deux artistes musiciens, vous serez amen\u00e9 \u00e0 fabriquer des instruments de musique \u00e0 base de r\u00e9cup\u00e9ration dans le but de jouer et improviser avec des gestes de sound painting.<\/p>\n<p style=\"text-align: center;\" align=\"LEFT\"><span style=\"font-size: medium; font-family: Georgia; font-weight: normal;\"><strong>\u00a0 tarif famille \/ nous consulter<\/strong><\/span><\/p>\n<p align=\"LEFT\"><span style=\"font-size: medium; font-family: Georgia; font-weight: normal;\"><em>Les parents peuvent participer \u00e0 l\u2019activit\u00e9 avec leurs enfants.<\/em><\/span><\/p>\n<p align=\"JUSTIFY\"><em>Inscription Pierre Jean\u00a0: 06 67 39 02 04<span style=\"font-size: 14px; text-align: left;\">\u00a0<\/span><\/em><\/p>\n<p>[\/et_pb_text][\/et_pb_column][et_pb_column type=\u00a0\u00bb1_3&Prime; _builder_version=\u00a0\u00bb4.16&Prime; custom_padding=\u00a0\u00bb|||\u00a0\u00bb global_colors_info=\u00a0\u00bb{}\u00a0\u00bb custom_padding__hover=\u00a0\u00bb|||\u00a0\u00bb][et_pb_text _builder_version=\u00a0\u00bb4.16&Prime; background_color=\u00a0\u00bbrgba(224,111,105,0.39)\u00a0\u00bb custom_padding=\u00a0\u00bb|15px||15px\u00a0\u00bb inline_fonts=\u00a0\u00bbGeorgia\u00a0\u00bb global_colors_info=\u00a0\u00bb{}\u00a0\u00bb]<\/p>\n<h2 style=\"text-align: center;\" align=\"JUSTIFY\"><\/h2>\n<h2 style=\"text-align: center;\" align=\"JUSTIFY\"><\/h2>\n<h3 style=\"text-align: center;\" align=\"JUSTIFY\"><span style=\"color: #333333;\">STAGE DE MARIONNETTE BUNRAKU\u00a0<\/span><\/h3>\n<h3 style=\"text-align: center;\" align=\"LEFT\">pas de stage cette ann\u00e9e<\/h3>\n<h5 style=\"text-align: center;\" align=\"LEFT\"><\/h5>\n<h5 style=\"text-align: center;\" align=\"JUSTIFY\"><span style=\"color: #333333;\">(\u00c0 PARTIR DE 8 ANS )<\/span><\/h5>\n<p style=\"text-align: center;\" align=\"LEFT\">D\u00e9couvrez cette marionnette de grande taille qui se manipule \u00e0 deux ou trois personnes, une activit\u00e9 id\u00e9ale en famille. Le jeu sc\u00e9nique et corporel, coupl\u00e9 \u00e0 la manipulation chorale, en font une discipline compl\u00e8te et abordable par tous. Les marionnettes de papier sont fabriqu\u00e9es facilement puis chacun<br \/>peut s&rsquo;exercer sur une petite trame d&rsquo;histoire.<br \/><strong>\u00a0de 15h \u00e0 17h \/ 25 \u20ac la s\u00e9ance (adh\u00e9sion comprise)<\/strong><br \/><strong>INSCRIPTION : Armelle 06 07 97 42 14 \u2013 armellecorbier@orange.fr<\/strong><\/p>\n<p style=\"text-align: center;\" align=\"LEFT\"><span style=\"color: #33333; font-family: Georgia; font-size: medium;\">\u00a0\u00a0<\/span><\/p>\n<p align=\"LEFT\">\n<p>[\/et_pb_text][et_pb_text _builder_version=\u00a0\u00bb4.27.5&Prime; text_font=\u00a0\u00bb||||||||\u00a0\u00bb quote_font=\u00a0\u00bb||||||||\u00a0\u00bb background_color=\u00a0\u00bbrgba(164,216,114,0.64)\u00a0\u00bb custom_margin=\u00a0\u00bb0px||25px\u00a0\u00bb custom_padding=\u00a0\u00bb10px|15px|122px|15px\u00a0\u00bb inline_fonts=\u00a0\u00bbGeorgia\u00a0\u00bb global_colors_info=\u00a0\u00bb{}\u00a0\u00bb]<\/p>\n<h2 style=\"text-align: center;\" align=\"JUSTIFY\"><\/h2>\n<h2 style=\"text-align: center;\" align=\"JUSTIFY\"><\/h2>\n<h2 style=\"text-align: center;\" align=\"JUSTIFY\"><span style=\"color: #333333;\">Stage clown adultes<\/span><\/h2>\n<h3 style=\"text-align: center;\"><span style=\"font-family: Georgia;\">\u00a0 \u00a0 \u00a0 \u00a0 \u00a0 \u00a0 4 au 5 avril 8 au 9 mai <\/span><\/h3>\n<h3 style=\"text-align: center;\"><span style=\"font-family: Georgia;\">\u00a0 \u00a0 \u00a0 \u00a0 \u00a0 \u00a0 \u00a0 \u00a0et d&rsquo;autre stages \u00e0 venir\u00a0 \u00a0\u00a0<\/span><\/h3>\n<p><span style=\"font-family: Georgia;\"><\/span><\/p>\n<p style=\"text-align: center;\">D\u00e9couverte et exploration des outils du clown avec une approche th\u00e9matique. L\u2019objectif c\u2019est de te surprendre, de prendre plaisir \u00e0 jouer avec ce qui te traverse au pr\u00e9sent et de faire confiance \u00e0 ton<br \/>intuition en jeu. Autres stages \u00e0 venir : l&rsquo;\u00e9motion, la voix, l&rsquo;imaginaire<\/p>\n<p style=\"text-align: center;\"><strong>\u00a0de 9h30 \u00e0 18h : Le corps \u2013 100 \u20ac \/ tarif solidaire, nous demander<\/strong><br \/><strong>INFORMATIONS ET INSCRIPTION : Damien &#8211; 06 31 32 85 98 &#8211; gadam.clown@gmail.com<\/strong><\/p>\n<p>[\/et_pb_text][\/et_pb_column][\/et_pb_row][\/et_pb_section]<\/p>\n","protected":false},"excerpt":{"rendered":"<p>Tous les Stages 2025 au chapiteau Stage titi Cirque 2 \u00e0 5 ans \u00a0 \u00a0 du 20 au 24 avril et du 27 au 1 mai de 10h \u00e0 11h D\u00e9couverte des arts du cirque par des jeux d&rsquo;adresse, d&rsquo;\u00e9quilibre, mais aussi d&rsquo;acrobatie et jeux a\u00e9riens. Vous \u00eates invit\u00e9s en tant que parents grands-parents, assistantes [&hellip;]<\/p>\n","protected":false},"author":1,"featured_media":0,"parent":0,"menu_order":0,"comment_status":"closed","ping_status":"closed","template":"","meta":{"_et_pb_use_builder":"on","_et_pb_old_content":"","_et_gb_content_width":"","footnotes":""},"class_list":["post-222","page","type-page","status-publish","hentry"],"aioseo_notices":[],"_links":{"self":[{"href":"https:\/\/www.lespucks.com\/index.php\/wp-json\/wp\/v2\/pages\/222","targetHints":{"allow":["GET"]}}],"collection":[{"href":"https:\/\/www.lespucks.com\/index.php\/wp-json\/wp\/v2\/pages"}],"about":[{"href":"https:\/\/www.lespucks.com\/index.php\/wp-json\/wp\/v2\/types\/page"}],"author":[{"embeddable":true,"href":"https:\/\/www.lespucks.com\/index.php\/wp-json\/wp\/v2\/users\/1"}],"replies":[{"embeddable":true,"href":"https:\/\/www.lespucks.com\/index.php\/wp-json\/wp\/v2\/comments?post=222"}],"version-history":[{"count":11,"href":"https:\/\/www.lespucks.com\/index.php\/wp-json\/wp\/v2\/pages\/222\/revisions"}],"predecessor-version":[{"id":4078,"href":"https:\/\/www.lespucks.com\/index.php\/wp-json\/wp\/v2\/pages\/222\/revisions\/4078"}],"wp:attachment":[{"href":"https:\/\/www.lespucks.com\/index.php\/wp-json\/wp\/v2\/media?parent=222"}],"curies":[{"name":"wp","href":"https:\/\/api.w.org\/{rel}","templated":true}]}}