{"id":220,"date":"2020-01-14T09:29:18","date_gmt":"2020-01-14T08:29:18","guid":{"rendered":"http:\/\/www.lespucks.com\/?page_id=220"},"modified":"2024-02-28T14:32:05","modified_gmt":"2024-02-28T13:32:05","slug":"cours-adultes","status":"publish","type":"page","link":"https:\/\/www.lespucks.com\/index.php\/cours-adultes\/","title":{"rendered":"Les Cours Adultes"},"content":{"rendered":"<p>[et_pb_section fb_built=\u00a0\u00bb1&Prime; _builder_version=\u00a0\u00bb3.20.1&Prime; custom_padding=\u00a0\u00bb54px|0px|54px|1px|false|false\u00a0\u00bb][et_pb_row _builder_version=\u00a0\u00bb3.20.1&Prime;][et_pb_column type=\u00a0\u00bb4_4&Prime; _builder_version=\u00a0\u00bb3.20.1&Prime;][et_pb_divider color=\u00a0\u00bbrgba(229,81,22,0.76)\u00a0\u00bb divider_weight=\u00a0\u00bb2px\u00a0\u00bb height=\u00a0\u00bb6px\u00a0\u00bb _builder_version=\u00a0\u00bb3.20.1&Prime;][\/et_pb_divider][et_pb_text _builder_version=\u00a0\u00bb3.20.1&Prime; text_font=\u00a0\u00bb||||||||\u00a0\u00bb text_font_size=\u00a0\u00bb46px\u00a0\u00bb text_font_size_phone=\u00a0\u00bb26px\u00a0\u00bb text_font_size_last_edited=\u00a0\u00bbon|phone\u00a0\u00bb]<\/p>\n<p style=\"text-align: center;\"><strong>Les Cours pour Adultes<br \/>\n<\/strong><\/p>\n<p>[\/et_pb_text][et_pb_divider color=\u00a0\u00bbrgba(229,81,22,0.76)\u00a0\u00bb divider_weight=\u00a0\u00bb2px\u00a0\u00bb _builder_version=\u00a0\u00bb3.20.1&Prime;][\/et_pb_divider][\/et_pb_column][\/et_pb_row][\/et_pb_section][et_pb_section fb_built=\u00a0\u00bb1&Prime; _builder_version=\u00a0\u00bb3.20.1&Prime; custom_padding=\u00a0\u00bb55px|0px|54px|0px|false|false\u00a0\u00bb][et_pb_row _builder_version=\u00a0\u00bb3.20.1&Prime; background_color=\u00a0\u00bbrgba(224,187,107,0.61)\u00a0\u00bb custom_margin=\u00a0\u00bb-136px||\u00a0\u00bb custom_padding=\u00a0\u00bb141px||\u00a0\u00bb][et_pb_column type=\u00a0\u00bb4_4&Prime; _builder_version=\u00a0\u00bb3.20.1&Prime;][et_pb_text _builder_version=\u00a0\u00bb3.20.1&Prime; text_font=\u00a0\u00bb||||||||\u00a0\u00bb custom_margin=\u00a0\u00bb-119px||\u00a0\u00bb inline_fonts=\u00a0\u00bbGeorgia\u00a0\u00bb custom_padding=\u00a0\u00bb|44px||54px\u00a0\u00bb]<\/p>\n<p style=\"text-align: justify;\"><span style=\"font-family: Georgia; font-weight: normal; font-size: large;\">Apr\u00e8s une journ\u00e9e de travail, il est tr\u00e8s agr\u00e9able de se retrouver entre circassien\/nes pour s\u2019essayer aux techniques de jonglerie, d\u2019\u00e9quilibre et d\u2019a\u00e9rien.\u00a0<\/span><\/p>\n<p style=\"text-align: justify;\"><span style=\"font-family: Georgia; font-weight: normal; font-size: large;\">Le cours du lundi est pris en charge par Babass qui vous donnera toute les ficelles du m\u00e9tier, aussi bien sur les apprentissages techniques que de la mise en place d\u2019un spectacle.<\/span><\/p>\n<p style=\"text-align: justify;\"><span style=\"font-family: Georgia; font-weight: normal; font-size: large;\">Le jeudi, c&rsquo;est un atelier dans lequel chacun peut se perfectionner et reprendre les derni\u00e8res passes apprises. C\u2019est aussi un moment d\u2019\u00e9change o\u00f9 chacun peut apporter ses connaissances \u00e0 l\u2019autre. La salle de Montarlot permet l\u2019accroche d&rsquo;un trap\u00e8ze ou d&rsquo;un tissu a\u00e9rien.<\/span><\/p>\n<p><span style=\"font-family: Georgia; font-weight: normal; font-size: large;\"><b style=\"color: #565656;\">Les objets :\u00a0 \u00a0 \u00a0 \u00a0 \u00a0 \u00a0 \u00a0<\/b><\/span><\/p>\n<p><span style=\"font-family: Georgia; font-weight: normal; font-size: large;\"><span style=\"color: #565656;\">&#8211; Adresse : balles, bolas, diabolos, boite \u00e0 cigare, b\u00e2ton\u00a0du diable, cerceau, boule contact, massues.\u00a0 \u00a0 \u00a0 \u00a0 \u00a0 \u00a0 \u00a0 \u00a0 \u00a0 \u00a0 \u00a0 \u00a0 \u00a0 \u00a0 \u00a0 \u00a0 \u00a0 \u00a0 \u00a0 \u00a0 \u00a0 \u00a0 \u00a0 \u00a0 \u00a0 \u00a0 \u00a0 \u00a0 \u00a0 \u00a0 \u00a0 \u00a0 <\/span><\/span><\/p>\n<p><span style=\"font-family: Georgia; font-weight: normal; font-size: large;\"><span style=\"color: #565656;\">&#8211; \u00c9quilibre :\u00a0 fil de funambule, rola bola, grosse boule.\u00a0 \u00a0 \u00a0 \u00a0 \u00a0 \u00a0 \u00a0 \u00a0 \u00a0 \u00a0 \u00a0 \u00a0 \u00a0 \u00a0 \u00a0 \u00a0 \u00a0 \u00a0 \u00a0 \u00a0 \u00a0 \u00a0 \u00a0 \u00a0 \u00a0 \u00a0 \u00a0 \u00a0 \u00a0 \u00a0 \u00a0 \u00a0 \u00a0 \u00a0 \u00a0 \u00a0 \u00a0 \u00a0 \u00a0<\/span><\/span><\/p>\n<p><span style=\"font-family: Georgia; font-weight: normal; font-size: large;\"><span style=\"color: #565656;\">&#8211; A\u00e9rien : trap\u00e8ze, tissu a\u00e9rien, cerceau a\u00e9rien.<\/span><\/span><\/p>\n<p><span style=\"font-family: Georgia; font-weight: normal; font-size: large;\"><strong>Les s\u00e9ances : <\/strong>1h30 deux fois par semaine. Elles se d\u00e9composent en plusieurs temps d&rsquo;apprentissage longs qui vont vous permettre de mener \u00e0 bien votre projet de spectacle.<\/span><\/p>\n<p><strong>\u00a0<span style=\"font-family: Georgia; font-size: large;\">Le chapiteau :<\/span><\/strong><span style=\"font-family: Georgia; font-weight: normal; font-size: large;\">\u00a0la rentr\u00e9e se passe\u00a0\u00a0sous le chapiteau jusqu\u2019aux\u00a0vacances de la toussaint. Nous passons\u00a0l\u2019hiver\u00a0en salle \u00e0 Montarlot, puis nous r\u00e9int\u00e9grons le chapiteau d\u00e8s que le temps le permet vers la fin du mois de mars ou d\u00e9but du mois avril.\u00a0<\/span><\/p>\n<p style=\"text-align: center;\"><span style=\"font-family: Georgia; font-size: large;\"><strong>Tarif:<\/strong>\u00a0240 \u20ac l\u2019ann\u00e9e \/ 10 \u20ac d\u2019adh\u00e9sion. ou 80 \u20ac pour ceux qui ne pratique que l&rsquo;atelier du jeudi<\/span><\/p>\n<p>[\/et_pb_text][\/et_pb_column][\/et_pb_row][et_pb_row custom_margin=\u00a0\u00bb56px||\u00a0\u00bb _builder_version=\u00a0\u00bb3.20.1&Prime;][et_pb_column type=\u00a0\u00bb4_4&Prime; _builder_version=\u00a0\u00bb3.20.1&Prime;][et_pb_pricing_tables featured_table_background_color=\u00a0\u00bbrgba(0,0,0,0)\u00a0\u00bb featured_table_header_background_color=\u00a0\u00bb#e09900&Prime; featured_table_header_text_color=\u00a0\u00bb#e09900&Prime; header_background_color=\u00a0\u00bb#e06100&Prime; bullet_color=\u00a0\u00bb#ffe900&Prime; featured_table_bullet_color=\u00a0\u00bbrgba(0,0,0,0)\u00a0\u00bb center_list_items=\u00a0\u00bbon\u00a0\u00bb _builder_version=\u00a0\u00bb3.20.1&Prime; header_font=\u00a0\u00bb||||||||\u00a0\u00bb body_font=\u00a0\u00bbMontserrat||||||||\u00a0\u00bb body_text_align=\u00a0\u00bbleft\u00a0\u00bb subheader_font=\u00a0\u00bb||||||||\u00a0\u00bb currency_frequency_font=\u00a0\u00bb||||||||\u00a0\u00bb price_font=\u00a0\u00bb||||||||\u00a0\u00bb custom_margin=\u00a0\u00bb0px||\u00a0\u00bb][et_pb_pricing_table title=\u00a0\u00bbTypes d&rsquo;exercices\u00a0\u00bb _builder_version=\u00a0\u00bb3.20.1&Prime; currency_frequency_font=\u00a0\u00bb||||||||\u00a0\u00bb]<\/p>\n<p>D\u00e9couverte de tous les objets<\/p>\n<p>\u00c9chauffement libre sur les objets<\/p>\n<p>Travail sur la chor\u00e9graphie<\/p>\n<p>Travail de la mise en sc\u00e8ne<\/p>\n<p>Jeux de sc\u00e8ne<\/p>\n<p>[\/et_pb_pricing_table][et_pb_pricing_table title=\u00a0\u00bbCe que cela vous apporte\u00a0\u00bb pricing_item_excluded_color=\u00a0\u00bb#000000&Prime; _builder_version=\u00a0\u00bb3.20.1&Prime; header_font=\u00a0\u00bb||||||||\u00a0\u00bb price_font=\u00a0\u00bb||||||||\u00a0\u00bb]<\/p>\n<p>Sous forme de rotation, D\u00e9couverte de tous les objets d&rsquo;adresse et d&rsquo;\u00e9quilibre (cit\u00e9s plus haut)<\/p>\n<p>Plaisir de d\u00e9couvrir l&rsquo;objet que l&rsquo;on aime, sp\u00e9cialisation de fa\u00e7on naturelle<\/p>\n<p>Travail sur la r\u00e9p\u00e9tition<\/p>\n<p>Plaisir du travail en groupe<\/p>\n<p>Plaisir de la r\u00e9ussite apr\u00e8s l&rsquo;effort<\/p>\n<p>Lien entre l&rsquo;\u00e9coute musicale et les mouvements du corps<\/p>\n<p>Lien entre l&rsquo;objet et les mouvements du corps que cela induit<\/p>\n<p>Travail de groupe, \u00e9coute du ou des partenaires<\/p>\n<p>Savoir se positionner sur une sc\u00e8ne<\/p>\n<p>Savoir poser la parole face \u00e0 un public<\/p>\n<p>Ecriture de l&rsquo;histoire que l&rsquo;on raconte<\/p>\n<p>Positionnement face \u00e0 un public<\/p>\n<p>Positionnement avec ses partenaires<\/p>\n<p>Travail vocal, force et articulations<\/p>\n<p>Travail de mime<\/p>\n<p>[\/et_pb_pricing_table][\/et_pb_pricing_tables][et_pb_button button_url=\u00a0\u00bbhttps:\/\/www.lespucks.com\/index.php\/nous-contacter\/\u00a0\u00bb button_text=\u00a0\u00bbNous contacter \u00a0\u00bb button_alignment=\u00a0\u00bbcenter\u00a0\u00bb _builder_version=\u00a0\u00bb3.20.1&Prime; custom_button=\u00a0\u00bbon\u00a0\u00bb button_text_color=\u00a0\u00bbrgba(229,65,0,0.76)\u00a0\u00bb button_border_width=\u00a0\u00bb2px\u00a0\u00bb button_border_color=\u00a0\u00bbrgba(229,124,82,0.76)\u00a0\u00bb button_border_radius=\u00a0\u00bb9px\u00a0\u00bb button_letter_spacing=\u00a0\u00bb0px\u00a0\u00bb button_font=\u00a0\u00bbMontserrat||||||||\u00a0\u00bb button_icon=\u00a0\u00bb%%20%%\u00a0\u00bb button_icon_placement=\u00a0\u00bbleft\u00a0\u00bb custom_margin=\u00a0\u00bb53px||\u00a0\u00bb button_border_color__hover_enabled=\u00a0\u00bbon\u00a0\u00bb][\/et_pb_button][\/et_pb_column][\/et_pb_row][\/et_pb_section]<\/p>\n","protected":false},"excerpt":{"rendered":"<p>Les Cours pour Adultes Apr\u00e8s une journ\u00e9e de travail, il est tr\u00e8s agr\u00e9able de se retrouver entre circassien\/nes pour s\u2019essayer aux techniques de jonglerie, d\u2019\u00e9quilibre et d\u2019a\u00e9rien.\u00a0 Le cours du lundi est pris en charge par Babass qui vous donnera toute les ficelles du m\u00e9tier, aussi bien sur les apprentissages techniques que de la mise [&hellip;]<\/p>\n","protected":false},"author":1,"featured_media":0,"parent":0,"menu_order":0,"comment_status":"closed","ping_status":"closed","template":"","meta":{"_et_pb_use_builder":"on","_et_pb_old_content":"","_et_gb_content_width":"","footnotes":""},"class_list":["post-220","page","type-page","status-publish","hentry"],"aioseo_notices":[],"_links":{"self":[{"href":"https:\/\/www.lespucks.com\/index.php\/wp-json\/wp\/v2\/pages\/220","targetHints":{"allow":["GET"]}}],"collection":[{"href":"https:\/\/www.lespucks.com\/index.php\/wp-json\/wp\/v2\/pages"}],"about":[{"href":"https:\/\/www.lespucks.com\/index.php\/wp-json\/wp\/v2\/types\/page"}],"author":[{"embeddable":true,"href":"https:\/\/www.lespucks.com\/index.php\/wp-json\/wp\/v2\/users\/1"}],"replies":[{"embeddable":true,"href":"https:\/\/www.lespucks.com\/index.php\/wp-json\/wp\/v2\/comments?post=220"}],"version-history":[{"count":0,"href":"https:\/\/www.lespucks.com\/index.php\/wp-json\/wp\/v2\/pages\/220\/revisions"}],"wp:attachment":[{"href":"https:\/\/www.lespucks.com\/index.php\/wp-json\/wp\/v2\/media?parent=220"}],"curies":[{"name":"wp","href":"https:\/\/api.w.org\/{rel}","templated":true}]}}