{"id":1890,"date":"2022-01-27T19:28:11","date_gmt":"2022-01-27T18:28:11","guid":{"rendered":"http:\/\/www.lespucks.com\/?page_id=1890"},"modified":"2024-07-10T16:37:12","modified_gmt":"2024-07-10T14:37:12","slug":"contes-de-la-rose-des-vents","status":"publish","type":"page","link":"https:\/\/www.lespucks.com\/index.php\/contes-de-la-rose-des-vents\/","title":{"rendered":"Contes de la Rose des vents"},"content":{"rendered":"<p>[et_pb_section fb_built=\u00a0\u00bb1&Prime; _builder_version=\u00a0\u00bb3.20.1&Prime;][et_pb_row _builder_version=\u00a0\u00bb3.20.1&Prime;][et_pb_column type=\u00a0\u00bb1_2&Prime; _builder_version=\u00a0\u00bb3.20.1&Prime;][et_pb_image src=\u00a0\u00bbhttps:\/\/www.lespucks.com\/wp-content\/uploads\/2023\/02\/Photo-1ContesRoseDV-scaled.jpg\u00a0\u00bb force_fullwidth=\u00a0\u00bbon\u00a0\u00bb _builder_version=\u00a0\u00bb3.20.1&Prime;][\/et_pb_image][\/et_pb_column][et_pb_column type=\u00a0\u00bb1_2&Prime; _builder_version=\u00a0\u00bb3.20.1&Prime;][et_pb_text _builder_version=\u00a0\u00bb3.20.1&Prime; text_font=\u00a0\u00bb||||||||\u00a0\u00bb]<\/p>\n<h2 style=\"text-align: left;\"><span style=\"font-size: large;\"><strong><span style=\"font-family: Georgia;\">Les contes de la Rose des vents<\/span><\/strong><\/span><\/h2>\n<h2 style=\"text-align: left;\"><em><span style=\"font-family: Georgia; font-size: large;\">\u00a0<\/span><\/em><\/h2>\n<p><span style=\"font-family: Georgia; font-weight: normal; font-size: large;\">(Dur\u00e9e : 1h &#8211; Tous publics &#8211; Jauge 50 pers)<\/span><\/p>\n<p>Qui n&rsquo;a jamais r\u00eav\u00e9 de faire le tour du monde en visitant les mers, d&rsquo;aller \u00e0 la rencontre des peuples qui y vivent ?<\/p>\n<p>C&rsquo;est le d\u00e9fi que se lance un personnage pas comme les autres &#8211; un requin.<\/p>\n<p>Des mers du Pacifique, chaudes et dangereuses, aux mers du nord glac\u00e9es et myst\u00e9rieuses, le voyage est p\u00e9rilleux. Des mers d&rsquo;Europe aux c\u00f4tes d&rsquo;Afrique, les aventures sont souvent riches de rencontres et mouvement\u00e9es.<\/p>\n<p><em>Ce spectacle, men\u00e9 par une conteuse et\u00a0 un musicien, nous emm\u00e8ne aux quatre coins du monde \u00e0 travers des contes traditionnels locaux. Il est suivi d&rsquo;une d\u00e9couverte des instruments utilis\u00e9s pendant la repr\u00e9sentation.<br \/><\/em><\/p>\n<p><em><\/em><\/p>\n<p style=\"margin-bottom: 0cm; text-decoration: none;\" align=\"JUSTIFY\">\n<p>[\/et_pb_text][\/et_pb_column][\/et_pb_row][\/et_pb_section]<\/p>\n","protected":false},"excerpt":{"rendered":"<p>Les contes de la Rose des vents \u00a0 (Dur\u00e9e : 1h &#8211; Tous publics &#8211; Jauge 50 pers) Qui n&rsquo;a jamais r\u00eav\u00e9 de faire le tour du monde en visitant les mers, d&rsquo;aller \u00e0 la rencontre des peuples qui y vivent ? C&rsquo;est le d\u00e9fi que se lance un personnage pas comme les autres &#8211; [&hellip;]<\/p>\n","protected":false},"author":1,"featured_media":0,"parent":0,"menu_order":0,"comment_status":"closed","ping_status":"closed","template":"","meta":{"_et_pb_use_builder":"on","_et_pb_old_content":"<!-- wp:image {\"sizeSlug\":\"large\"} -->\n<figure class=\"wp-block-image size-large\"><img src=\"blob:http:\/\/www.lespucks.com\/4f249cd0-fd70-45a0-b6b5-8e43b37c4328\" alt=\"\"\/><\/figure>\n<!-- \/wp:image -->","_et_gb_content_width":"","footnotes":""},"class_list":["post-1890","page","type-page","status-publish","hentry"],"aioseo_notices":[],"_links":{"self":[{"href":"https:\/\/www.lespucks.com\/index.php\/wp-json\/wp\/v2\/pages\/1890","targetHints":{"allow":["GET"]}}],"collection":[{"href":"https:\/\/www.lespucks.com\/index.php\/wp-json\/wp\/v2\/pages"}],"about":[{"href":"https:\/\/www.lespucks.com\/index.php\/wp-json\/wp\/v2\/types\/page"}],"author":[{"embeddable":true,"href":"https:\/\/www.lespucks.com\/index.php\/wp-json\/wp\/v2\/users\/1"}],"replies":[{"embeddable":true,"href":"https:\/\/www.lespucks.com\/index.php\/wp-json\/wp\/v2\/comments?post=1890"}],"version-history":[{"count":1,"href":"https:\/\/www.lespucks.com\/index.php\/wp-json\/wp\/v2\/pages\/1890\/revisions"}],"predecessor-version":[{"id":3597,"href":"https:\/\/www.lespucks.com\/index.php\/wp-json\/wp\/v2\/pages\/1890\/revisions\/3597"}],"wp:attachment":[{"href":"https:\/\/www.lespucks.com\/index.php\/wp-json\/wp\/v2\/media?parent=1890"}],"curies":[{"name":"wp","href":"https:\/\/api.w.org\/{rel}","templated":true}]}}