{"id":155,"date":"2020-01-04T16:07:12","date_gmt":"2020-01-04T15:07:12","guid":{"rendered":"http:\/\/www.lespucks.com\/?page_id=155"},"modified":"2024-09-27T16:04:25","modified_gmt":"2024-09-27T14:04:25","slug":"association-les-pucks","status":"publish","type":"page","link":"https:\/\/www.lespucks.com\/index.php\/association-les-pucks\/","title":{"rendered":"Association les pucks"},"content":{"rendered":"<p>[et_pb_section fb_built=\u00a0\u00bb1&Prime; _builder_version=\u00a0\u00bb3.20.1&Prime; custom_padding=\u00a0\u00bb54px|0px|54px||false|false\u00a0\u00bb][et_pb_row _builder_version=\u00a0\u00bb3.20.1&Prime;][et_pb_column type=\u00a0\u00bb4_4&Prime; _builder_version=\u00a0\u00bb3.20.1&Prime;][et_pb_divider color=\u00a0\u00bbrgba(229,81,22,0.76)\u00a0\u00bb divider_weight=\u00a0\u00bb2px\u00a0\u00bb height=\u00a0\u00bb8px\u00a0\u00bb _builder_version=\u00a0\u00bb3.20.1&Prime; custom_margin=\u00a0\u00bb-55px||\u00a0\u00bb custom_padding=\u00a0\u00bb4px||0px\u00a0\u00bb][\/et_pb_divider][et_pb_image src=\u00a0\u00bbhttps:\/\/www.lespucks.com\/wp-content\/uploads\/2020\/02\/images-lesPUCKS6.jpg\u00a0\u00bb _builder_version=\u00a0\u00bb3.20.1&Prime; max_width=\u00a0\u00bb31%\u00a0\u00bb max_width_last_edited=\u00a0\u00bbon|phone\u00a0\u00bb module_alignment=\u00a0\u00bbleft\u00a0\u00bb custom_margin=\u00a0\u00bb-35px||-15px\u00a0\u00bb custom_padding=\u00a0\u00bb0px||\u00a0\u00bb][\/et_pb_image][et_pb_text _builder_version=\u00a0\u00bb3.20.1&Prime; text_font=\u00a0\u00bb||||||||\u00a0\u00bb text_font_size=\u00a0\u00bb36px\u00a0\u00bb text_font_size_phone=\u00a0\u00bb23px\u00a0\u00bb text_font_size_last_edited=\u00a0\u00bbon|desktop\u00a0\u00bb header_font=\u00a0\u00bb|600|||||||\u00a0\u00bb header_text_align=\u00a0\u00bbcenter\u00a0\u00bb header_font_size=\u00a0\u00bb35px\u00a0\u00bb header_letter_spacing=\u00a0\u00bb2px\u00a0\u00bb header_line_height=\u00a0\u00bb1.2em\u00a0\u00bb custom_margin=\u00a0\u00bb-250px||-160px|159px\u00a0\u00bb custom_margin_tablet=\u00a0\u00bb0px||-166px|53px\u00a0\u00bb custom_margin_phone=\u00a0\u00bb2px|45px|-231px|58px\u00a0\u00bb custom_margin_last_edited=\u00a0\u00bbon|phone\u00a0\u00bb custom_padding=\u00a0\u00bb||160px\u00a0\u00bb]<\/p>\n<h1 style=\"text-align: center;\"><span style=\"color: #666666;\">La Compagnie Les PUCKS<\/span><\/h1>\n<p>[\/et_pb_text][et_pb_divider color=\u00a0\u00bbrgba(229,81,22,0.76)\u00a0\u00bb divider_weight=\u00a0\u00bb2px\u00a0\u00bb height=\u00a0\u00bb49px\u00a0\u00bb _builder_version=\u00a0\u00bb3.20.1&Prime; custom_margin=\u00a0\u00bb143px||\u00a0\u00bb custom_padding=\u00a0\u00bb17px||\u00a0\u00bb][\/et_pb_divider][et_pb_text _builder_version=\u00a0\u00bb3.20.1&Prime; text_font=\u00a0\u00bb||||||||\u00a0\u00bb text_text_color=\u00a0\u00bb#666666&Prime; header_font=\u00a0\u00bb||||||||\u00a0\u00bb header_text_color=\u00a0\u00bb#666666&Prime; header_font_size=\u00a0\u00bb36px\u00a0\u00bb header_line_height=\u00a0\u00bb1.7em\u00a0\u00bb header_2_font=\u00a0\u00bb||||||||\u00a0\u00bb background_color=\u00a0\u00bbrgba(224,117,112,0.47)\u00a0\u00bb text_orientation=\u00a0\u00bbjustified\u00a0\u00bb custom_margin=\u00a0\u00bb-15px||0px|0px\u00a0\u00bb custom_padding=\u00a0\u00bb36px|15px|27px|15px\u00a0\u00bb]<\/p>\n<h3 style=\"text-align: center;\"><span style=\"color: #333333;\"><strong><img loading=\"lazy\" decoding=\"async\" class=\"wp-image-2637 alignnone size-medium\" src=\"https:\/\/www.lespucks.com\/wp-content\/uploads\/2023\/12\/10-ans-chap-2022-1-300x174.jpg\" alt=\"\" width=\"360\" height=\"209\" srcset=\"https:\/\/www.lespucks.com\/wp-content\/uploads\/2023\/12\/10-ans-chap-2022-1-300x174.jpg 300w, https:\/\/www.lespucks.com\/wp-content\/uploads\/2023\/12\/10-ans-chap-2022-1-1024x593.jpg 1024w, https:\/\/www.lespucks.com\/wp-content\/uploads\/2023\/12\/10-ans-chap-2022-1-768x445.jpg 768w, https:\/\/www.lespucks.com\/wp-content\/uploads\/2023\/12\/10-ans-chap-2022-1-1536x890.jpg 1536w, https:\/\/www.lespucks.com\/wp-content\/uploads\/2023\/12\/10-ans-chap-2022-1-1080x626.jpg 1080w, https:\/\/www.lespucks.com\/wp-content\/uploads\/2023\/12\/10-ans-chap-2022-1.jpg 1890w\" sizes=\"(max-width: 360px) 100vw, 360px\" \/><\/strong><\/span><\/h3>\n<h3 style=\"text-align: center;\"><\/h3>\n<h4 style=\"text-align: center; padding-left: 30px;\"><span style=\"color: #666666; font-family: inherit; font-weight: normal;\"><strong>La Compagnie Les Pucks<\/strong><\/span><\/h4>\n<p style=\"text-align: justify;\"><span style=\"font-weight: 400;\">Il \u00e9tait mille et une fois des artistes professionnels tr\u00e8s adroits. Iels\u00a0 avaient un souhait : partager leurs passions et transmettre avec conviction.<\/span><\/p>\n<p style=\"text-align: justify;\"><span style=\"font-weight: 400;\">Iels ont cogit\u00e9, \u00e7a a chauff\u00e9 dans les id\u00e9es jusqu\u2019\u00e0 ce que&#8230;PLOP\u2026Un petit \u00eatre malicieux est apparu devant leurs yeux, c\u2019\u00e9tait un PUCK aux oreilles pointues, l\u2019air cabochard tout droit sorti d\u2019une histoire ! Il a tir\u00e9 sur un mouchoir \u00e0 carreaux qui s\u2019est transform\u00e9 en chapiteau. Puis il saut\u00e9 sur la toile, d\u00e9fait les cordages et largu\u00e9 les voiles. Les artistes ont embarqu\u00e9 et le chapiteau s\u2019est envol\u00e9 !<\/span><\/p>\n<p style=\"text-align: justify;\"><span style=\"font-weight: 400;\">Rallumez vos r\u00eaves et grimpez avec nous, on vous emm\u00e8ne au rendez-vous !<\/span><\/p>\n<p style=\"text-align: justify;\"><span style=\"font-weight: 400;\">Depuis ce jour l\u00e0, les Pucks parcourent les territoires pour cr\u00e9er des histoires. Sur le chemin, iels embarquent des passagers f\u00e9eriques, cr\u00e9atures et humains. Ensemble, iels cr\u00e9ent un nouveau r\u00e9cit et un monde avec plus de po\u00e9sie. D\u2019ailleurs on entend chuchoter les gens autour d\u2019eux : iels v\u00e9curent enfants et firent beaucoup d\u2019heureuses.<\/span><\/p>\n<p style=\"text-align: center;\"><span style=\"font-weight: 400;\">Gambadant depuis l\u2019an 2000, Les Pucks arpentent les cours d\u2019\u00e9coles et les pav\u00e9s des villes. <\/span><\/p>\n<p style=\"text-align: center;\"><span style=\"font-weight: 400;\">Iels y s\u00e8ment des fleurs de magie et des grains de douce folie.\u00a0<\/span><\/p>\n<p>[\/et_pb_text][et_pb_text _builder_version=\u00a0\u00bb3.20.1&Prime; text_font=\u00a0\u00bb||||||||\u00a0\u00bb text_text_color=\u00a0\u00bb#666666&Prime; header_font=\u00a0\u00bb||||||||\u00a0\u00bb header_text_align=\u00a0\u00bbcenter\u00a0\u00bb header_text_color=\u00a0\u00bb#666666&Prime; text_orientation=\u00a0\u00bbcenter\u00a0\u00bb]<\/p>\n<p style=\"text-align: center;\"><span style=\"color: #333333; font-family: inherit; font-weight: normal;\">Les Intervenants-tes professionnel-les :<\/span><\/p>\n<p style=\"text-align: center;\"><span style=\"color: #666666; font-family: inherit; font-weight: normal;\">Cirque : Babass, Memelle, Ma\u00e9va, Damien<\/span><\/p>\n<p style=\"text-align: center;\"><span style=\"color: #666666; font-family: inherit; font-weight: normal;\">Musique\u00a0: Vincent, Fred<\/span><\/p>\n<p style=\"text-align: center;\"><span style=\"color: #666666; font-family: inherit; font-weight: normal;\">Conte\u00a0: L\u00e9one, Armelle<\/span><\/p>\n<p style=\"text-align: center;\"><span style=\"color: #666666; font-family: inherit; font-weight: normal;\">Clown : Garance, Damien<\/span><\/p>\n<p style=\"text-align: center;\"><span style=\"color: #666666; font-family: inherit; font-weight: normal;\">Reconstitution historique\u00a0: Armelle<\/span><\/p>\n<p style=\"text-align: center;\"><span style=\"color: #333333;\">Le Bureau :<\/span><\/p>\n<h1 style=\"text-align: center;\"><span style=\"font-size: small; font-weight: normal; color: #666666; font-family: inherit;\">Pr\u00e9sident ==&gt; Julien Minaret<\/span><\/h1>\n<h1 style=\"text-align: center;\"><span style=\"font-size: small; font-weight: normal; color: #666666; font-family: inherit;\">Tr\u00e9sorier ==&gt; Thomas Candy<\/span><\/h1>\n<h1 style=\"text-align: center;\"><span style=\"font-size: small; font-weight: normal; color: #666666; font-family: inherit;\">Secr\u00e9taire ==&gt; Pedro Lad\u00e9iro <\/span><\/h1>\n<h1 style=\"text-align: center;\"><span style=\"color: #666666; font-weight: normal; font-family: inherit; font-size: small;\">Secr\u00e9taire adjointe ==&gt; Sadia Bouchikh<\/span><\/h1>\n<h1 style=\"text-align: center;\"><span style=\"color: #666666; font-weight: normal; font-family: inherit; font-size: small;\">\u00a0\u00a0Les B\u00e9n\u00e9voles: Herv\u00e9, Anne-C\u00e9cile, Damien, Kiki, Sophie, Ambre et plein d&rsquo;autres<\/span><\/h1>\n<h3><span style=\"text-decoration: underline;\">\u00a0<\/span><\/h3>\n<p>[\/et_pb_text][\/et_pb_column][\/et_pb_row][\/et_pb_section][et_pb_section fb_built=\u00a0\u00bb1&Prime; _builder_version=\u00a0\u00bb3.20.1&Prime;][\/et_pb_section]<\/p>\n","protected":false},"excerpt":{"rendered":"<p>La Compagnie Les PUCKS La Compagnie Les Pucks Il \u00e9tait mille et une fois des artistes professionnels tr\u00e8s adroits. Iels\u00a0 avaient un souhait : partager leurs passions et transmettre avec conviction. Iels ont cogit\u00e9, \u00e7a a chauff\u00e9 dans les id\u00e9es jusqu\u2019\u00e0 ce que&#8230;PLOP\u2026Un petit \u00eatre malicieux est apparu devant leurs yeux, c\u2019\u00e9tait un PUCK aux [&hellip;]<\/p>\n","protected":false},"author":1,"featured_media":0,"parent":0,"menu_order":0,"comment_status":"closed","ping_status":"closed","template":"","meta":{"_et_pb_use_builder":"on","_et_pb_old_content":"","_et_gb_content_width":"","footnotes":""},"class_list":["post-155","page","type-page","status-publish","hentry"],"aioseo_notices":[],"_links":{"self":[{"href":"https:\/\/www.lespucks.com\/index.php\/wp-json\/wp\/v2\/pages\/155","targetHints":{"allow":["GET"]}}],"collection":[{"href":"https:\/\/www.lespucks.com\/index.php\/wp-json\/wp\/v2\/pages"}],"about":[{"href":"https:\/\/www.lespucks.com\/index.php\/wp-json\/wp\/v2\/types\/page"}],"author":[{"embeddable":true,"href":"https:\/\/www.lespucks.com\/index.php\/wp-json\/wp\/v2\/users\/1"}],"replies":[{"embeddable":true,"href":"https:\/\/www.lespucks.com\/index.php\/wp-json\/wp\/v2\/comments?post=155"}],"version-history":[{"count":1,"href":"https:\/\/www.lespucks.com\/index.php\/wp-json\/wp\/v2\/pages\/155\/revisions"}],"predecessor-version":[{"id":3731,"href":"https:\/\/www.lespucks.com\/index.php\/wp-json\/wp\/v2\/pages\/155\/revisions\/3731"}],"wp:attachment":[{"href":"https:\/\/www.lespucks.com\/index.php\/wp-json\/wp\/v2\/media?parent=155"}],"curies":[{"name":"wp","href":"https:\/\/api.w.org\/{rel}","templated":true}]}}