{"id":15,"date":"2019-12-10T13:38:38","date_gmt":"2019-12-10T12:38:38","guid":{"rendered":"http:\/\/www.lespucks.com\/?page_id=15"},"modified":"2024-10-08T19:22:09","modified_gmt":"2024-10-08T17:22:09","slug":"les-ateliers-scolaires","status":"publish","type":"page","link":"https:\/\/www.lespucks.com\/index.php\/les-ateliers-scolaires\/","title":{"rendered":"Les Ateliers Scolaires"},"content":{"rendered":"<p>[et_pb_section fb_built=\u00a0\u00bb1&Prime; _builder_version=\u00a0\u00bb3.20.1&Prime; custom_padding=\u00a0\u00bb54px|0px|54px|1px|false|false\u00a0\u00bb][et_pb_row custom_padding=\u00a0\u00bb||0||false|false\u00a0\u00bb custom_margin=\u00a0\u00bb||0px\u00a0\u00bb _builder_version=\u00a0\u00bb3.20.1&Prime;][et_pb_column type=\u00a0\u00bb4_4&Prime; _builder_version=\u00a0\u00bb3.20.1&Prime;][et_pb_divider color=\u00a0\u00bbrgba(229,81,22,0.76)\u00a0\u00bb divider_weight=\u00a0\u00bb2px\u00a0\u00bb height=\u00a0\u00bb8px\u00a0\u00bb _builder_version=\u00a0\u00bb3.20.1&Prime; custom_margin=\u00a0\u00bb-55px||\u00a0\u00bb custom_padding=\u00a0\u00bb4px||0px\u00a0\u00bb][\/et_pb_divider][et_pb_image src=\u00a0\u00bbhttps:\/\/www.lespucks.com\/wp-content\/uploads\/2020\/02\/images-lesPUCKS3.jpg\u00a0\u00bb _builder_version=\u00a0\u00bb3.20.1&Prime; max_width=\u00a0\u00bb31%\u00a0\u00bb max_width_last_edited=\u00a0\u00bbon|phone\u00a0\u00bb module_alignment=\u00a0\u00bbleft\u00a0\u00bb custom_margin=\u00a0\u00bb-35px||-15px|-10px\u00a0\u00bb custom_margin_phone=\u00a0\u00bb65px|||0px\u00a0\u00bb custom_margin_last_edited=\u00a0\u00bbon|desktop\u00a0\u00bb][\/et_pb_image][et_pb_text _builder_version=\u00a0\u00bb3.20.1&Prime; text_font=\u00a0\u00bb||||||||\u00a0\u00bb text_font_size=\u00a0\u00bb20px\u00a0\u00bb text_font_size_phone=\u00a0\u00bb26px\u00a0\u00bb text_font_size_last_edited=\u00a0\u00bbon|phone\u00a0\u00bb link_font=\u00a0\u00bb||||||||\u00a0\u00bb header_font=\u00a0\u00bb|600|||||||\u00a0\u00bb header_font_size=\u00a0\u00bb35px\u00a0\u00bb header_font_size_phone=\u00a0\u00bb35px\u00a0\u00bb header_font_size_last_edited=\u00a0\u00bbon|tablet\u00a0\u00bb header_letter_spacing=\u00a0\u00bb2px\u00a0\u00bb header_line_height=\u00a0\u00bb1.1em\u00a0\u00bb text_orientation=\u00a0\u00bbjustified\u00a0\u00bb custom_margin=\u00a0\u00bb-350px||-160px|260px\u00a0\u00bb custom_margin_tablet=\u00a0\u00bb-110px||-134px|37px\u00a0\u00bb custom_margin_phone=\u00a0\u00bb-68px||-54px|0px\u00a0\u00bb custom_margin_last_edited=\u00a0\u00bbon|desktop\u00a0\u00bb custom_padding=\u00a0\u00bb||0px\u00a0\u00bb inline_fonts=\u00a0\u00bbGeorgia\u00a0\u00bb]<\/p>\n<h1 style=\"text-align: center;\"><span style=\"color: #666666;\">Les Ateliers\u00a0<\/span><\/h1>\n<h3 style=\"text-align: center;\"><span style=\"color: #666666; font-weight: normal; font-family: Arial; font-size: medium;\"><\/span><\/h3>\n<h3 style=\"text-align: justify;\"><span style=\"color: #666666; font-weight: normal; font-family: Arial; font-size: medium;\">Des intervenants qualifi\u00e9s proposent des ateliers de cr\u00e9ation et d&rsquo;expression autour de la marionnette, de la peinture, de la danse, de la musique&#8230;<\/span><\/h3>\n<h3 style=\"text-align: justify;\"><span style=\"color: #666666; font-weight: normal; font-family: Arial; font-size: medium;\">Vous avez un projet autour des arts du cirque et des arts du spectacle, nous pouvons r\u00e9pondre \u00e0 vos questions. <\/span><span style=\"color: #666666; font-weight: normal; font-family: Arial; font-size: medium;\">Notre professeur dipl\u00f4m\u00e9 BPJEPS cirque saura vous accompagner dans l&rsquo;\u00e9laboration de votre projet.<\/span><\/h3>\n<h3 style=\"text-align: justify;\"><span style=\"color: #666666; font-weight: normal; font-family: Arial; font-size: medium;\">Tout est possible : de la d\u00e9couverte jusqu&rsquo;au grand spectacle de fin d&rsquo;ann\u00e9e sous le Chapiteau Imaginaire.<\/span><\/h3>\n<h3 style=\"text-align: justify;\"><span style=\"color: #666666; font-weight: normal; font-family: Arial; font-size: medium;\">Vos \u00e9l\u00e8ves sauront appr\u00e9cier les cours et les mises en sc\u00e8ne o\u00f9 chacun peut trouver sa place. Les parents seront ravis de voir leur enfants \u00ab\u00a0performer\u00a0\u00bb dans une ambiance \u00e0 la fois conviviale et studieuse.<\/span><\/h3>\n<p>&nbsp;<\/p>\n<p>[\/et_pb_text][et_pb_divider color=\u00a0\u00bbrgba(229,81,22,0.76)\u00a0\u00bb divider_weight=\u00a0\u00bb2px\u00a0\u00bb height=\u00a0\u00bb49px\u00a0\u00bb _builder_version=\u00a0\u00bb3.20.1&Prime; custom_margin=\u00a0\u00bb178px||0px\u00a0\u00bb custom_margin_tablet=\u00a0\u00bb171px||\u00a0\u00bb custom_margin_phone=\u00a0\u00bb90px||\u00a0\u00bb custom_margin_last_edited=\u00a0\u00bbon|desktop\u00a0\u00bb custom_padding=\u00a0\u00bb17px||\u00a0\u00bb][\/et_pb_divider][\/et_pb_column][\/et_pb_row][et_pb_row custom_padding=\u00a0\u00bb||0px\u00a0\u00bb custom_margin=\u00a0\u00bb||0px\u00a0\u00bb make_equal=\u00a0\u00bbon\u00a0\u00bb background_color_1=\u00a0\u00bbrgba(224,119,114,0.51)\u00a0\u00bb background_color_2=\u00a0\u00bbrgba(224,186,105,0.64)\u00a0\u00bb background_color_3=\u00a0\u00bbrgba(102,152,193,0.56)\u00a0\u00bb padding_bottom_1=\u00a0\u00bb40px\u00a0\u00bb padding_bottom_2=\u00a0\u00bb40px\u00a0\u00bb padding_bottom_3=\u00a0\u00bb40px\u00a0\u00bb _builder_version=\u00a0\u00bb3.20.1&Prime;][et_pb_column type=\u00a0\u00bb1_3&Prime; _builder_version=\u00a0\u00bb3.20.1&Prime;][et_pb_divider color=\u00a0\u00bbrgba(229,81,22,0.76)\u00a0\u00bb divider_weight=\u00a0\u00bb2px\u00a0\u00bb height=\u00a0\u00bb49px\u00a0\u00bb _builder_version=\u00a0\u00bb3.20.1&Prime; custom_margin=\u00a0\u00bb101px|81px|0px|81px\u00a0\u00bb custom_padding=\u00a0\u00bb12px||0px\u00a0\u00bb][\/et_pb_divider][et_pb_text _builder_version=\u00a0\u00bb3.20.1&Prime; text_font=\u00a0\u00bbMontserrat||||||||\u00a0\u00bb text_font_size=\u00a0\u00bb29px\u00a0\u00bb custom_margin=\u00a0\u00bb29px||\u00a0\u00bb]<\/p>\n<h1 style=\"text-align: center;\"><span style=\"color: #333333;\"><strong> En Maternelle<br \/> <\/strong><\/span><\/h1>\n<p>[\/et_pb_text][et_pb_text _builder_version=\u00a0\u00bb3.20.1&Prime; text_font=\u00a0\u00bb||||||||\u00a0\u00bb text_font_size=\u00a0\u00bb17px\u00a0\u00bb header_font=\u00a0\u00bb||||||||\u00a0\u00bb header_letter_spacing=\u00a0\u00bb2px\u00a0\u00bb header_line_height=\u00a0\u00bb1.1em\u00a0\u00bb]<\/p>\n<h4 style=\"text-align: center;\"><span arial=\"\" font-weight:=\"\" normal=\"\" b=\"\"><span style=\"color: #333333;\">Atelier Cirque <\/span><\/h4>\n<p>[\/et_pb_text][et_pb_image src=\u00a0\u00bbhttps:\/\/www.lespucks.com\/wp-content\/uploads\/2020\/07\/DSC_1460.jpg\u00a0\u00bb url=\u00a0\u00bbhttps:\/\/www.lespucks.com\/index.php\/projet-pedagogique-maternelle\/\u00a0\u00bb _builder_version=\u00a0\u00bb3.20.1&Prime; border_width_all=\u00a0\u00bb5px\u00a0\u00bb border_color_all=\u00a0\u00bbrgba(224,58,49,0.75)\u00a0\u00bb max_width=\u00a0\u00bb40%\u00a0\u00bb module_alignment=\u00a0\u00bbcenter\u00a0\u00bb][\/et_pb_image][\/et_pb_column][et_pb_column type=\u00a0\u00bb1_3&Prime; _builder_version=\u00a0\u00bb3.20.1&Prime;][et_pb_divider color=\u00a0\u00bbrgba(229,81,22,0.76)\u00a0\u00bb divider_weight=\u00a0\u00bb2px\u00a0\u00bb height=\u00a0\u00bb49px\u00a0\u00bb _builder_version=\u00a0\u00bb3.20.1&Prime; custom_margin=\u00a0\u00bb101px|91px||77px\u00a0\u00bb custom_padding=\u00a0\u00bb12px||\u00a0\u00bb custom_padding_last_edited=\u00a0\u00bboff|desktop\u00a0\u00bb][\/et_pb_divider][et_pb_text _builder_version=\u00a0\u00bb3.20.1&Prime; text_font=\u00a0\u00bbMontserrat||||||||\u00a0\u00bb text_font_size=\u00a0\u00bb29px\u00a0\u00bb header_font=\u00a0\u00bb||||||||\u00a0\u00bb custom_margin__hover_enabled=\u00a0\u00bbon\u00a0\u00bb]<\/p>\n<h1 style=\"text-align: center;\"><span style=\"color: #333333;\"><strong> En Primaire<br \/> <\/strong><\/span><\/h1>\n<p>[\/et_pb_text][et_pb_text _builder_version=\u00a0\u00bb3.20.1&Prime; text_font=\u00a0\u00bb||||||||\u00a0\u00bb text_font_size=\u00a0\u00bb17px\u00a0\u00bb]<\/p>\n<h4 style=\"text-align: center;\"><span arial=\"\" font-weight:=\"\" normal=\"\" b=\"\"><span style=\"color: #333333;\">Atelier Cirque <\/span><\/h4>\n<p>[\/et_pb_text][et_pb_image src=\u00a0\u00bbhttps:\/\/www.lespucks.com\/wp-content\/uploads\/2020\/07\/acro.jpg\u00a0\u00bb url=\u00a0\u00bbhttps:\/\/www.lespucks.com\/index.php\/projet-pedagogique-primaire\/\u00a0\u00bb _builder_version=\u00a0\u00bb3.20.1&Prime; border_width_all=\u00a0\u00bb5px\u00a0\u00bb border_color_all=\u00a0\u00bbrgba(224,68,60,0.78)\u00a0\u00bb max_width=\u00a0\u00bb40%\u00a0\u00bb module_alignment=\u00a0\u00bbcenter\u00a0\u00bb][\/et_pb_image][et_pb_text _builder_version=\u00a0\u00bb3.20.1&Prime; text_font=\u00a0\u00bb||||||||\u00a0\u00bb text_font_size=\u00a0\u00bb17px\u00a0\u00bb]<\/p>\n<h4 style=\"text-align: center;\"><span arial=\"\" font-weight:=\"\" normal=\"\" b=\"\"><span style=\"color: #333333;\">Atelier Marionnettes <\/span><\/span><\/h4>\n<p>[\/et_pb_text][et_pb_image src=\u00a0\u00bbhttps:\/\/www.lespucks.com\/wp-content\/uploads\/2022\/01\/MarionnettesLaFont.2-e1706552740162.jpg\u00a0\u00bb url=\u00a0\u00bbhttps:\/\/www.lespucks.com\/index.php\/atelier-marionnettes\/https:\/\/www.lespucks.com\/index.php\/atelier-marionnettes\/\u00a0\u00bb _builder_version=\u00a0\u00bb3.20.1&Prime; border_width_all=\u00a0\u00bb5px\u00a0\u00bb border_color_all=\u00a0\u00bbrgba(224,62,53,0.8)\u00a0\u00bb max_width=\u00a0\u00bb40%\u00a0\u00bb module_alignment=\u00a0\u00bbcenter\u00a0\u00bb][\/et_pb_image][et_pb_text _builder_version=\u00a0\u00bb3.20.1&Prime; text_font=\u00a0\u00bb||||||||\u00a0\u00bb text_font_size=\u00a0\u00bb17px\u00a0\u00bb]<\/p>\n<h4 style=\"text-align: center;\"><span arial=\"\" font-weight:=\"\" normal=\"\" b=\"\"><span style=\"color: #333333;\">Atelier Conteur<br \/><\/span><\/span><\/h4>\n<p>[\/et_pb_text][et_pb_image src=\u00a0\u00bbhttps:\/\/www.lespucks.com\/wp-content\/uploads\/2023\/02\/Photo-3Armelle-scaled.jpg\u00a0\u00bb url=\u00a0\u00bbhttps:\/\/www.lespucks.com\/index.php\/atelier-conteur\/\u00a0\u00bb _builder_version=\u00a0\u00bb3.20.1&Prime; border_width_all=\u00a0\u00bb5px\u00a0\u00bb border_color_all=\u00a0\u00bbrgba(224,62,53,0.8)\u00a0\u00bb max_width=\u00a0\u00bb40%\u00a0\u00bb module_alignment=\u00a0\u00bbcenter\u00a0\u00bb][\/et_pb_image][et_pb_text _builder_version=\u00a0\u00bb3.20.1&Prime; text_font=\u00a0\u00bb||||||||\u00a0\u00bb text_font_size=\u00a0\u00bb17px\u00a0\u00bb]<\/p>\n<h4 style=\"text-align: center;\"><span arial=\"\" font-weight:=\"\" normal=\"\" b=\"\"><span style=\"color: #333333;\">Atelier Clown<br \/> <\/span><\/span><\/h4>\n<p>[\/et_pb_text][et_pb_image src=\u00a0\u00bbhttps:\/\/www.lespucks.com\/wp-content\/uploads\/2024\/04\/gar.jpg\u00a0\u00bb align=\u00a0\u00bbcenter\u00a0\u00bb _builder_version=\u00a0\u00bb3.20.1&Prime; border_width_all=\u00a0\u00bb5px\u00a0\u00bb border_color_all=\u00a0\u00bbrgba(224,62,53,0.8)\u00a0\u00bb max_width=\u00a0\u00bb45%\u00a0\u00bb border_color_all__hover_enabled=\u00a0\u00bbon\u00a0\u00bb url=\u00a0\u00bbhttps:\/\/www.lespucks.com\/index.php\/atelier-clown\/\u00a0\u00bb][\/et_pb_image][\/et_pb_column][et_pb_column type=\u00a0\u00bb1_3&Prime; _builder_version=\u00a0\u00bb3.20.1&Prime;][et_pb_divider color=\u00a0\u00bbrgba(229,81,22,0.76)\u00a0\u00bb divider_weight=\u00a0\u00bb2px\u00a0\u00bb height=\u00a0\u00bb49px\u00a0\u00bb _builder_version=\u00a0\u00bb3.20.1&Prime; custom_margin=\u00a0\u00bb101px|81px||81px\u00a0\u00bb custom_padding=\u00a0\u00bb12px||\u00a0\u00bb][\/et_pb_divider][et_pb_text _builder_version=\u00a0\u00bb3.20.1&Prime; text_font=\u00a0\u00bbMontserrat||||||||\u00a0\u00bb text_font_size=\u00a0\u00bb26px\u00a0\u00bb header_font=\u00a0\u00bb||||||||\u00a0\u00bb custom_margin_phone=\u00a0\u00bb77px||\u00a0\u00bb custom_margin_last_edited=\u00a0\u00bbon|desktop\u00a0\u00bb]<\/p>\n<h1 style=\"text-align: center;\"><span style=\"color: #333333;\"><strong> Sous le Chapiteau<br \/> <\/strong><\/span><\/h1>\n<p>[\/et_pb_text][et_pb_text _builder_version=\u00a0\u00bb3.20.1&Prime; text_font=\u00a0\u00bb||||||||\u00a0\u00bb text_font_size=\u00a0\u00bb17px\u00a0\u00bb header_font=\u00a0\u00bb||||||||\u00a0\u00bb header_letter_spacing=\u00a0\u00bb2px\u00a0\u00bb]<\/p>\n<h4 style=\"text-align: center;\"><span arial=\"\" font-weight:=\"\" normal=\"\" b=\"\"><span style=\"color: #333333;\">Une Journ\u00e9e au Chapiteau <\/span><\/h4>\n<p>[\/et_pb_text][et_pb_image src=\u00a0\u00bbhttps:\/\/www.lespucks.com\/wp-content\/uploads\/2024\/02\/tracte-1JAC-p1-petit.jpg\u00a0\u00bb url=\u00a0\u00bbhttps:\/\/www.lespucks.com\/index.php\/une-journee-au-chapiteau\/\u00a0\u00bb _builder_version=\u00a0\u00bb3.20.1&Prime; border_width_all=\u00a0\u00bb5px\u00a0\u00bb border_color_all=\u00a0\u00bbrgba(224,68,60,0.78)\u00a0\u00bb max_width=\u00a0\u00bb40%\u00a0\u00bb module_alignment=\u00a0\u00bbcenter\u00a0\u00bb][\/et_pb_image][\/et_pb_column][\/et_pb_row][\/et_pb_section]<\/p>\n","protected":false},"excerpt":{"rendered":"<p>Les Ateliers\u00a0 Des intervenants qualifi\u00e9s proposent des ateliers de cr\u00e9ation et d&rsquo;expression autour de la marionnette, de la peinture, de la danse, de la musique&#8230; Vous avez un projet autour des arts du cirque et des arts du spectacle, nous pouvons r\u00e9pondre \u00e0 vos questions. Notre professeur dipl\u00f4m\u00e9 BPJEPS cirque saura vous accompagner dans l&rsquo;\u00e9laboration [&hellip;]<\/p>\n","protected":false},"author":1,"featured_media":0,"parent":0,"menu_order":0,"comment_status":"closed","ping_status":"closed","template":"","meta":{"_et_pb_use_builder":"on","_et_pb_old_content":"","_et_gb_content_width":"","footnotes":""},"class_list":["post-15","page","type-page","status-publish","hentry"],"aioseo_notices":[],"_links":{"self":[{"href":"https:\/\/www.lespucks.com\/index.php\/wp-json\/wp\/v2\/pages\/15","targetHints":{"allow":["GET"]}}],"collection":[{"href":"https:\/\/www.lespucks.com\/index.php\/wp-json\/wp\/v2\/pages"}],"about":[{"href":"https:\/\/www.lespucks.com\/index.php\/wp-json\/wp\/v2\/types\/page"}],"author":[{"embeddable":true,"href":"https:\/\/www.lespucks.com\/index.php\/wp-json\/wp\/v2\/users\/1"}],"replies":[{"embeddable":true,"href":"https:\/\/www.lespucks.com\/index.php\/wp-json\/wp\/v2\/comments?post=15"}],"version-history":[{"count":5,"href":"https:\/\/www.lespucks.com\/index.php\/wp-json\/wp\/v2\/pages\/15\/revisions"}],"predecessor-version":[{"id":3842,"href":"https:\/\/www.lespucks.com\/index.php\/wp-json\/wp\/v2\/pages\/15\/revisions\/3842"}],"wp:attachment":[{"href":"https:\/\/www.lespucks.com\/index.php\/wp-json\/wp\/v2\/media?parent=15"}],"curies":[{"name":"wp","href":"https:\/\/api.w.org\/{rel}","templated":true}]}}