{"id":13,"date":"2019-12-10T13:38:38","date_gmt":"2019-12-10T12:38:38","guid":{"rendered":"http:\/\/www.lespucks.com\/?page_id=13"},"modified":"2026-02-20T18:05:55","modified_gmt":"2026-02-20T17:05:55","slug":"les-spectacles","status":"publish","type":"page","link":"https:\/\/www.lespucks.com\/index.php\/les-spectacles\/","title":{"rendered":"Les Spectacles"},"content":{"rendered":"<p>[et_pb_section fb_built=\u00a0\u00bb1&Prime; _builder_version=\u00a0\u00bb4.16&Prime; custom_margin=\u00a0\u00bb|||0px\u00a0\u00bb custom_padding=\u00a0\u00bb54px|0px|54px|1px|false|false\u00a0\u00bb global_colors_info=\u00a0\u00bb{}\u00a0\u00bb][et_pb_row _builder_version=\u00a0\u00bb4.16&Prime; custom_margin=\u00a0\u00bb||\u00a0\u00bb custom_padding=\u00a0\u00bb||0px\u00a0\u00bb animation_style=\u00a0\u00bbfade\u00a0\u00bb global_colors_info=\u00a0\u00bb{}\u00a0\u00bb][et_pb_column type=\u00a0\u00bb4_4&Prime; _builder_version=\u00a0\u00bb4.16&Prime; custom_padding=\u00a0\u00bb1px||2px|\u00a0\u00bb global_colors_info=\u00a0\u00bb{}\u00a0\u00bb custom_padding__hover=\u00a0\u00bb|||\u00a0\u00bb][et_pb_divider color=\u00a0\u00bbrgba(229,81,22,0.76)\u00a0\u00bb divider_weight=\u00a0\u00bb2px\u00a0\u00bb _builder_version=\u00a0\u00bb4.16&Prime; height=\u00a0\u00bb8px\u00a0\u00bb custom_margin=\u00a0\u00bb-55px||\u00a0\u00bb custom_padding=\u00a0\u00bb4px||0px\u00a0\u00bb global_colors_info=\u00a0\u00bb{}\u00a0\u00bb][\/et_pb_divider][et_pb_image src=\u00a0\u00bbhttps:\/\/www.lespucks.com\/wp-content\/uploads\/2020\/02\/images-lesPUCKS5-e1706274181617.jpg\u00a0\u00bb align_tablet=\u00a0\u00bbcenter\u00a0\u00bb align_phone=\u00a0\u00bbcenter\u00a0\u00bb align_last_edited=\u00a0\u00bbon|desktop\u00a0\u00bb _builder_version=\u00a0\u00bb4.16&Prime; max_width=\u00a0\u00bb33%\u00a0\u00bb max_width_tablet=\u00a0\u00bb\u00a0\u00bb max_width_phone=\u00a0\u00bb\u00a0\u00bb max_width_last_edited=\u00a0\u00bbon|tablet\u00a0\u00bb module_alignment=\u00a0\u00bbleft\u00a0\u00bb custom_margin=\u00a0\u00bb-35px||-15px|0px\u00a0\u00bb custom_margin_tablet=\u00a0\u00bb||-15px\u00a0\u00bb custom_margin_phone=\u00a0\u00bb-35px||-15px|0px\u00a0\u00bb custom_margin_last_edited=\u00a0\u00bbon|phone\u00a0\u00bb custom_padding=\u00a0\u00bb||\u00a0\u00bb global_colors_info=\u00a0\u00bb{}\u00a0\u00bb][\/et_pb_image][et_pb_text _builder_version=\u00a0\u00bb4.16&Prime; text_font=\u00a0\u00bb||||||||\u00a0\u00bb text_text_color=\u00a0\u00bb#666666&Prime; text_font_size=\u00a0\u00bb35px\u00a0\u00bb text_line_height=\u00a0\u00bb1em\u00a0\u00bb link_font=\u00a0\u00bb||||||||\u00a0\u00bb ul_font=\u00a0\u00bb||||||||\u00a0\u00bb header_font=\u00a0\u00bb|600|||||||\u00a0\u00bb header_text_align=\u00a0\u00bbcenter\u00a0\u00bb header_text_color=\u00a0\u00bb#666666&Prime; header_font_size=\u00a0\u00bb35px\u00a0\u00bb header_letter_spacing=\u00a0\u00bb3px\u00a0\u00bb header_2_font=\u00a0\u00bb||||||||\u00a0\u00bb header_3_font=\u00a0\u00bb||||||||\u00a0\u00bb header_4_font=\u00a0\u00bb||||||||\u00a0\u00bb text_orientation=\u00a0\u00bbjustified\u00a0\u00bb custom_margin=\u00a0\u00bb-250px||-60px|260px\u00a0\u00bb custom_margin_tablet=\u00a0\u00bb-24px||-87px|52px\u00a0\u00bb custom_margin_phone=\u00a0\u00bb-8px||-71px|0px\u00a0\u00bb custom_margin_last_edited=\u00a0\u00bbon|phone\u00a0\u00bb custom_padding=\u00a0\u00bb||0px\u00a0\u00bb text_font_size_tablet=\u00a0\u00bb35px\u00a0\u00bb text_font_size_phone=\u00a0\u00bb35px\u00a0\u00bb text_font_size_last_edited=\u00a0\u00bbon|phone\u00a0\u00bb header_font_size_tablet=\u00a0\u00bb\u00a0\u00bb header_font_size_phone=\u00a0\u00bb35px\u00a0\u00bb header_font_size_last_edited=\u00a0\u00bbon|phone\u00a0\u00bb global_colors_info=\u00a0\u00bb{}\u00a0\u00bb text_font_size__hover_enabled=\u00a0\u00bbon\u00a0\u00bb text_font_size__hover=\u00a0\u00bb35px\u00a0\u00bb]<\/p>\n<h1 style=\"text-align: center;\"><span style=\"color: #666666;\">Les Spectacles<\/span><\/h1>\n<p><span style=\"color: #666666;\"><\/span><\/p>\n<h3 style=\"text-align: justify;\"><span style=\"color: #666666; font-weight: normal; font-family: Arial; font-size: medium;\">Nos spectacles, clown\u00e9s, jongl\u00e9s, dans\u00e9s, marionnett\u00e9s ou cont\u00e9s ont \u00e9t\u00e9 con\u00e7us\u00a0pour \u00e9veiller vos papilles artistiques.<\/span><\/h3>\n<h3 style=\"text-align: justify;\"><span style=\"color: #666666; font-weight: normal; font-family: Arial; font-size: medium;\">Que vous\u00a0soyez initi\u00e9 ou novice, soyez certain que vous saurez trouver le chemin de l\u2019\u00e9motion.<\/span><\/h3>\n<h3 style=\"text-align: justify;\"><span style=\"color: #666666; font-weight: normal; font-family: Arial; font-size: medium;\">En \u00e9cole, sur une sc\u00e8ne de th\u00e9\u00e2tre, en rue, nos Spectacles s&rsquo;adaptent\u00a0facilement \u00e0 tous public et aux diff\u00e9rents lieux que l&rsquo;on nous propose.<\/span><\/h3>\n<p>&nbsp;<\/p>\n<p>[\/et_pb_text][et_pb_divider color=\u00a0\u00bbrgba(229,81,22,0.76)\u00a0\u00bb divider_weight=\u00a0\u00bb2px\u00a0\u00bb _builder_version=\u00a0\u00bb4.16&Prime; height=\u00a0\u00bb49px\u00a0\u00bb custom_margin=\u00a0\u00bb100px||\u00a0\u00bb custom_padding=\u00a0\u00bb17px||\u00a0\u00bb global_colors_info=\u00a0\u00bb{}\u00a0\u00bb][\/et_pb_divider][\/et_pb_column][\/et_pb_row][\/et_pb_section][et_pb_section fb_built=\u00a0\u00bb1&Prime; _builder_version=\u00a0\u00bb4.16&Prime; custom_margin=\u00a0\u00bb-105px||\u00a0\u00bb custom_padding=\u00a0\u00bb45px||\u00a0\u00bb global_colors_info=\u00a0\u00bb{}\u00a0\u00bb custom_margin__hover_enabled=\u00a0\u00bbon\u00a0\u00bb custom_margin__hover=\u00a0\u00bb-105px||\u00a0\u00bb][et_pb_row column_structure=\u00a0\u00bb1_3,1_3,1_3&Prime; make_equal=\u00a0\u00bbon\u00a0\u00bb _builder_version=\u00a0\u00bb4.27.5&Prime; custom_margin=\u00a0\u00bb0px||\u00a0\u00bb custom_margin_last_edited=\u00a0\u00bboff|desktop\u00a0\u00bb custom_padding=\u00a0\u00bb0px||\u00a0\u00bb global_colors_info=\u00a0\u00bb{}\u00a0\u00bb][et_pb_column type=\u00a0\u00bb1_3&Prime; _builder_version=\u00a0\u00bb4.27.5&Prime; background_color=\u00a0\u00bbrgba(224,111,105,0.39)\u00a0\u00bb custom_padding=\u00a0\u00bb0px||40px|\u00a0\u00bb global_colors_info=\u00a0\u00bb{}\u00a0\u00bb custom_padding__hover=\u00a0\u00bb|||\u00a0\u00bb][et_pb_divider color=\u00a0\u00bbrgba(229,81,22,0.76)\u00a0\u00bb divider_weight=\u00a0\u00bb2px\u00a0\u00bb _builder_version=\u00a0\u00bb4.16&Prime; height=\u00a0\u00bb50px\u00a0\u00bb custom_margin=\u00a0\u00bb101px|81px||81px\u00a0\u00bb custom_padding=\u00a0\u00bb12px||\u00a0\u00bb global_colors_info=\u00a0\u00bb{}\u00a0\u00bb][\/et_pb_divider][et_pb_text _builder_version=\u00a0\u00bb4.16&Prime; text_font=\u00a0\u00bb||||||||\u00a0\u00bb text_text_color=\u00a0\u00bb#000000&Prime; text_font_size=\u00a0\u00bb30px\u00a0\u00bb text_letter_spacing=\u00a0\u00bb3px\u00a0\u00bb text_line_height=\u00a0\u00bb1.6em\u00a0\u00bb link_font=\u00a0\u00bb||||||||\u00a0\u00bb header_font=\u00a0\u00bb||||||||\u00a0\u00bb header_letter_spacing=\u00a0\u00bb2px\u00a0\u00bb header_line_height=\u00a0\u00bb1.1em\u00a0\u00bb custom_margin_phone=\u00a0\u00bb-68px||\u00a0\u00bb custom_margin_last_edited=\u00a0\u00bboff|desktop\u00a0\u00bb text_font_size_tablet=\u00a0\u00bb\u00a0\u00bb text_font_size_phone=\u00a0\u00bb26px\u00a0\u00bb text_font_size_last_edited=\u00a0\u00bbon|desktop\u00a0\u00bb header_font_size_tablet=\u00a0\u00bb\u00a0\u00bb header_font_size_phone=\u00a0\u00bb26px\u00a0\u00bb header_font_size_last_edited=\u00a0\u00bbon|phone\u00a0\u00bb global_colors_info=\u00a0\u00bb{}\u00a0\u00bb custom_margin__hover_enabled=\u00a0\u00bbon\u00a0\u00bb]<\/p>\n<h1 style=\"text-align: center;\"><strong><span style=\"color: #333333;\">Tout public<\/span><br \/> <\/strong><\/h1>\n<h6 style=\"text-align: center;\"><em>\u00a0<\/em><\/h6>\n<p>[\/et_pb_text][et_pb_text _builder_version=\u00a0\u00bb4.16&Prime; text_font=\u00a0\u00bb||||||||\u00a0\u00bb text_text_color=\u00a0\u00bb#666666&Prime; text_font_size=\u00a0\u00bb17px\u00a0\u00bb text_line_height=\u00a0\u00bb1.3em\u00a0\u00bb header_font=\u00a0\u00bb||||||||\u00a0\u00bb header_letter_spacing=\u00a0\u00bb2px\u00a0\u00bb header_line_height=\u00a0\u00bb1.1em\u00a0\u00bb custom_margin_phone=\u00a0\u00bb566px||\u00a0\u00bb custom_margin_last_edited=\u00a0\u00bboff|desktop\u00a0\u00bb link_option_url_new_window=\u00a0\u00bbon\u00a0\u00bb text_font_size_tablet=\u00a0\u00bb\u00a0\u00bb text_font_size_phone=\u00a0\u00bb23px\u00a0\u00bb text_font_size_last_edited=\u00a0\u00bbon|desktop\u00a0\u00bb inline_fonts=\u00a0\u00bbArial\u00a0\u00bb global_colors_info=\u00a0\u00bb{}\u00a0\u00bb]<\/p>\n<h4 style=\"text-align: center;\"><span arial=\"\" font-weight:=\"\" normal=\"\" b=\"\"><span style=\"color: #333333;\">La surprise de Mr Babass<\/span><\/span><\/h4>\n<h3 style=\"text-align: center;\"><span style=\"color: #666666; font-weight: normal; font-family: Arial; font-size: medium;\">Jonglerie clown\u00e9e avec marionnette<\/span><\/h3>\n<p>[\/et_pb_text][et_pb_image src=\u00a0\u00bbhttps:\/\/www.lespucks.com\/wp-content\/uploads\/2020\/07\/surprise-babass-grimasse-.jpg\u00a0\u00bb url=\u00a0\u00bbhttps:\/\/www.lespucks.com\/index.php\/la-surprise-de-mr-babass\/\u00a0\u00bb align=\u00a0\u00bbcenter\u00a0\u00bb align_tablet=\u00a0\u00bbcenter\u00a0\u00bb align_phone=\u00a0\u00bbcenter\u00a0\u00bb align_last_edited=\u00a0\u00bbon|desktop\u00a0\u00bb _builder_version=\u00a0\u00bb4.16&Prime; max_width=\u00a0\u00bb40%\u00a0\u00bb animation_style=\u00a0\u00bbfade\u00a0\u00bb border_radii=\u00a0\u00bb||||\u00a0\u00bb border_width_all=\u00a0\u00bb5px\u00a0\u00bb global_colors_info=\u00a0\u00bb{}\u00a0\u00bb][\/et_pb_image][et_pb_text _builder_version=\u00a0\u00bb4.16&Prime; text_font=\u00a0\u00bb||||||||\u00a0\u00bb text_font_size=\u00a0\u00bb17px\u00a0\u00bb text_line_height=\u00a0\u00bb1.3em\u00a0\u00bb header_font=\u00a0\u00bb||||||||\u00a0\u00bb header_text_color=\u00a0\u00bb#000000&Prime; header_letter_spacing=\u00a0\u00bb2px\u00a0\u00bb header_line_height=\u00a0\u00bb1.1em\u00a0\u00bb link_option_url_new_window=\u00a0\u00bbon\u00a0\u00bb header_letter_spacing_last_edited=\u00a0\u00bboff|desktop\u00a0\u00bb inline_fonts=\u00a0\u00bbTimes New Roman,Georgia\u00a0\u00bb global_colors_info=\u00a0\u00bb{}\u00a0\u00bb]<\/p>\n<h4 style=\"text-align: center;\"><span arial=\"\" font-weight:=\"\" normal=\"\" b=\"\"><span style=\"color: #333333;\">Babass vous apprend \u00e0 jongler<\/span><\/span><\/h4>\n<h3 style=\"text-align: center;\"><span style=\"color: #666666; font-weight: normal; font-family: Arial; font-size: medium;\">Regarder puis faire<\/span><\/h3>\n<p>[\/et_pb_text][et_pb_image src=\u00a0\u00bbhttps:\/\/www.lespucks.com\/wp-content\/uploads\/2020\/07\/DSC_1460.jpg\u00a0\u00bb url=\u00a0\u00bbhttps:\/\/www.lespucks.com\/index.php\/babass-vous-apprend-a-jongler\/\u00a0\u00bb align_tablet=\u00a0\u00bbcenter\u00a0\u00bb align_phone=\u00a0\u00bbcenter\u00a0\u00bb align_last_edited=\u00a0\u00bbon|desktop\u00a0\u00bb _builder_version=\u00a0\u00bb4.16&Prime; max_width=\u00a0\u00bb40%\u00a0\u00bb module_alignment=\u00a0\u00bbcenter\u00a0\u00bb border_width_all=\u00a0\u00bb5px\u00a0\u00bb global_colors_info=\u00a0\u00bb{}\u00a0\u00bb][\/et_pb_image][et_pb_text _builder_version=\u00a0\u00bb4.16&Prime; text_font=\u00a0\u00bb||||||||\u00a0\u00bb text_font_size=\u00a0\u00bb17px\u00a0\u00bb text_line_height=\u00a0\u00bb1.3em\u00a0\u00bb header_font=\u00a0\u00bb||||||||\u00a0\u00bb header_text_color=\u00a0\u00bb#000000&Prime; header_letter_spacing=\u00a0\u00bb2px\u00a0\u00bb header_line_height=\u00a0\u00bb1.1em\u00a0\u00bb link_option_url_new_window=\u00a0\u00bbon\u00a0\u00bb header_letter_spacing_last_edited=\u00a0\u00bboff|desktop\u00a0\u00bb inline_fonts=\u00a0\u00bbTimes New Roman,Georgia\u00a0\u00bb global_colors_info=\u00a0\u00bb{}\u00a0\u00bb]<\/p>\n<h4 style=\"text-align: center;\"><span arial=\"\" font-weight:=\"\" normal=\"\" b=\"\"><span style=\"color: #333333;\">L&rsquo;Arbre Tambour<br \/> <\/span><\/span><\/h4>\n<h3 style=\"text-align: center;\"><span style=\"color: #666666; font-weight: normal; font-family: Arial; font-size: medium;\">Conte et Marionnettes<br \/> <\/span><\/h3>\n<p>[\/et_pb_text][et_pb_image src=\u00a0\u00bbhttps:\/\/www.lespucks.com\/wp-content\/uploads\/2024\/10\/Arbre-Tambour10-scaled-e1728143419708.jpg\u00a0\u00bb url=\u00a0\u00bbhttps:\/\/www.lespucks.com\/index.php\/larbre-tambour\/\u00a0\u00bb align_tablet=\u00a0\u00bbcenter\u00a0\u00bb align_phone=\u00a0\u00bbcenter\u00a0\u00bb align_last_edited=\u00a0\u00bbon|desktop\u00a0\u00bb _builder_version=\u00a0\u00bb4.16&Prime; max_width=\u00a0\u00bb40%\u00a0\u00bb module_alignment=\u00a0\u00bbcenter\u00a0\u00bb border_width_all=\u00a0\u00bb5px\u00a0\u00bb global_colors_info=\u00a0\u00bb{}\u00a0\u00bb][\/et_pb_image][et_pb_text _builder_version=\u00a0\u00bb4.27.5&Prime; text_font=\u00a0\u00bb||||||||\u00a0\u00bb text_font_size=\u00a0\u00bb17px\u00a0\u00bb text_line_height=\u00a0\u00bb1.3em\u00a0\u00bb header_font=\u00a0\u00bb||||||||\u00a0\u00bb header_text_color=\u00a0\u00bb#000000&Prime; header_letter_spacing=\u00a0\u00bb2px\u00a0\u00bb header_line_height=\u00a0\u00bb1.1em\u00a0\u00bb link_option_url=\u00a0\u00bbhttps:\/\/www.lespucks.com\/index.php\/guignol-et-lours\/\u00a0\u00bb link_option_url_new_window=\u00a0\u00bbon\u00a0\u00bb header_letter_spacing_last_edited=\u00a0\u00bboff|desktop\u00a0\u00bb inline_fonts=\u00a0\u00bbTimes New Roman,Georgia\u00a0\u00bb global_colors_info=\u00a0\u00bb{}\u00a0\u00bb]<\/p>\n<h4 style=\"text-align: center;\"><span arial=\"\" font-weight:=\"\" normal=\"\" b=\"\"><span style=\"color: #333333;\">Guignol et l&rsquo;Ours<br \/><\/span><\/span><\/h4>\n<h3 style=\"text-align: center;\"><span style=\"color: #666666; font-weight: normal; font-family: Arial; font-size: medium;\">Marionnettes<br \/><\/span><\/h3>\n<p>[\/et_pb_text][et_pb_image src=\u00a0\u00bbhttps:\/\/www.lespucks.com\/wp-content\/uploads\/2024\/09\/CasteletGui1.jpg\u00a0\u00bb url=\u00a0\u00bbhttps:\/\/www.lespucks.com\/index.php\/guignol-et-lours\/\u00a0\u00bb align_tablet=\u00a0\u00bbcenter\u00a0\u00bb align_phone=\u00a0\u00bbcenter\u00a0\u00bb align_last_edited=\u00a0\u00bbon|desktop\u00a0\u00bb _builder_version=\u00a0\u00bb4.27.5&Prime; max_width=\u00a0\u00bb40%\u00a0\u00bb module_alignment=\u00a0\u00bbcenter\u00a0\u00bb border_width_all=\u00a0\u00bb5px\u00a0\u00bb global_colors_info=\u00a0\u00bb{}\u00a0\u00bb][\/et_pb_image][et_pb_text _builder_version=\u00a0\u00bb4.27.5&Prime; text_font=\u00a0\u00bb||||||||\u00a0\u00bb text_font_size=\u00a0\u00bb17px\u00a0\u00bb text_line_height=\u00a0\u00bb1.3em\u00a0\u00bb header_font=\u00a0\u00bb||||||||\u00a0\u00bb header_text_color=\u00a0\u00bb#000000&Prime; header_letter_spacing=\u00a0\u00bb2px\u00a0\u00bb header_line_height=\u00a0\u00bb1.1em\u00a0\u00bb link_option_url=\u00a0\u00bbhttps:\/\/www.lespucks.com\/index.php\/guignol-et-lours\/\u00a0\u00bb link_option_url_new_window=\u00a0\u00bbon\u00a0\u00bb header_letter_spacing_last_edited=\u00a0\u00bboff|desktop\u00a0\u00bb inline_fonts=\u00a0\u00bbTimes New Roman,Georgia\u00a0\u00bb global_colors_info=\u00a0\u00bb{}\u00a0\u00bb]<\/p>\n<h4 style=\"text-align: center;\"><span arial=\"\" font-weight:=\"\" normal=\"\" b=\"\"><span style=\"color: #333333;\">Ni\u00e9b\u00e9 et la femme bison<\/span><\/span><\/h4>\n<h3 style=\"text-align: center;\"><span style=\"color: #666666; font-weight: normal; font-family: Arial; font-size: medium;\">Marionnettes et Ombres<\/span><\/h3>\n<p>[\/et_pb_text][et_pb_image src=\u00a0\u00bbhttps:\/\/www.lespucks.com\/wp-content\/uploads\/2026\/02\/Niebe-4-rotated-e1771422826710.jpg\u00a0\u00bb title_text=\u00a0\u00bbNi\u00e9b\u00e9 4&Prime; url=\u00a0\u00bbhttps:\/\/www.lespucks.com\/index.php\/niebe-et-la-femme-bison\/\u00a0\u00bb align_tablet=\u00a0\u00bbcenter\u00a0\u00bb align_phone=\u00a0\u00bbcenter\u00a0\u00bb align_last_edited=\u00a0\u00bbon|desktop\u00a0\u00bb _builder_version=\u00a0\u00bb4.27.5&Prime; max_width=\u00a0\u00bb40%\u00a0\u00bb module_alignment=\u00a0\u00bbcenter\u00a0\u00bb overflow-y=\u00a0\u00bbvisible\u00a0\u00bb hover_enabled=\u00a0\u00bb0&Prime; border_width_all=\u00a0\u00bb5px\u00a0\u00bb global_colors_info=\u00a0\u00bb{}\u00a0\u00bb sticky_enabled=\u00a0\u00bb0&Prime;][\/et_pb_image][\/et_pb_column][et_pb_column type=\u00a0\u00bb1_3&Prime; _builder_version=\u00a0\u00bb4.16&Prime; background_color=\u00a0\u00bbrgba(224,187,107,0.61)\u00a0\u00bb custom_padding=\u00a0\u00bb0px||40px|\u00a0\u00bb global_colors_info=\u00a0\u00bb{}\u00a0\u00bb custom_padding__hover=\u00a0\u00bb|||\u00a0\u00bb][et_pb_divider color=\u00a0\u00bbrgba(229,81,22,0.76)\u00a0\u00bb divider_weight=\u00a0\u00bb2px\u00a0\u00bb _builder_version=\u00a0\u00bb4.16&Prime; height=\u00a0\u00bb50px\u00a0\u00bb custom_margin=\u00a0\u00bb101px|81px||81px\u00a0\u00bb custom_padding=\u00a0\u00bb12px||\u00a0\u00bb global_colors_info=\u00a0\u00bb{}\u00a0\u00bb][\/et_pb_divider][et_pb_text _builder_version=\u00a0\u00bb4.16&Prime; text_font=\u00a0\u00bb||||||||\u00a0\u00bb header_font=\u00a0\u00bb||||||||\u00a0\u00bb header_text_color=\u00a0\u00bb#000000&Prime; header_letter_spacing=\u00a0\u00bb2px\u00a0\u00bb header_line_height=\u00a0\u00bb1.1em\u00a0\u00bb text_orientation=\u00a0\u00bbcenter\u00a0\u00bb link_option_url=\u00a0\u00bbhttps:\/\/www.lespucks.com\/index.php\/le-peuple-des-couleurs\/\u00a0\u00bb link_option_url_new_window=\u00a0\u00bbon\u00a0\u00bb inline_fonts=\u00a0\u00bbGeorgia\u00a0\u00bb global_colors_info=\u00a0\u00bb{}\u00a0\u00bb]<\/p>\n<h1 style=\"text-align: center;\"><strong><span style=\"color: #333333;\">Pour Adultes<\/span><br \/> <\/strong><\/h1>\n<h6><em>\u00a0<\/em><\/h6>\n<p>[\/et_pb_text][et_pb_text _builder_version=\u00a0\u00bb4.16&Prime; text_font=\u00a0\u00bb||||||||\u00a0\u00bb text_text_color=\u00a0\u00bb#666666&Prime; text_font_size=\u00a0\u00bb17px\u00a0\u00bb text_line_height=\u00a0\u00bb1.3em\u00a0\u00bb header_font=\u00a0\u00bb||||||||\u00a0\u00bb header_letter_spacing=\u00a0\u00bb2px\u00a0\u00bb header_line_height=\u00a0\u00bb1.1em\u00a0\u00bb link_option_url_new_window=\u00a0\u00bbon\u00a0\u00bb header_letter_spacing_last_edited=\u00a0\u00bboff|desktop\u00a0\u00bb inline_fonts=\u00a0\u00bbArial\u00a0\u00bb global_colors_info=\u00a0\u00bb{}\u00a0\u00bb text_letter_spacing__hover_enabled=\u00a0\u00bbon\u00a0\u00bb text_line_height__hover_enabled=\u00a0\u00bbon\u00a0\u00bb text_line_height__hover=\u00a0\u00bb1.3em\u00a0\u00bb]<\/p>\n<h4 style=\"text-align: center;\"><span arial=\"\" font-weight:=\"\" normal=\"\" b=\"\"><span style=\"color: #333333;\">Ce qu&rsquo;on raconte tout bas<\/span><\/span><\/h4>\n<h3 style=\"text-align: center;\"><span style=\"color: #666666; font-weight: normal; font-family: Arial; font-size: medium;\">Spectacle de contes et chants grivois, accessible en langue des signes<\/span><\/h3>\n<p>[\/et_pb_text][et_pb_image src=\u00a0\u00bbhttps:\/\/www.lespucks.com\/wp-content\/uploads\/2021\/09\/IMG-20210430-WA0030.jpg\u00a0\u00bb url=\u00a0\u00bbhttps:\/\/www.lespucks.com\/index.php\/ce-quon-raconte-tout-bas\/\u00a0\u00bb align_tablet=\u00a0\u00bbcenter\u00a0\u00bb align_phone=\u00a0\u00bbcenter\u00a0\u00bb align_last_edited=\u00a0\u00bbon|desktop\u00a0\u00bb _builder_version=\u00a0\u00bb4.16&Prime; max_width=\u00a0\u00bb40%\u00a0\u00bb module_alignment=\u00a0\u00bbcenter\u00a0\u00bb border_width_all=\u00a0\u00bb5px\u00a0\u00bb global_colors_info=\u00a0\u00bb{}\u00a0\u00bb][\/et_pb_image][\/et_pb_column][et_pb_column type=\u00a0\u00bb1_3&Prime; _builder_version=\u00a0\u00bb4.16&Prime; background_color=\u00a0\u00bbrgba(110,156,193,0.55)\u00a0\u00bb custom_padding=\u00a0\u00bb0px||40px|\u00a0\u00bb global_colors_info=\u00a0\u00bb{}\u00a0\u00bb custom_padding__hover=\u00a0\u00bb|||\u00a0\u00bb][et_pb_divider color=\u00a0\u00bbrgba(229,81,22,0.76)\u00a0\u00bb divider_weight=\u00a0\u00bb2px\u00a0\u00bb _builder_version=\u00a0\u00bb4.16&Prime; height=\u00a0\u00bb50px\u00a0\u00bb custom_margin=\u00a0\u00bb101px|81px||81px\u00a0\u00bb custom_padding=\u00a0\u00bb12px||\u00a0\u00bb global_colors_info=\u00a0\u00bb{}\u00a0\u00bb][\/et_pb_divider][et_pb_text _builder_version=\u00a0\u00bb4.16&Prime; text_font=\u00a0\u00bb||||||||\u00a0\u00bb header_font=\u00a0\u00bb||||||||\u00a0\u00bb header_text_color=\u00a0\u00bb#000000&Prime; header_letter_spacing=\u00a0\u00bb2px\u00a0\u00bb header_line_height=\u00a0\u00bb1.1em\u00a0\u00bb text_orientation=\u00a0\u00bbcenter\u00a0\u00bb link_option_url=\u00a0\u00bbhttps:\/\/www.lespucks.com\/index.php\/le-peuple-des-couleurs\/\u00a0\u00bb link_option_url_new_window=\u00a0\u00bbon\u00a0\u00bb inline_fonts=\u00a0\u00bbGeorgia\u00a0\u00bb global_colors_info=\u00a0\u00bb{}\u00a0\u00bb]<\/p>\n<h1 style=\"text-align: center;\"><strong><span style=\"color: #333333;\">En Plein Air<\/span><br \/>\n<\/strong><\/h1>\n<h6><em>\u00a0<\/em><\/h6>\n<p>[\/et_pb_text][et_pb_text _builder_version=\u00a0\u00bb4.16&Prime; text_font=\u00a0\u00bb||||||||\u00a0\u00bb text_text_color=\u00a0\u00bb#666666&Prime; text_font_size=\u00a0\u00bb17px\u00a0\u00bb text_line_height=\u00a0\u00bb1.3em\u00a0\u00bb header_font=\u00a0\u00bb||||||||\u00a0\u00bb header_letter_spacing=\u00a0\u00bb2px\u00a0\u00bb header_line_height=\u00a0\u00bb1.1em\u00a0\u00bb link_option_url=\u00a0\u00bbhttps:\/\/www.lespucks.com\/index.php\/ce-quon-raconte-tout-bas\/\u00a0\u00bb link_option_url_new_window=\u00a0\u00bbon\u00a0\u00bb header_letter_spacing_last_edited=\u00a0\u00bboff|desktop\u00a0\u00bb inline_fonts=\u00a0\u00bbArial\u00a0\u00bb global_colors_info=\u00a0\u00bb{}\u00a0\u00bb text_letter_spacing__hover_enabled=\u00a0\u00bbon\u00a0\u00bb text_line_height__hover_enabled=\u00a0\u00bbon\u00a0\u00bb text_line_height__hover=\u00a0\u00bb1.3em\u00a0\u00bb]<\/p>\n<h4 style=\"text-align: center;\"><span arial=\"\" font-weight:=\"\" normal=\"\" b=\"\"><span style=\"color: #333333;\">Haut Perch\u00e9<\/span><\/span><\/h4>\n<h3 style=\"text-align: center;\"><span style=\"color: #666666; font-weight: normal; font-family: Arial; font-size: medium;\">Spectacle immersif et <\/span><span style=\"color: #666666; font-weight: normal; font-family: Arial; font-size: medium;\">sonore<\/span><\/h3>\n<p>[\/et_pb_text][et_pb_image src=\u00a0\u00bbhttps:\/\/www.lespucks.com\/wp-content\/uploads\/2024\/09\/JO__2386a-scaled-e1727446927320.jpg\u00a0\u00bb url=\u00a0\u00bbhttps:\/\/www.lespucks.com\/index.php\/haut-perche\/\u00a0\u00bb align_tablet=\u00a0\u00bbcenter\u00a0\u00bb align_phone=\u00a0\u00bbcenter\u00a0\u00bb align_last_edited=\u00a0\u00bbon|desktop\u00a0\u00bb _builder_version=\u00a0\u00bb4.16&Prime; max_width=\u00a0\u00bb40%\u00a0\u00bb module_alignment=\u00a0\u00bbcenter\u00a0\u00bb custom_margin=\u00a0\u00bb||\u00a0\u00bb custom_padding=\u00a0\u00bb|||\u00a0\u00bb border_width_all=\u00a0\u00bb5px\u00a0\u00bb global_colors_info=\u00a0\u00bb{}\u00a0\u00bb][\/et_pb_image][et_pb_text _builder_version=\u00a0\u00bb4.16&Prime; text_font=\u00a0\u00bb||||||||\u00a0\u00bb text_font_size=\u00a0\u00bb17px\u00a0\u00bb text_line_height=\u00a0\u00bb1.3em\u00a0\u00bb header_font=\u00a0\u00bb||||||||\u00a0\u00bb header_letter_spacing=\u00a0\u00bb2px\u00a0\u00bb header_line_height=\u00a0\u00bb1.1em\u00a0\u00bb custom_margin_phone=\u00a0\u00bb-48px||\u00a0\u00bb custom_margin_last_edited=\u00a0\u00bboff|desktop\u00a0\u00bb link_option_url=\u00a0\u00bbhttps:\/\/www.lespucks.com\/index.php\/la-belle-et-le-bete\/\u00a0\u00bb link_option_url_new_window=\u00a0\u00bbon\u00a0\u00bb inline_fonts=\u00a0\u00bbArial\u00a0\u00bb global_colors_info=\u00a0\u00bb{}\u00a0\u00bb custom_margin__hover_enabled=\u00a0\u00bbon\u00a0\u00bb]<\/p>\n<h4 style=\"text-align: center;\"><span arial=\"\" font-weight:=\"\" normal=\"\" b=\"\"><span style=\"color: #333333;\">Le B\u00eate &amp; La belle<\/span><\/span><\/h4>\n<h3 style=\"text-align: center;\"><span style=\"color: #666666; font-weight: normal; font-family: Arial; font-size: medium;\">Rigole feu et conte d\u00e9fait<\/span><\/h3>\n<p>[\/et_pb_text][et_pb_image src=\u00a0\u00bbhttps:\/\/www.lespucks.com\/wp-content\/uploads\/2022\/07\/1-clownerie.jpg\u00a0\u00bb url=\u00a0\u00bbhttps:\/\/www.lespucks.com\/index.php\/la-belle-et-le-bete\/\u00a0\u00bb align_tablet=\u00a0\u00bbcenter\u00a0\u00bb align_phone=\u00a0\u00bbcenter\u00a0\u00bb align_last_edited=\u00a0\u00bbon|desktop\u00a0\u00bb _builder_version=\u00a0\u00bb4.16&Prime; max_width=\u00a0\u00bb40%\u00a0\u00bb module_alignment=\u00a0\u00bbcenter\u00a0\u00bb border_width_all=\u00a0\u00bb5px\u00a0\u00bb global_colors_info=\u00a0\u00bb{}\u00a0\u00bb][\/et_pb_image][\/et_pb_column][\/et_pb_row][\/et_pb_section]<\/p>\n","protected":false},"excerpt":{"rendered":"<p>Les Spectacles Nos spectacles, clown\u00e9s, jongl\u00e9s, dans\u00e9s, marionnett\u00e9s ou cont\u00e9s ont \u00e9t\u00e9 con\u00e7us\u00a0pour \u00e9veiller vos papilles artistiques. Que vous\u00a0soyez initi\u00e9 ou novice, soyez certain que vous saurez trouver le chemin de l\u2019\u00e9motion. En \u00e9cole, sur une sc\u00e8ne de th\u00e9\u00e2tre, en rue, nos Spectacles s&rsquo;adaptent\u00a0facilement \u00e0 tous public et aux diff\u00e9rents lieux que l&rsquo;on nous propose. [&hellip;]<\/p>\n","protected":false},"author":1,"featured_media":0,"parent":0,"menu_order":0,"comment_status":"closed","ping_status":"closed","template":"","meta":{"_et_pb_use_builder":"on","_et_pb_old_content":"","_et_gb_content_width":"","footnotes":""},"class_list":["post-13","page","type-page","status-publish","hentry"],"aioseo_notices":[],"_links":{"self":[{"href":"https:\/\/www.lespucks.com\/index.php\/wp-json\/wp\/v2\/pages\/13","targetHints":{"allow":["GET"]}}],"collection":[{"href":"https:\/\/www.lespucks.com\/index.php\/wp-json\/wp\/v2\/pages"}],"about":[{"href":"https:\/\/www.lespucks.com\/index.php\/wp-json\/wp\/v2\/types\/page"}],"author":[{"embeddable":true,"href":"https:\/\/www.lespucks.com\/index.php\/wp-json\/wp\/v2\/users\/1"}],"replies":[{"embeddable":true,"href":"https:\/\/www.lespucks.com\/index.php\/wp-json\/wp\/v2\/comments?post=13"}],"version-history":[{"count":14,"href":"https:\/\/www.lespucks.com\/index.php\/wp-json\/wp\/v2\/pages\/13\/revisions"}],"predecessor-version":[{"id":4039,"href":"https:\/\/www.lespucks.com\/index.php\/wp-json\/wp\/v2\/pages\/13\/revisions\/4039"}],"wp:attachment":[{"href":"https:\/\/www.lespucks.com\/index.php\/wp-json\/wp\/v2\/media?parent=13"}],"curies":[{"name":"wp","href":"https:\/\/api.w.org\/{rel}","templated":true}]}}