{"id":122,"date":"2020-01-04T14:41:43","date_gmt":"2020-01-04T13:41:43","guid":{"rendered":"http:\/\/www.lespucks.com\/?page_id=122"},"modified":"2024-01-29T18:04:52","modified_gmt":"2024-01-29T17:04:52","slug":"122-2","status":"publish","type":"page","link":"https:\/\/www.lespucks.com\/index.php\/122-2\/","title":{"rendered":"5 \u00e0 7 ans"},"content":{"rendered":"<p>[et_pb_section fb_built=\u00a0\u00bb1&Prime; _builder_version=\u00a0\u00bb3.20.1&Prime; custom_margin=\u00a0\u00bb-30px||\u00a0\u00bb custom_padding=\u00a0\u00bb54px|0px|54px|1px|false|false\u00a0\u00bb][et_pb_row _builder_version=\u00a0\u00bb3.20.1&Prime;][et_pb_column type=\u00a0\u00bb4_4&Prime; _builder_version=\u00a0\u00bb3.20.1&Prime;][et_pb_divider color=\u00a0\u00bbrgba(229,81,22,0.76)\u00a0\u00bb divider_weight=\u00a0\u00bb2px\u00a0\u00bb height=\u00a0\u00bb6px\u00a0\u00bb _builder_version=\u00a0\u00bb3.20.1&Prime;][\/et_pb_divider][et_pb_text _builder_version=\u00a0\u00bb3.20.1&Prime; text_font=\u00a0\u00bb||||||||\u00a0\u00bb text_font_size=\u00a0\u00bb46px\u00a0\u00bb]<\/p>\n<p style=\"text-align: center;\"><span style=\"color: #666666;\">5 \u00e0 7 ans <span style=\"font-size: x-large;\">(grande section &#8211; cp)<\/span>[\/et_pb_text][et_pb_divider color=\u00a0\u00bbrgba(229,81,22,0.76)\u00a0\u00bb divider_weight=\u00a0\u00bb2px\u00a0\u00bb _builder_version=\u00a0\u00bb3.20.1&Prime;][\/et_pb_divider][\/et_pb_column][\/et_pb_row][\/et_pb_section][et_pb_section fb_built=\u00a0\u00bb1&Prime; _builder_version=\u00a0\u00bb3.20.1&Prime;][et_pb_row custom_margin=\u00a0\u00bb-71px|||384px\u00a0\u00bb _builder_version=\u00a0\u00bb3.20.1&Prime; custom_margin_phone=\u00a0\u00bb|||33px\u00a0\u00bb custom_margin_last_edited=\u00a0\u00bbon|phone\u00a0\u00bb][et_pb_column type=\u00a0\u00bb4_4&Prime; _builder_version=\u00a0\u00bb3.20.1&Prime;][et_pb_text _builder_version=\u00a0\u00bb3.20.1&Prime; text_font=\u00a0\u00bb||||||||\u00a0\u00bb custom_margin=\u00a0\u00bb-119px||\u00a0\u00bb custom_padding=\u00a0\u00bb|||0px\u00a0\u00bb inline_fonts=\u00a0\u00bbGeorgia\u00a0\u00bb]<\/p>\n<p style=\"text-align: justify;\"><span><\/span><\/p>\n<p>&nbsp;<\/p>\n<p style=\"text-align: justify;\"><span style=\"font-family: Arial; font-weight: normal; font-size: medium;\"><strong>Apprentissage\u00a0: <\/strong>Nous mettons un point d\u2019honneur \u00e0 faire de l&rsquo;apprentissage un plaisir.<\/span><br \/><span style=\"font-family:Arial; font-weight: normal; font-size: medium;\"> Notre objectif est de faire comprendre aux enfants le bonheur que l\u2019on ressent \u00e0 travailler sur un objet technique pour enfin le ma\u00eetriser.<\/span><\/p>\n<p>\u00a0L<b style=\"color: #5e5e5e; font-family: Arial; font-size: medium;\">es objets:\u00a0 <\/b><\/p>\n<p><span style=\"color: #5e5e5e; font-family: Arial; font-size: medium;\">&#8211; Adresse: balles, kiwido, diabolos, b\u00e2ton\u00a0du diable, cerceau, foulard, assiette chinoise.\u00a0 \u00a0 \u00a0 \u00a0 \u00a0 \u00a0 \u00a0 \u00a0 \u00a0 \u00a0 \u00a0 \u00a0 \u00a0 \u00a0 \u00a0 \u00a0 \u00a0 \u00a0 \u00a0 \u00a0 \u00a0 \u00a0 \u00a0 \u00a0 \u00a0 \u00a0 \u00a0 \u00a0 \u00a0 \u00a0 \u00a0 \u00a0 \u00a0 \u00a0 \u00a0 \u00a0 \u00a0 \u00a0 \u00a0 \u00a0 \u00a0 \u00a0 \u00a0 \u00a0 \u00a0 \u00a0 \u00a0 \u00a0 \u00a0 \u00a0 \u00a0 \u00a0 \u00a0 \u00a0 \u00a0 \u00a0 \u00a0 \u00a0 \u00a0 \u00a0 \u00a0 &#8211; \u00c9quilibre:\u00a0 fil de funambule, rola bola, p\u00e9dal go, grosse boule, mini \u00e9chasse.<\/span><\/p>\n<p><span style=\"font-family: Arial; font-weight: normal; font-size: medium;\"><strong>Les\u00a0<\/strong><strong>s\u00e9ances\u00a0:\u00a0<\/strong>\u00a01h15 hebdomadaire de 14h00 \u00e0 15h15. Elles se d\u00e9composent en plusieurs temps d&rsquo;apprentissage, courts mais r\u00e9p\u00e9titifs, qui correspondent au temps de concentration des enfants de cet \u00e2ge. Un de nos objectif est d&rsquo;arriver \u00e0 rallonger les temps d&rsquo;apprentissages dans le courant de l&rsquo;ann\u00e9e.<\/span><\/p>\n<p><span style=\"font-family: Arial; font-weight: normal; font-size: medium;\"><strong>\u00a0Le chapiteau:<\/strong>\u00a0la rentr\u00e9e se passe\u00a0\u00a0sous le chapiteau jusqu&rsquo;aux\u00a0vacances de la toussaint. Nous passons\u00a0l&rsquo;hiver\u00a0en salle \u00e0 Montarlot, puis nous r\u00e9int\u00e9grons le chapiteau d\u00e8s que le temps le permet vers la fin du mois de mars ou d\u00e9but du mois avril.<\/span><\/p>\n<p style=\"text-align: center;\"><span style=\"font-family: Arial; font-weight: normal; font-size: medium;\">\u00a0<strong>Tarif:<\/strong>\u00a0200 \u20ac l\u2019ann\u00e9e \/ 10 \u20ac d\u2019adh\u00e9sion.<\/span><\/p>\n<p>\u00a0<strong style=\"font-family: Arial; font-size: medium; text-align: justify;\"><\/strong><\/p>\n<p style=\"text-align: center;\">\n<p style=\"text-align: center;\">\n<p>[\/et_pb_text][et_pb_pricing_tables featured_table_background_color=\u00a0\u00bbrgba(0,0,0,0)\u00a0\u00bb featured_table_header_background_color=\u00a0\u00bb#e09900&Prime; featured_table_header_text_color=\u00a0\u00bb#e09900&Prime; header_background_color=\u00a0\u00bb#e06100&Prime; bullet_color=\u00a0\u00bb#ffaa00&Prime; featured_table_bullet_color=\u00a0\u00bbrgba(0,0,0,0)\u00a0\u00bb center_list_items=\u00a0\u00bbon\u00a0\u00bb _builder_version=\u00a0\u00bb3.20.1&Prime; header_font=\u00a0\u00bb||||||||\u00a0\u00bb body_font=\u00a0\u00bb||||||||\u00a0\u00bb body_text_align=\u00a0\u00bbleft\u00a0\u00bb subheader_font=\u00a0\u00bb||||||||\u00a0\u00bb currency_frequency_font=\u00a0\u00bb||||||||\u00a0\u00bb price_font=\u00a0\u00bb||||||||\u00a0\u00bb custom_margin=\u00a0\u00bb0px||\u00a0\u00bb header_font_size=\u00a0\u00bb22px\u00a0\u00bb][et_pb_pricing_table title=\u00a0\u00bbType d&rsquo;exercices\u00a0\u00bb _builder_version=\u00a0\u00bb3.20.1&Prime; currency_frequency_font=\u00a0\u00bb||||||||\u00a0\u00bb]\u00c9chauffement libre sur les objets<\/p>\n<p>Apprentissage d&rsquo;un objet d&rsquo;adresse ou d&rsquo;\u00e9quilibre<\/p>\n<p>Rotation courte sur plusieurs ateliers (4 ou 5).<\/p>\n<p>Perfectionnement autour d&rsquo;un objet<\/p>\n<p>Travail de mise en sc\u00e8ne<\/p>\n<p>Travail de jeux de sc\u00e8ne[\/et_pb_pricing_table][et_pb_pricing_table title=\u00a0\u00bbCe que cela leurs apporte\u00a0\u00bb pricing_item_excluded_color=\u00a0\u00bb#000000&Prime; _builder_version=\u00a0\u00bb3.20.1&Prime; header_font=\u00a0\u00bb||||||||\u00a0\u00bb price_font=\u00a0\u00bb||||||||\u00a0\u00bb]<\/p>\n<p>Plaisir de d\u00e9couvrir l&rsquo;objet que l&rsquo;on aime, sp\u00e9cialisation de fa\u00e7on naturelle<\/p>\n<p>Travail en groupe sur le m\u00eame objet, d\u00e9couverte d&rsquo;un nouvel objet<\/p>\n<p>Concentration longue sur le m\u00eame objet, apprendre le plaisir de la r\u00e9p\u00e9tition par la r\u00e9ussite<\/p>\n<p>Savoir se positionner sur une sc\u00e8ne, se rendre compte que l&rsquo;on parle \u00e0 un public<\/p>\n<p>Savoir se positionner face \u00e0 un partenaire<\/p>\n<p>Int\u00e9grer les \u00e9l\u00e9ments de cirque dans les chor\u00e9graphies<\/p>\n<p>Apprendre \u00e0 parler \u00e0 un public<\/p>\n<p>[\/et_pb_pricing_table][\/et_pb_pricing_tables][et_pb_button button_url=\u00a0\u00bbhttps:\/\/www.lespucks.com\/index.php\/nous-contacter\/\u00a0\u00bb button_text=\u00a0\u00bbNous contacter \u00a0\u00bb button_alignment=\u00a0\u00bbcenter\u00a0\u00bb _builder_version=\u00a0\u00bb3.20.1&Prime; custom_button=\u00a0\u00bbon\u00a0\u00bb button_text_color=\u00a0\u00bbrgba(229,65,0,0.76)\u00a0\u00bb button_border_width=\u00a0\u00bb2px\u00a0\u00bb button_border_color=\u00a0\u00bbrgba(229,124,82,0.76)\u00a0\u00bb button_border_radius=\u00a0\u00bb9px\u00a0\u00bb button_letter_spacing=\u00a0\u00bb0px\u00a0\u00bb button_font=\u00a0\u00bbMontserrat||||||||\u00a0\u00bb button_icon=\u00a0\u00bb%%20%%\u00a0\u00bb button_icon_placement=\u00a0\u00bbleft\u00a0\u00bb custom_margin=\u00a0\u00bb53px||\u00a0\u00bb button_border_color__hover_enabled=\u00a0\u00bbon\u00a0\u00bb][\/et_pb_button][\/et_pb_column][\/et_pb_row][\/et_pb_section]<\/p>\n","protected":false},"excerpt":{"rendered":"<p>5 \u00e0 7 ans (grande section &#8211; cp) &nbsp; Apprentissage\u00a0: Nous mettons un point d\u2019honneur \u00e0 faire de l&rsquo;apprentissage un plaisir. Notre objectif est de faire comprendre aux enfants le bonheur que l\u2019on ressent \u00e0 travailler sur un objet technique pour enfin le ma\u00eetriser. \u00a0Les objets:\u00a0 &#8211; Adresse: balles, kiwido, diabolos, b\u00e2ton\u00a0du diable, cerceau, foulard, [&hellip;]<\/p>\n","protected":false},"author":1,"featured_media":0,"parent":0,"menu_order":0,"comment_status":"closed","ping_status":"closed","template":"","meta":{"_et_pb_use_builder":"on","_et_pb_old_content":"","_et_gb_content_width":"","footnotes":""},"class_list":["post-122","page","type-page","status-publish","hentry"],"aioseo_notices":[],"_links":{"self":[{"href":"https:\/\/www.lespucks.com\/index.php\/wp-json\/wp\/v2\/pages\/122","targetHints":{"allow":["GET"]}}],"collection":[{"href":"https:\/\/www.lespucks.com\/index.php\/wp-json\/wp\/v2\/pages"}],"about":[{"href":"https:\/\/www.lespucks.com\/index.php\/wp-json\/wp\/v2\/types\/page"}],"author":[{"embeddable":true,"href":"https:\/\/www.lespucks.com\/index.php\/wp-json\/wp\/v2\/users\/1"}],"replies":[{"embeddable":true,"href":"https:\/\/www.lespucks.com\/index.php\/wp-json\/wp\/v2\/comments?post=122"}],"version-history":[{"count":0,"href":"https:\/\/www.lespucks.com\/index.php\/wp-json\/wp\/v2\/pages\/122\/revisions"}],"wp:attachment":[{"href":"https:\/\/www.lespucks.com\/index.php\/wp-json\/wp\/v2\/media?parent=122"}],"curies":[{"name":"wp","href":"https:\/\/api.w.org\/{rel}","templated":true}]}}