{"id":12,"date":"2019-12-10T13:38:38","date_gmt":"2019-12-10T12:38:38","guid":{"rendered":"http:\/\/www.lespucks.com\/?page_id=12"},"modified":"2026-03-11T19:13:00","modified_gmt":"2026-03-11T18:13:00","slug":"les-cours-et-stages","status":"publish","type":"page","link":"https:\/\/www.lespucks.com\/index.php\/les-cours-et-stages\/","title":{"rendered":"Les cours et les stages"},"content":{"rendered":"<p>[et_pb_section fb_built=\u00a0\u00bb1&Prime; _builder_version=\u00a0\u00bb4.16&Prime; max_width_tablet=\u00a0\u00bb\u00a0\u00bb max_width_phone=\u00a0\u00bb100%\u00a0\u00bb max_width_last_edited=\u00a0\u00bbon|desktop\u00a0\u00bb custom_margin=\u00a0\u00bb0px|||\u00a0\u00bb custom_padding=\u00a0\u00bb54px|0px|54px|1px|false|false\u00a0\u00bb global_colors_info=\u00a0\u00bb{}\u00a0\u00bb][et_pb_row _builder_version=\u00a0\u00bb4.16&Prime; custom_margin=\u00a0\u00bb4px||-63px\u00a0\u00bb custom_padding=\u00a0\u00bb8px||0px\u00a0\u00bb animation_style=\u00a0\u00bbfade\u00a0\u00bb global_colors_info=\u00a0\u00bb{}\u00a0\u00bb][et_pb_column type=\u00a0\u00bb4_4&Prime; _builder_version=\u00a0\u00bb4.16&Prime; custom_padding=\u00a0\u00bb42px|||\u00a0\u00bb global_colors_info=\u00a0\u00bb{}\u00a0\u00bb custom_padding__hover=\u00a0\u00bb|||\u00a0\u00bb][et_pb_divider color=\u00a0\u00bbrgba(229,81,22,0.76)\u00a0\u00bb divider_weight=\u00a0\u00bb2px\u00a0\u00bb _builder_version=\u00a0\u00bb4.16&Prime; height=\u00a0\u00bb8px\u00a0\u00bb custom_margin=\u00a0\u00bb-82px||\u00a0\u00bb custom_margin_tablet=\u00a0\u00bb-55px||\u00a0\u00bb custom_margin_phone=\u00a0\u00bb-58px|||\u00a0\u00bb custom_margin_last_edited=\u00a0\u00bbon|desktop\u00a0\u00bb custom_padding=\u00a0\u00bb4px||0px\u00a0\u00bb global_colors_info=\u00a0\u00bb{}\u00a0\u00bb][\/et_pb_divider][et_pb_image src=\u00a0\u00bbhttps:\/\/www.lespucks.com\/wp-content\/uploads\/2020\/02\/images-lesPUCKS6-1.jpg\u00a0\u00bb url=\u00a0\u00bbhttps:\/\/www.qwanturank-gagnant.com\/index.html\u00a0\u00bb url_new_window=\u00a0\u00bbon\u00a0\u00bb align_tablet=\u00a0\u00bbcenter\u00a0\u00bb align_phone=\u00a0\u00bbcenter\u00a0\u00bb align_last_edited=\u00a0\u00bbon|desktop\u00a0\u00bb _builder_version=\u00a0\u00bb4.16&Prime; max_width=\u00a0\u00bb32%\u00a0\u00bb max_width_tablet=\u00a0\u00bb\u00a0\u00bb max_width_phone=\u00a0\u00bb100%\u00a0\u00bb max_width_last_edited=\u00a0\u00bbon|phone\u00a0\u00bb module_alignment=\u00a0\u00bbleft\u00a0\u00bb custom_margin=\u00a0\u00bb-77px||-3px|-23px\u00a0\u00bb custom_margin_tablet=\u00a0\u00bb-35px||-15px\u00a0\u00bb custom_margin_phone=\u00a0\u00bb|0px||0px\u00a0\u00bb custom_margin_last_edited=\u00a0\u00bbon|desktop\u00a0\u00bb custom_padding=\u00a0\u00bb|||0px\u00a0\u00bb custom_padding_tablet=\u00a0\u00bb\u00a0\u00bb custom_padding_phone=\u00a0\u00bb|||10px\u00a0\u00bb custom_padding_last_edited=\u00a0\u00bbon|phone\u00a0\u00bb global_colors_info=\u00a0\u00bb{}\u00a0\u00bb][\/et_pb_image][et_pb_text _builder_version=\u00a0\u00bb4.16&Prime; text_font=\u00a0\u00bb||||||||\u00a0\u00bb text_font_size=\u00a0\u00bb32px\u00a0\u00bb header_font=\u00a0\u00bb|600|||||||\u00a0\u00bb header_text_align=\u00a0\u00bbcenter\u00a0\u00bb header_font_size=\u00a0\u00bb35px\u00a0\u00bb header_letter_spacing=\u00a0\u00bb2px\u00a0\u00bb header_line_height=\u00a0\u00bb1.3em\u00a0\u00bb text_orientation=\u00a0\u00bbjustified\u00a0\u00bb custom_margin=\u00a0\u00bb-333px||-42px|296px\u00a0\u00bb custom_margin_tablet=\u00a0\u00bb-65px||19px|34px\u00a0\u00bb custom_margin_phone=\u00a0\u00bb49px|0px|105px|0px\u00a0\u00bb custom_margin_last_edited=\u00a0\u00bbon|phone\u00a0\u00bb custom_padding=\u00a0\u00bb0px|0px|20px|0px\u00a0\u00bb animation_style=\u00a0\u00bbfade\u00a0\u00bb text_font_size_tablet=\u00a0\u00bb\u00a0\u00bb text_font_size_phone=\u00a0\u00bb10px\u00a0\u00bb text_font_size_last_edited=\u00a0\u00bbon|phone\u00a0\u00bb global_colors_info=\u00a0\u00bb{}\u00a0\u00bb]<\/p>\n<h1 style=\"text-align: center;\"><span style=\"color: #666666;\">Les Cours et les Stages<\/span><\/h1>\n<h1><span style=\"color: #666666;\"><\/span><\/h1>\n<h5 style=\"text-align: center;\">Pour tous les ages, nous essayons d&rsquo;\u00e9largir nos apprentissages.<br \/> Nos artistes formateurs vont vous partager leurs connaissances \u00e0 travers des disciplines vari\u00e9es que peut offrir le cirque actuel.<\/h5>\n<h5 style=\"text-align: center;\">Comme la jonglerie, l&rsquo;\u00e9quilibre, les a\u00e9rien, le clown, la marionnette, la musique.<\/h5>\n<h5 style=\"text-align: center;\">Faites-vous plaisir et rejoignez nous.<\/h5>\n<p>[\/et_pb_text][et_pb_divider color=\u00a0\u00bbrgba(229,81,22,0.76)\u00a0\u00bb divider_weight=\u00a0\u00bb2px\u00a0\u00bb _builder_version=\u00a0\u00bb4.16&Prime; height=\u00a0\u00bb49px\u00a0\u00bb custom_margin=\u00a0\u00bb85px||\u00a0\u00bb custom_margin_tablet=\u00a0\u00bb||-4px\u00a0\u00bb custom_margin_phone=\u00a0\u00bb-58px||\u00a0\u00bb custom_margin_last_edited=\u00a0\u00bbon|desktop\u00a0\u00bb custom_padding=\u00a0\u00bb17px||0px\u00a0\u00bb global_colors_info=\u00a0\u00bb{}\u00a0\u00bb][\/et_pb_divider][\/et_pb_column][\/et_pb_row][et_pb_row column_structure=\u00a0\u00bb1_2,1_2&Prime; make_equal=\u00a0\u00bbon\u00a0\u00bb _builder_version=\u00a0\u00bb4.16&Prime; global_colors_info=\u00a0\u00bb{}\u00a0\u00bb][et_pb_column type=\u00a0\u00bb1_2&Prime; _builder_version=\u00a0\u00bb4.16&Prime; background_color=\u00a0\u00bbrgba(164,216,114,0.64)\u00a0\u00bb custom_padding=\u00a0\u00bb|||\u00a0\u00bb global_colors_info=\u00a0\u00bb{}\u00a0\u00bb custom_padding__hover=\u00a0\u00bb|||\u00a0\u00bb][et_pb_text _builder_version=\u00a0\u00bb4.16&Prime; text_font=\u00a0\u00bb||||||||\u00a0\u00bb header_font=\u00a0\u00bb||||||||\u00a0\u00bb custom_margin=\u00a0\u00bb11px||-19px\u00a0\u00bb custom_padding=\u00a0\u00bb18px||0px\u00a0\u00bb global_colors_info=\u00a0\u00bb{}\u00a0\u00bb]<\/p>\n<h3 style=\"text-align: center;\"><span style=\"color: #666666;\">Les Cours de cirque\u00a0<\/span><\/h3>\n<p>[\/et_pb_text][et_pb_divider color=\u00a0\u00bbrgba(229,81,22,0.76)\u00a0\u00bb divider_weight=\u00a0\u00bb2px\u00a0\u00bb _builder_version=\u00a0\u00bb4.16&Prime; height=\u00a0\u00bb49px\u00a0\u00bb custom_margin=\u00a0\u00bb35px|81px|-16px|81px\u00a0\u00bb global_colors_info=\u00a0\u00bb{}\u00a0\u00bb][\/et_pb_divider][et_pb_text _builder_version=\u00a0\u00bb4.16&Prime; text_font=\u00a0\u00bb||||||||\u00a0\u00bb text_font_size=\u00a0\u00bb17px\u00a0\u00bb header_font=\u00a0\u00bb||||||||\u00a0\u00bb custom_padding=\u00a0\u00bb0px|15px|15px|15px\u00a0\u00bb inline_fonts=\u00a0\u00bbGeorgia\u00a0\u00bb global_colors_info=\u00a0\u00bb{}\u00a0\u00bb]<\/p>\n<h2 style=\"text-align: center;\"><span style=\"font-size: medium;\"><strong><span style=\"color: #666666; font-family: Arial;\">De 5 \u00e0 7 ans<\/span><\/strong><\/span><\/h2>\n<h2 style=\"text-align: center;\"><span style=\"font-size: medium;\"><strong><span style=\"color: #666666; font-family: Arial;\">Les Mercredis de 14h00 \u00e0 15h15<br \/> Salle de Montarlot\u00a077250 Montarlot<\/span><\/strong><\/span><\/h2>\n<h3 style=\"text-align: justify;\"><span style=\"color: #666666; font-weight: normal; font-family: Arial; font-size: medium;\">Reprise des cours le 15 septembre\u00a0sous chapiteau: <\/span><\/h3>\n<h3 style=\"text-align: justify;\"><span style=\"color: #666666; font-weight: normal; font-family: Arial; font-size: medium;\">Chapiteau Imaginaire, 6 all\u00e9e de la c\u00e9ramique, route d&rsquo;Ecuelles,\u00a0 77250 Ecuelles<\/span><\/h3>\n<h3 style=\"text-align: center;\"><span style=\"color: #666666; font-weight: normal; font-family: Arial; font-size: medium;\">Tarif: 200 \u20ac l&rsquo;ann\u00e9e \/ 10 \u20ac d&rsquo;adh\u00e9sion<\/span><\/h3>\n<p style=\"text-align: center;\">\n<p>[\/et_pb_text][et_pb_button button_url=\u00a0\u00bbhttps:\/\/www.lespucks.com\/index.php\/122-2\/\u00a0\u00bb button_text=\u00a0\u00bbEn Savoir +\u00a0\u00bb button_alignment=\u00a0\u00bbcenter\u00a0\u00bb _builder_version=\u00a0\u00bb4.16&Prime; custom_button=\u00a0\u00bbon\u00a0\u00bb button_text_size=\u00a0\u00bb14px\u00a0\u00bb button_text_color=\u00a0\u00bbrgba(229,81,22,0.76)\u00a0\u00bb button_border_width=\u00a0\u00bb2px\u00a0\u00bb button_border_radius=\u00a0\u00bb7px\u00a0\u00bb button_font=\u00a0\u00bb||||||||\u00a0\u00bb button_icon=\u00a0\u00bb&#x35;||divi||400&Prime; button_icon_placement=\u00a0\u00bbleft\u00a0\u00bb custom_margin=\u00a0\u00bb-24px||0px|0px\u00a0\u00bb global_colors_info=\u00a0\u00bb{}\u00a0\u00bb][\/et_pb_button][et_pb_text _builder_version=\u00a0\u00bb4.16&Prime; custom_margin=\u00a0\u00bb23px||\u00a0\u00bb custom_padding=\u00a0\u00bb|15px|4px|15px\u00a0\u00bb link_option_url_new_window=\u00a0\u00bbon\u00a0\u00bb inline_fonts=\u00a0\u00bbGeorgia\u00a0\u00bb global_colors_info=\u00a0\u00bb{}\u00a0\u00bb]<\/p>\n<h2 style=\"text-align: center;\"><span style=\"font-size: medium;\"><strong><span style=\"color: #666666; font-family: Arial;\">De 8 \u00e0 10 ans <\/span><\/strong><\/span><\/h2>\n<h2 style=\"text-align: center;\"><span style=\"font-size: medium;\"><strong><span style=\"color: #666666; font-family: Arial;\">Les jeudis de 17h15 \u00e0 18h45<br \/> Salle de Montarlot\u00a077250 Montarlot<\/span><\/strong><\/span><\/h2>\n<h3 style=\"text-align: justify;\"><span style=\"color: #666666; font-weight: normal; font-family: Arial; font-size: medium;\">Reprise des cours le 16 septembre\u00a0sous chapiteau: <\/span><\/h3>\n<h3 style=\"text-align: justify;\"><span style=\"color: #666666; font-weight: normal; font-family: Arial; font-size: medium;\">Chapiteau Imaginaire, 6 all\u00e9e de la c\u00e9ramique, route d&rsquo;Ecuelles,\u00a0 77250 Ecuelles<\/span><\/h3>\n<h3 style=\"text-align: center;\"><span style=\"color: #666666; font-weight: normal; font-family: Arial; font-size: medium;\">Tarif: 240 \u20ac l&rsquo;ann\u00e9e \/ 10 \u20ac d&rsquo;adh\u00e9sion<\/span><\/h3>\n<p style=\"text-align: center;\">\n<p>[\/et_pb_text][et_pb_button button_url=\u00a0\u00bbhttps:\/\/www.lespucks.com\/index.php\/6-a-10-ans-les-cours\/\u00a0\u00bb button_text=\u00a0\u00bbEn Savoir +\u00a0\u00bb button_alignment=\u00a0\u00bbcenter\u00a0\u00bb _builder_version=\u00a0\u00bb4.16&Prime; custom_button=\u00a0\u00bbon\u00a0\u00bb button_text_size=\u00a0\u00bb14px\u00a0\u00bb button_text_color=\u00a0\u00bbrgba(229,81,22,0.76)\u00a0\u00bb button_border_width=\u00a0\u00bb2px\u00a0\u00bb button_border_radius=\u00a0\u00bb7px\u00a0\u00bb button_font=\u00a0\u00bb||||||||\u00a0\u00bb button_icon=\u00a0\u00bb&#x35;||divi||400&Prime; button_icon_placement=\u00a0\u00bbleft\u00a0\u00bb custom_margin=\u00a0\u00bb0px||29px|0px\u00a0\u00bb global_colors_info=\u00a0\u00bb{}\u00a0\u00bb][\/et_pb_button][et_pb_text _builder_version=\u00a0\u00bb4.16&Prime; global_colors_info=\u00a0\u00bb{}\u00a0\u00bb]<\/p>\n<h2 style=\"text-align: center;\"><span style=\"font-size: medium;\"><strong><span style=\"color: #666666; font-family: Arial;\">De 10 \u00e0 13 ans + confirm\u00e9<\/span><\/strong><\/span><\/h2>\n<h2 style=\"text-align: center;\"><span style=\"font-size: medium;\"><strong><span style=\"color: #666666; font-family: Arial;\">Les Mercredis de 15h15 \u00e0 16h45<br \/> Salle de Montarlot\u00a077250 Montarlot<\/span><\/strong><\/span><\/h2>\n<h3 style=\"text-align: justify;\"><span style=\"color: #666666; font-weight: normal; font-family: Arial; font-size: medium;\">\u00a0 \u00a0Reprise des cours le 15 septembre\u00a0sous chapiteau: <\/span><\/h3>\n<h3 style=\"text-align: justify;\"><span style=\"color: #666666; font-weight: normal; font-family: Arial; font-size: medium;\">\u00a0Chapiteau Imaginaire, 6 all\u00e9e de la c\u00e9ramique, route d&rsquo;Ecuelles,\u00a0 \u00a0 \u00a0 \u00a0 \u00a0 \u00a077250 Ecuelles<\/span><\/h3>\n<h3 style=\"text-align: center;\"><span style=\"color: #666666; font-weight: normal; font-family: Arial; font-size: medium;\">Tarif: 240 \u20ac l&rsquo;ann\u00e9e \/ 10 \u20ac d&rsquo;adh\u00e9sion<\/span><span style=\"font-size: 14px; text-align: left; color: #666666;\">\u00a0<\/span><\/h3>\n<p>[\/et_pb_text][et_pb_button button_url=\u00a0\u00bbhttps:\/\/www.lespucks.com\/index.php\/6-a-10-ans-les-cours\/\u00a0\u00bb button_text=\u00a0\u00bbEn Savoir +\u00a0\u00bb button_alignment=\u00a0\u00bbcenter\u00a0\u00bb _builder_version=\u00a0\u00bb4.16&Prime; custom_button=\u00a0\u00bbon\u00a0\u00bb button_text_size=\u00a0\u00bb14px\u00a0\u00bb button_text_color=\u00a0\u00bbrgba(229,81,22,0.76)\u00a0\u00bb button_border_width=\u00a0\u00bb2px\u00a0\u00bb button_border_radius=\u00a0\u00bb7px\u00a0\u00bb button_font=\u00a0\u00bb||||||||\u00a0\u00bb button_icon=\u00a0\u00bb&#x35;||divi||400&Prime; button_icon_placement=\u00a0\u00bbleft\u00a0\u00bb custom_margin=\u00a0\u00bb0px||0px|0px\u00a0\u00bb global_colors_info=\u00a0\u00bb{}\u00a0\u00bb][\/et_pb_button][et_pb_text _builder_version=\u00a0\u00bb4.16&Prime; custom_margin=\u00a0\u00bb23px||\u00a0\u00bb custom_padding=\u00a0\u00bb|15px|4px|15px\u00a0\u00bb link_option_url_new_window=\u00a0\u00bbon\u00a0\u00bb inline_fonts=\u00a0\u00bbGeorgia\u00a0\u00bb global_colors_info=\u00a0\u00bb{}\u00a0\u00bb]<\/p>\n<h2 style=\"text-align: center;\"><span style=\"font-size: medium;\"><strong><span style=\"color: #666666; font-family: Arial;\">Les Adultes<br \/><\/span><\/strong><\/span><\/h2>\n<h2 style=\"text-align: center;\"><span style=\"font-size: medium;\"><strong><span style=\"color: #666666; font-family: Arial;\">Les Lundis et jeudi de 19h00 \u00e0 20h30<br \/> Salle de Montarlot\u00a077250 Montarlot<\/span><\/strong><\/span><\/h2>\n<h3 style=\"text-align: justify;\"><span style=\"color: #666666; font-weight: normal; font-family: Arial; font-size: medium;\">Reprise des ateliers le 19 septembre\u00a0sous chapiteau: <\/span><\/h3>\n<h3 style=\"text-align: justify;\"><span style=\"color: #666666; font-weight: normal; font-family: Arial; font-size: medium;\">Chapiteau Imaginaire, 6 all\u00e9e de la c\u00e9ramique, route d&rsquo;Ecuelles,\u00a0 77250 Ecuelles<\/span><\/h3>\n<h3 style=\"text-align: center;\"><span style=\"color: #666666; font-weight: normal; font-family: Arial; font-size: medium;\">Tarif: 80 \u20ac l&rsquo;ann\u00e9e \/ 10 \u20ac d&rsquo;adh\u00e9sion<\/span><\/h3>\n<p style=\"text-align: center;\">\n<p>[\/et_pb_text][et_pb_button button_url=\u00a0\u00bbhttps:\/\/www.lespucks.com\/index.php\/cours-adultes\/%20&Prime; button_text=\u00a0\u00bbEn Savoir +\u00a0\u00bb button_alignment=\u00a0\u00bbcenter\u00a0\u00bb _builder_version=\u00a0\u00bb4.16&Prime; custom_button=\u00a0\u00bbon\u00a0\u00bb button_text_size=\u00a0\u00bb14px\u00a0\u00bb button_text_color=\u00a0\u00bbrgba(229,81,22,0.76)\u00a0\u00bb button_border_width=\u00a0\u00bb2px\u00a0\u00bb button_border_radius=\u00a0\u00bb7px\u00a0\u00bb button_font=\u00a0\u00bb||||||||\u00a0\u00bb button_icon=\u00a0\u00bb&#x35;||divi||400&Prime; button_icon_placement=\u00a0\u00bbleft\u00a0\u00bb custom_margin=\u00a0\u00bb0px||0px|0px\u00a0\u00bb global_colors_info=\u00a0\u00bb{}\u00a0\u00bb][\/et_pb_button][et_pb_text _builder_version=\u00a0\u00bb4.16&Prime; custom_margin=\u00a0\u00bb23px||\u00a0\u00bb custom_padding=\u00a0\u00bb||4px\u00a0\u00bb link_option_url_new_window=\u00a0\u00bbon\u00a0\u00bb inline_fonts=\u00a0\u00bbGeorgia\u00a0\u00bb global_colors_info=\u00a0\u00bb{}\u00a0\u00bb]<\/p>\n<h3 style=\"text-align: center;\"><span style=\"color: #666666; font-weight: normal; font-family: Arial; font-size: medium;\"><\/span><\/h3>\n<p style=\"text-align: center;\">\n<p>[\/et_pb_text][\/et_pb_column][et_pb_column type=\u00a0\u00bb1_2&Prime; _builder_version=\u00a0\u00bb4.16&Prime; background_color=\u00a0\u00bbrgba(224,111,105,0.39)\u00a0\u00bb custom_padding=\u00a0\u00bb|||\u00a0\u00bb global_colors_info=\u00a0\u00bb{}\u00a0\u00bb custom_padding__hover=\u00a0\u00bb|||\u00a0\u00bb][et_pb_text _builder_version=\u00a0\u00bb4.27.5&Prime; text_font=\u00a0\u00bb||||||||\u00a0\u00bb header_font=\u00a0\u00bb||||||||\u00a0\u00bb custom_margin=\u00a0\u00bb21px||-47px\u00a0\u00bb custom_padding=\u00a0\u00bb||0px\u00a0\u00bb global_colors_info=\u00a0\u00bb{}\u00a0\u00bb]<\/p>\n<h3 style=\"text-align: center;\"><span style=\"color: #666666;\"><\/span><\/h3>\n<h3 style=\"text-align: center;\"><span style=\"color: #666666;\">Les Stages 2026<\/span><\/h3>\n<h4 style=\"text-align: center;\"><span style=\"color: #666666;\">\u00a0<\/span><\/h4>\n<p>[\/et_pb_text][et_pb_divider color=\u00a0\u00bbrgba(229,81,22,0.76)\u00a0\u00bb divider_weight=\u00a0\u00bb2px\u00a0\u00bb _builder_version=\u00a0\u00bb4.16&Prime; height=\u00a0\u00bb49px\u00a0\u00bb custom_margin=\u00a0\u00bb35px|81px||81px\u00a0\u00bb global_colors_info=\u00a0\u00bb{}\u00a0\u00bb][\/et_pb_divider][et_pb_text _builder_version=\u00a0\u00bb4.27.5&Prime; text_font=\u00a0\u00bb||||||||\u00a0\u00bb text_font_size=\u00a0\u00bb17px\u00a0\u00bb header_font=\u00a0\u00bb||||||||\u00a0\u00bb custom_margin=\u00a0\u00bb-31px||\u00a0\u00bb custom_padding=\u00a0\u00bb0px||15px\u00a0\u00bb inline_fonts=\u00a0\u00bbGeorgia\u00a0\u00bb global_colors_info=\u00a0\u00bb{}\u00a0\u00bb]<\/p>\n<h6 style=\"text-align: center;\"><span style=\"font-size: medium;\"><strong><span style=\"color: #666666; font-family: Arial;\">Stages avril 2026<\/span><\/strong><\/span><\/h6>\n<h2 style=\"text-align: center;\"><span color=\"#666666\" face=\"Arial\" size=\"3\" style=\"color: #666666; font-family: Arial; font-size: medium;\">\u00d4 Chapiteau<\/span><\/h2>\n<p style=\"text-align: center;\"><span style=\"font-size: medium;\"><span style=\"color: #666666; font-family: Arial;\">(Enfants cirque et adulte clown)<\/span><\/span><\/p>\n<p style=\"text-align: center;\">[\/et_pb_text][et_pb_button button_url=\u00a0\u00bbhttps:\/\/www.lespucks.com\/wp-content\/uploads\/2026\/03\/stage-printemps-pour-web-p-12.jpg\u00a0\u00bb url_new_window=\u00a0\u00bbon\u00a0\u00bb button_text=\u00a0\u00bbVoir le programme des stages\u00a0\u00bb button_alignment=\u00a0\u00bbcenter\u00a0\u00bb _builder_version=\u00a0\u00bb4.27.5&Prime; custom_button=\u00a0\u00bbon\u00a0\u00bb button_text_color=\u00a0\u00bbrgba(0,0,0,0.69)\u00a0\u00bb button_bg_color=\u00a0\u00bbrgba(224,122,116,0.88)\u00a0\u00bb button_border_width=\u00a0\u00bb5px\u00a0\u00bb button_border_color=\u00a0\u00bbrgba(0,0,0,0.48)\u00a0\u00bb button_border_radius=\u00a0\u00bb0px\u00a0\u00bb button_letter_spacing=\u00a0\u00bb0px\u00a0\u00bb button_font=\u00a0\u00bb||||||||\u00a0\u00bb custom_margin=\u00a0\u00bb-31px||51px\u00a0\u00bb custom_padding=\u00a0\u00bb||\u00a0\u00bb hover_enabled=\u00a0\u00bb0&Prime; saved_tabs=\u00a0\u00bball\u00a0\u00bb global_colors_info=\u00a0\u00bb{}\u00a0\u00bb sticky_enabled=\u00a0\u00bb0&Prime;][\/et_pb_button][et_pb_button button_url=\u00a0\u00bbhttps:\/\/www.lespucks.com\/index.php\/les-stages-2024\/%20&Prime; button_text=\u00a0\u00bbEn Savoir +\u00a0\u00bb button_alignment=\u00a0\u00bbcenter\u00a0\u00bb _builder_version=\u00a0\u00bb4.16&Prime; custom_button=\u00a0\u00bbon\u00a0\u00bb button_text_size=\u00a0\u00bb14px\u00a0\u00bb button_text_color=\u00a0\u00bbrgba(229,81,22,0.76)\u00a0\u00bb button_border_width=\u00a0\u00bb2px\u00a0\u00bb button_border_radius=\u00a0\u00bb7px\u00a0\u00bb button_font=\u00a0\u00bb||||||||\u00a0\u00bb button_icon=\u00a0\u00bb&#x35;||divi||400&Prime; button_icon_placement=\u00a0\u00bbleft\u00a0\u00bb custom_margin=\u00a0\u00bb-24px||0px|0px\u00a0\u00bb global_colors_info=\u00a0\u00bb{}\u00a0\u00bb][\/et_pb_button][et_pb_text _builder_version=\u00a0\u00bb4.27.5&Prime; text_font=\u00a0\u00bb||||||||\u00a0\u00bb text_font_size=\u00a0\u00bb15px\u00a0\u00bb header_font=\u00a0\u00bb||||||||\u00a0\u00bb custom_margin=\u00a0\u00bb36px|10px|1px|10px\u00a0\u00bb custom_padding=\u00a0\u00bb0px||47px\u00a0\u00bb inline_fonts=\u00a0\u00bbGeorgia\u00a0\u00bb global_colors_info=\u00a0\u00bb{}\u00a0\u00bb]<\/p>\n<p style=\"text-align: center;\"><span style=\"font-size: medium;\"><strong><span style=\"color: #666666; font-family: Arial;\">S T A G E S\u00a0 \u00a0C L O W N <\/span><\/strong><\/span><\/p>\n<p style=\"text-align: center;\"><span style=\"font-size: medium;\"><strong><span style=\"color: #666666; font-family: Arial;\">Adultes (tous niveaux)<\/span><\/strong><\/span><span style=\"font-size: medium;\"><strong><span style=\"color: #666666; font-family: Arial;\"><\/span><\/strong><\/span><\/p>\n<p style=\"text-align: center;\"><span style=\"font-size: medium;\"><strong><span style=\"color: #666666; font-family: Arial;\">Sous chapiteau, 6 all\u00e9e de la c\u00e9ramique, 77250 Ecuelles<br \/><\/span><\/strong><\/span><\/p>\n<p style=\"text-align: center;\"><span style=\"font-size: medium;\"><strong><span style=\"color: #666666; font-family: Arial;\">Infos et r\u00e9servation : gadam.clown@gmail.com<\/span><\/strong><\/span><\/p>\n<p>[\/et_pb_text][et_pb_image src=\u00a0\u00bbhttps:\/\/www.lespucks.com\/wp-content\/uploads\/2026\/02\/1.png\u00a0\u00bb title_text=\u00a0\u00bb1&Prime; url=\u00a0\u00bbhttps:\/\/www.lespucks.com\/index.php\/stages-decouverte-clown-adultes-tous-niveaux\/\u00a0\u00bb align_tablet=\u00a0\u00bbcenter\u00a0\u00bb align_phone=\u00a0\u00bbcenter\u00a0\u00bb align_last_edited=\u00a0\u00bbon|desktop\u00a0\u00bb _builder_version=\u00a0\u00bb4.27.5&Prime; max_width=\u00a0\u00bb40%\u00a0\u00bb module_alignment=\u00a0\u00bbcenter\u00a0\u00bb custom_margin=\u00a0\u00bb-37px|||||\u00a0\u00bb border_width_all=\u00a0\u00bb2px\u00a0\u00bb border_color_all=\u00a0\u00bbrgba(224,68,60,0.78)\u00a0\u00bb locked=\u00a0\u00bboff\u00a0\u00bb global_colors_info=\u00a0\u00bb{}\u00a0\u00bb]<\/p>\n<p style=\"text-align: center;\"><span style=\"font-size: medium;\"><strong><span style=\"color: #666666; font-family: Arial;\">STAGES DECOUVERTE CLOWN <\/span><\/strong><\/span><\/p>\n<h2 style=\"text-align: center;\"><span style=\"font-size: medium;\"><strong><span style=\"color: #666666; font-family: Arial;\">ADULTES TOUS NIVEAUX<br \/> <\/span><\/strong><\/span><\/h2>\n<p><span style=\"font-size: medium;\"><strong><span style=\"color: #666666; font-family: Arial;\"><\/span><\/strong><\/span><\/p>\n<p style=\"padding-left: 30px;\"><span style=\"font-size: medium;\"><strong><span style=\"color: #666666; font-family: Arial;\">4 et 5 mai : l&rsquo;\u00e9motion du clown <\/span><\/strong><\/span><\/p>\n<p style=\"padding-left: 30px;\"><span style=\"font-size: medium;\"><strong><span style=\"color: #666666; font-family: Arial;\">1 et 2 juin : le corps du clown<\/span><\/strong><\/span><\/p>\n<p style=\"padding-left: 30px;\"><span style=\"font-size: medium;\"><strong><span style=\"color: #666666; font-family: Arial;\">28 et 29 juin : la voix du clown<\/span><\/strong><\/span><\/p>\n<p style=\"padding-left: 30px;\"><span style=\"font-size: medium;\"><strong><span style=\"color: #666666; font-family: Arial;\">13 et 14 juillet : l&rsquo;imaginaire du clown<\/span><\/strong><\/span><\/p>\n<p style=\"text-align: center;\"><span style=\"font-size: medium;\"><strong><span style=\"color: #666666; font-family: Arial;\">Sous chapiteau, 6 all\u00e9e de la c\u00e9ramique, 77250 Ecuelles<br \/> <\/span><\/strong><\/span><\/p>\n<p style=\"text-align: center;\"><span style=\"font-size: medium;\"><strong><span style=\"color: #666666; font-family: Arial;\">Infos et r\u00e9servation : gadam.clown@gmail.com<\/span><\/strong><\/span><\/p>\n<p style=\"text-align: justify;\">\n<p>[\/et_pb_image][et_pb_button button_url=\u00a0\u00bbhttps:\/\/www.lespucks.com\/index.php\/stages-decouverte-clown-adultes-tous-niveaux\/\u00a0\u00bb button_text=\u00a0\u00bbEn Savoir +\u00a0\u00bb button_alignment=\u00a0\u00bbcenter\u00a0\u00bb _builder_version=\u00a0\u00bb4.27.5&Prime; custom_button=\u00a0\u00bbon\u00a0\u00bb button_text_size=\u00a0\u00bb14px\u00a0\u00bb button_text_color=\u00a0\u00bbrgba(229,81,22,0.76)\u00a0\u00bb button_border_width=\u00a0\u00bb2px\u00a0\u00bb button_border_radius=\u00a0\u00bb7px\u00a0\u00bb button_font=\u00a0\u00bb||||||||\u00a0\u00bb button_icon=\u00a0\u00bb&#x35;||divi||400&Prime; button_icon_placement=\u00a0\u00bbleft\u00a0\u00bb custom_margin=\u00a0\u00bb-24px||0px|0px\u00a0\u00bb custom_padding=\u00a0\u00bb3px|||||\u00a0\u00bb global_colors_info=\u00a0\u00bb{}\u00a0\u00bb][\/et_pb_button][\/et_pb_column][\/et_pb_row][\/et_pb_section]<\/p>\n","protected":false},"excerpt":{"rendered":"<p>Les Cours et les Stages Pour tous les ages, nous essayons d&rsquo;\u00e9largir nos apprentissages. Nos artistes formateurs vont vous partager leurs connaissances \u00e0 travers des disciplines vari\u00e9es que peut offrir le cirque actuel. Comme la jonglerie, l&rsquo;\u00e9quilibre, les a\u00e9rien, le clown, la marionnette, la musique. Faites-vous plaisir et rejoignez nous.Les Cours de cirque\u00a0De 5 \u00e0 [&hellip;]<\/p>\n","protected":false},"author":1,"featured_media":0,"parent":0,"menu_order":0,"comment_status":"closed","ping_status":"closed","template":"","meta":{"_et_pb_use_builder":"on","_et_pb_old_content":"","_et_gb_content_width":"","footnotes":""},"class_list":["post-12","page","type-page","status-publish","hentry"],"aioseo_notices":[],"_links":{"self":[{"href":"https:\/\/www.lespucks.com\/index.php\/wp-json\/wp\/v2\/pages\/12","targetHints":{"allow":["GET"]}}],"collection":[{"href":"https:\/\/www.lespucks.com\/index.php\/wp-json\/wp\/v2\/pages"}],"about":[{"href":"https:\/\/www.lespucks.com\/index.php\/wp-json\/wp\/v2\/types\/page"}],"author":[{"embeddable":true,"href":"https:\/\/www.lespucks.com\/index.php\/wp-json\/wp\/v2\/users\/1"}],"replies":[{"embeddable":true,"href":"https:\/\/www.lespucks.com\/index.php\/wp-json\/wp\/v2\/comments?post=12"}],"version-history":[{"count":28,"href":"https:\/\/www.lespucks.com\/index.php\/wp-json\/wp\/v2\/pages\/12\/revisions"}],"predecessor-version":[{"id":4077,"href":"https:\/\/www.lespucks.com\/index.php\/wp-json\/wp\/v2\/pages\/12\/revisions\/4077"}],"wp:attachment":[{"href":"https:\/\/www.lespucks.com\/index.php\/wp-json\/wp\/v2\/media?parent=12"}],"curies":[{"name":"wp","href":"https:\/\/api.w.org\/{rel}","templated":true}]}}